{"id":960,"date":"2020-03-05T12:07:35","date_gmt":"2020-03-05T11:07:35","guid":{"rendered":"https:\/\/agora.xtec.cat\/esctorresamat\/?page_id=960"},"modified":"2023-07-20T12:56:27","modified_gmt":"2023-07-20T10:56:27","slug":"faltes-dassistencia","status":"publish","type":"page","link":"https:\/\/agora.xtec.cat\/esctorresamat\/faltes-dassistencia\/","title":{"rendered":"FALTES D&#8217;ASSIST\u00c8NCIA"},"content":{"rendered":"<p>Quan hagueu de comunicar una abs\u00e8ncia, el m\u00e9s recomanable \u00e9s que truqueu envieu un mail a la mestra tutora o b\u00e9 que truqueu al tel\u00e8fon de l&#8217;escola.<\/p>\n<h4>93 837 05 44<\/h4>\n","protected":false},"excerpt":{"rendered":"<p>Quan hagueu de comunicar una abs\u00e8ncia, el m\u00e9s recomanable \u00e9s que truqueu envieu un mail a la mestra tutora o b\u00e9 que truqueu al tel\u00e8fon de l&#8217;escola.<br \/>\n93 837 05 44<\/p>\n","protected":false},"author":1,"featured_media":0,"parent":0,"menu_order":0,"comment_status":"closed","ping_status":"closed","template":"","meta":{"_bbp_topic_count":0,"_bbp_reply_count":0,"_bbp_total_topic_count":0,"_bbp_total_reply_count":0,"_bbp_voice_count":0,"_bbp_anonymous_reply_count":0,"_bbp_topic_count_hidden":0,"_bbp_reply_count_hidden":0,"_bbp_forum_subforum_count":0,"footnotes":""},"class_list":["post-960","page","type-page","status-publish","hentry"],"post_mailing_queue_ids":[],"_links":{"self":[{"href":"https:\/\/agora.xtec.cat\/esctorresamat\/wp-json\/wp\/v2\/pages\/960","targetHints":{"allow":["GET"]}}],"collection":[{"href":"https:\/\/agora.xtec.cat\/esctorresamat\/wp-json\/wp\/v2\/pages"}],"about":[{"href":"https:\/\/agora.xtec.cat\/esctorresamat\/wp-json\/wp\/v2\/types\/page"}],"author":[{"embeddable":true,"href":"https:\/\/agora.xtec.cat\/esctorresamat\/wp-json\/wp\/v2\/users\/1"}],"replies":[{"embeddable":true,"href":"https:\/\/agora.xtec.cat\/esctorresamat\/wp-json\/wp\/v2\/comments?post=960"}],"version-history":[{"count":4,"href":"https:\/\/agora.xtec.cat\/esctorresamat\/wp-json\/wp\/v2\/pages\/960\/revisions"}],"predecessor-version":[{"id":3690,"href":"https:\/\/agora.xtec.cat\/esctorresamat\/wp-json\/wp\/v2\/pages\/960\/revisions\/3690"}],"wp:attachment":[{"href":"https:\/\/agora.xtec.cat\/esctorresamat\/wp-json\/wp\/v2\/media?parent=960"}],"curies":[{"name":"wp","href":"https:\/\/api.w.org\/{rel}","templated":true}]}}