{"id":80,"date":"2014-09-18T14:09:48","date_gmt":"2014-09-18T13:09:48","guid":{"rendered":"http:\/\/agora.xtec.cat\/esctorresamat\/?page_id=80"},"modified":"2023-07-12T12:41:39","modified_gmt":"2023-07-12T10:41:39","slug":"transport-escolar","status":"publish","type":"page","link":"https:\/\/agora.xtec.cat\/esctorresamat\/serveis\/transport-escolar\/","title":{"rendered":"Transport Escolar"},"content":{"rendered":"<p><strong>SERVEI DE TRANSPORT<\/strong><\/p>\n<p><span style=\"font-weight: 400;\">El Consell Comarcal del Bages posa aquest servei d\u2019autocar durant tot el curs escolar per anar i tornar de casa a l\u2019escola. El servei es realitzar\u00e0 2 cops al dia, un al mat\u00ed per entrar a les <strong>9:00<\/strong> i l\u2019altre a les <strong>16:30<\/strong>\u00a0h de la tarda per retornar els nens a casa.<\/span><\/p>\n<p><span style=\"font-weight: 400;\">Les parades s\u00f3n les seg\u00fcents: La Butjosa, carrer Balmes, Estaci\u00f3, Pla\u00e7a Catalunya, Envelat ,Camp de futbol,\u00a0 Verge de Fussimanya i Escoles. Els alumnes van acompanyats per un adult que els portar\u00e0 fins a l\u2019escola.<\/span><\/p>\n<p><span style=\"font-weight: 400;\">M\u00e9s informaci\u00f3 i inscripcions del servei de transport a Consell Comarcal del Bages.\u00a0<\/span><\/p>\n","protected":false},"excerpt":{"rendered":"<p>SERVEI DE TRANSPORT<br \/>\nEl Consell Comarcal del Bages posa aquest servei d\u2019autocar durant tot el curs escolar per anar i tornar de casa a l\u2019escola. El servei es realitzar\u00e0 2 cops al dia, un al mat\u00ed per entrar a les 9:00 i l\u2019altre a les 16:30\u00a0h&hellip;  <a href=\"https:\/\/agora.xtec.cat\/esctorresamat\/serveis\/transport-escolar\/\" title=\"Read Transport Escolar\">Llegeix m\u00e9s\u00bb<\/a><\/p>\n","protected":false},"author":1,"featured_media":0,"parent":66,"menu_order":40,"comment_status":"closed","ping_status":"closed","template":"page-templates\/side-menu.php","meta":{"_bbp_topic_count":0,"_bbp_reply_count":0,"_bbp_total_topic_count":0,"_bbp_total_reply_count":0,"_bbp_voice_count":0,"_bbp_anonymous_reply_count":0,"_bbp_topic_count_hidden":0,"_bbp_reply_count_hidden":0,"_bbp_forum_subforum_count":0,"footnotes":""},"class_list":["post-80","page","type-page","status-publish","hentry"],"post_mailing_queue_ids":[],"_links":{"self":[{"href":"https:\/\/agora.xtec.cat\/esctorresamat\/wp-json\/wp\/v2\/pages\/80","targetHints":{"allow":["GET"]}}],"collection":[{"href":"https:\/\/agora.xtec.cat\/esctorresamat\/wp-json\/wp\/v2\/pages"}],"about":[{"href":"https:\/\/agora.xtec.cat\/esctorresamat\/wp-json\/wp\/v2\/types\/page"}],"author":[{"embeddable":true,"href":"https:\/\/agora.xtec.cat\/esctorresamat\/wp-json\/wp\/v2\/users\/1"}],"replies":[{"embeddable":true,"href":"https:\/\/agora.xtec.cat\/esctorresamat\/wp-json\/wp\/v2\/comments?post=80"}],"version-history":[{"count":3,"href":"https:\/\/agora.xtec.cat\/esctorresamat\/wp-json\/wp\/v2\/pages\/80\/revisions"}],"predecessor-version":[{"id":3689,"href":"https:\/\/agora.xtec.cat\/esctorresamat\/wp-json\/wp\/v2\/pages\/80\/revisions\/3689"}],"up":[{"embeddable":true,"href":"https:\/\/agora.xtec.cat\/esctorresamat\/wp-json\/wp\/v2\/pages\/66"}],"wp:attachment":[{"href":"https:\/\/agora.xtec.cat\/esctorresamat\/wp-json\/wp\/v2\/media?parent=80"}],"curies":[{"name":"wp","href":"https:\/\/api.w.org\/{rel}","templated":true}]}}