{"id":71,"date":"2014-09-18T12:44:56","date_gmt":"2014-09-18T11:44:56","guid":{"rendered":"http:\/\/agora.xtec.cat\/esctorresamat\/?page_id=71"},"modified":"2022-06-27T13:58:34","modified_gmt":"2022-06-27T11:58:34","slug":"serveis-digitals","status":"publish","type":"page","link":"https:\/\/agora.xtec.cat\/esctorresamat\/serveis\/serveis-digitals\/","title":{"rendered":"Serveis digitals"},"content":{"rendered":"<p>&nbsp;<\/p>\n<p>L&#8217;oferta de <strong>serveis\u00a0digitals<\/strong>\u00a0constitueix un element\u00a0molt important de l&#8217;engranatge d&#8217;un centre educatiu.<\/p>\n<p>La nostra p\u00e0gina web s\u2019ha elaborat amb el servei \u00e0gora ofert pel Departament. Aix\u00ed doncs, el nostre centre forma part des del curs 19-20, de la <b>xarxa Nodes.\u00a0<\/b>Aquest servei es utilitzat, actualment, per molts centres educatius de tot Catalunya.<\/p>\n<p>Des del 2012, disposem d\u2019un blog d\u2019angl\u00e8s utilitzat pels nostres alumnes i enlla\u00e7at a la nostra actual web.<\/p>\n<p>Tamb\u00e9 disposem del servei<b> G suite for\u00a0educacion, <\/b>que es un paquet d\u2019eines (Drive, Google docs, PowerPoint, Excel&#8230;) ofert per Google i dissenyat per permetre que mestres i alumnes innovin i aprenguin junts.<\/p>\n<p>La\u00a0nostra escola, des del curs 19-20, utilitza el servei <b>TPVEscola<\/b> que es el sistema m\u00e9s innovador per gestionar els pagaments escolars i est\u00e0 dissenyat per facilitar la gesti\u00f3 del control dels pagaments i comunicacions amb les fam\u00edlies.<\/p>\n<p>&nbsp;<\/p>\n","protected":false},"excerpt":{"rendered":"<p>&nbsp;<br \/>\nL&#8217;oferta de serveis\u00a0digitals\u00a0constitueix un element\u00a0molt important de l&#8217;engranatge d&#8217;un centre educatiu.<br \/>\nLa nostra p\u00e0gina web s\u2019ha elaborat amb el servei \u00e0gora ofert pel Departament. Aix\u00ed doncs, el nostre centre forma part des del curs 19-20, de la xarxa Nodes.\u00a0Aquest servei es utilitzat, actualment, per molts centres&hellip;  <a href=\"https:\/\/agora.xtec.cat\/esctorresamat\/serveis\/serveis-digitals\/\" title=\"Read Serveis digitals\">Llegeix m\u00e9s\u00bb<\/a><\/p>\n","protected":false},"author":1,"featured_media":0,"parent":66,"menu_order":10,"comment_status":"closed","ping_status":"closed","template":"page-templates\/side-menu.php","meta":{"_bbp_topic_count":0,"_bbp_reply_count":0,"_bbp_total_topic_count":0,"_bbp_total_reply_count":0,"_bbp_voice_count":0,"_bbp_anonymous_reply_count":0,"_bbp_topic_count_hidden":0,"_bbp_reply_count_hidden":0,"_bbp_forum_subforum_count":0,"footnotes":""},"class_list":["post-71","page","type-page","status-publish","hentry"],"post_mailing_queue_ids":[],"_links":{"self":[{"href":"https:\/\/agora.xtec.cat\/esctorresamat\/wp-json\/wp\/v2\/pages\/71","targetHints":{"allow":["GET"]}}],"collection":[{"href":"https:\/\/agora.xtec.cat\/esctorresamat\/wp-json\/wp\/v2\/pages"}],"about":[{"href":"https:\/\/agora.xtec.cat\/esctorresamat\/wp-json\/wp\/v2\/types\/page"}],"author":[{"embeddable":true,"href":"https:\/\/agora.xtec.cat\/esctorresamat\/wp-json\/wp\/v2\/users\/1"}],"replies":[{"embeddable":true,"href":"https:\/\/agora.xtec.cat\/esctorresamat\/wp-json\/wp\/v2\/comments?post=71"}],"version-history":[{"count":5,"href":"https:\/\/agora.xtec.cat\/esctorresamat\/wp-json\/wp\/v2\/pages\/71\/revisions"}],"predecessor-version":[{"id":3074,"href":"https:\/\/agora.xtec.cat\/esctorresamat\/wp-json\/wp\/v2\/pages\/71\/revisions\/3074"}],"up":[{"embeddable":true,"href":"https:\/\/agora.xtec.cat\/esctorresamat\/wp-json\/wp\/v2\/pages\/66"}],"wp:attachment":[{"href":"https:\/\/agora.xtec.cat\/esctorresamat\/wp-json\/wp\/v2\/media?parent=71"}],"curies":[{"name":"wp","href":"https:\/\/api.w.org\/{rel}","templated":true}]}}