{"id":672,"date":"2019-12-02T17:28:01","date_gmt":"2019-12-02T16:28:01","guid":{"rendered":"https:\/\/agora.xtec.cat\/esctorresamat\/?page_id=672"},"modified":"2023-07-20T13:39:30","modified_gmt":"2023-07-20T11:39:30","slug":"consell-dinfants","status":"publish","type":"page","link":"https:\/\/agora.xtec.cat\/esctorresamat\/consell-dinfants\/","title":{"rendered":"Consell d&#8217;Infants"},"content":{"rendered":"<p>El Consell d&#8217;infants de Sallent es tracta d&#8217;un projecte de participaci\u00f3 adre\u00e7at a infants de Sallent i Cabrianes, d&#8217;entre 9 i 12 anys. Aquests infants s\u00f3n escollits de manera democr\u00e0tica pels seus companys de classe al principi de 5\u00e8.<\/p>\n<p>El Consell d&#8217;infants dep\u00e8n en aquests moments de la Regidoria d&#8217;Educaci\u00f3 de l&#8217;Ajuntament de Sallent i est\u00e0 coordinat amb la Regidoria de Participaci\u00f3 i l&#8217;\u00e0rea d&#8217;atenci\u00f3 a les persones.<\/p>\n<p>Actualment el consell consta de 13 consellers, 10 de Sallent i 3 de Cabrianes. La seva legislatura dura dos anys i cada curs escolar es renoven la meitat dels seus membres.<\/p>\n<p><em>Els objectius del projecte s\u00f3n:<\/em><\/p>\n<ul>\n<li>La participaci\u00f3 dels infants com a col\u2022lectiu amb veu i vot, dins de la vida del poble.<\/li>\n<li>Con\u00e8ixer els diferents punts de vista dels ciutadans del municipi, tenint molt en compte l&#8217;opini\u00f3 dels m\u00e9s menuts, per tal de pensar i dissenya una vila a mida de tothom.<\/li>\n<li>Formar persones capaces de viure i conviure en societat, fomentant la democr\u00e0cia, la toler\u00e0ncia i el respecte.<\/li>\n<\/ul>\n<p>&nbsp;<\/p>\n","protected":false},"excerpt":{"rendered":"<p>El Consell d&#8217;infants de Sallent es tracta d&#8217;un projecte de participaci\u00f3 adre\u00e7at a infants de Sallent i Cabrianes, d&#8217;entre 9 i 12 anys. Aquests infants s\u00f3n escollits de manera democr\u00e0tica pels seus companys de classe al principi de 5\u00e8.<br \/>\nEl Consell d&#8217;infants dep\u00e8n en aquests moments&hellip;  <a href=\"https:\/\/agora.xtec.cat\/esctorresamat\/consell-dinfants\/\" title=\"Read Consell d&#8217;Infants\">Llegeix m\u00e9s\u00bb<\/a><\/p>\n","protected":false},"author":1,"featured_media":0,"parent":0,"menu_order":0,"comment_status":"closed","ping_status":"closed","template":"","meta":{"_bbp_topic_count":0,"_bbp_reply_count":0,"_bbp_total_topic_count":0,"_bbp_total_reply_count":0,"_bbp_voice_count":0,"_bbp_anonymous_reply_count":0,"_bbp_topic_count_hidden":0,"_bbp_reply_count_hidden":0,"_bbp_forum_subforum_count":0,"footnotes":""},"class_list":["post-672","page","type-page","status-publish","hentry"],"post_mailing_queue_ids":[],"_links":{"self":[{"href":"https:\/\/agora.xtec.cat\/esctorresamat\/wp-json\/wp\/v2\/pages\/672","targetHints":{"allow":["GET"]}}],"collection":[{"href":"https:\/\/agora.xtec.cat\/esctorresamat\/wp-json\/wp\/v2\/pages"}],"about":[{"href":"https:\/\/agora.xtec.cat\/esctorresamat\/wp-json\/wp\/v2\/types\/page"}],"author":[{"embeddable":true,"href":"https:\/\/agora.xtec.cat\/esctorresamat\/wp-json\/wp\/v2\/users\/1"}],"replies":[{"embeddable":true,"href":"https:\/\/agora.xtec.cat\/esctorresamat\/wp-json\/wp\/v2\/comments?post=672"}],"version-history":[{"count":4,"href":"https:\/\/agora.xtec.cat\/esctorresamat\/wp-json\/wp\/v2\/pages\/672\/revisions"}],"predecessor-version":[{"id":3701,"href":"https:\/\/agora.xtec.cat\/esctorresamat\/wp-json\/wp\/v2\/pages\/672\/revisions\/3701"}],"wp:attachment":[{"href":"https:\/\/agora.xtec.cat\/esctorresamat\/wp-json\/wp\/v2\/media?parent=672"}],"curies":[{"name":"wp","href":"https:\/\/api.w.org\/{rel}","templated":true}]}}