{"id":668,"date":"2019-12-02T17:28:01","date_gmt":"2019-12-02T16:28:01","guid":{"rendered":"https:\/\/agora.xtec.cat\/esctorresamat\/?page_id=668"},"modified":"2024-10-23T13:30:21","modified_gmt":"2024-10-23T11:30:21","slug":"pla-catala-de-lesport","status":"publish","type":"page","link":"https:\/\/agora.xtec.cat\/esctorresamat\/pla-catala-de-lesport\/","title":{"rendered":"Pla Catal\u00e0 de l&#8217;Esport"},"content":{"rendered":"<h5><span style=\"color: #0000ff;\">Extraescolar migdia.\u00a0<\/span><\/h5>\n<p>Des del Pla catal\u00e0 de l&#8217;esport a l&#8217;escola organitzem una extraescolar al migdia de multi esports pels alumnes del menjador.<\/p>\n<p>Es realitza els dimecres amb l&#8217;objectiu es continuar promocionant l&#8217;activitat f\u00edsica-esportiva en el nostre centre.<\/p>\n<p>Cada dimecres li toca a un cicle diferent de l&#8217;escola . Adjuntem el calendari per planificar si voleu l&#8217;assist\u00e8ncia al menjador amb l&#8217;extraescolar.<\/p>\n<h5><a href=\"https:\/\/agora.xtec.cat\/esctorresamat\/wp-content\/uploads\/usu1297\/2024\/10\/extraescolar.png\"><img loading=\"lazy\" decoding=\"async\" class=\"alignleft wp-image-4567 size-full\" src=\"https:\/\/agora.xtec.cat\/esctorresamat\/wp-content\/uploads\/usu1297\/2024\/10\/extraescolar.png\" alt=\"\" width=\"1918\" height=\"1080\" srcset=\"https:\/\/agora.xtec.cat\/esctorresamat\/wp-content\/uploads\/usu1297\/2024\/10\/extraescolar.png 1918w, https:\/\/agora.xtec.cat\/esctorresamat\/wp-content\/uploads\/usu1297\/2024\/10\/extraescolar-300x169.png 300w, https:\/\/agora.xtec.cat\/esctorresamat\/wp-content\/uploads\/usu1297\/2024\/10\/extraescolar-1024x577.png 1024w, https:\/\/agora.xtec.cat\/esctorresamat\/wp-content\/uploads\/usu1297\/2024\/10\/extraescolar-768x432.png 768w, https:\/\/agora.xtec.cat\/esctorresamat\/wp-content\/uploads\/usu1297\/2024\/10\/extraescolar-1536x865.png 1536w\" sizes=\"auto, (max-width: 1918px) 100vw, 1918px\" \/><\/a><\/h5>\n<p>&nbsp;<\/p>\n<h5><a href=\"https:\/\/agora.xtec.cat\/esctorresamat\/wp-content\/uploads\/usu1297\/2022\/03\/horaris-i-voltes-1.png\">\u00a0 \u00a0 \u00a0 \u00a0 \u00a0 \u00a0 \u00a0\u00a0<\/a><\/h5>\n<div style=\"width: 1920px;\" class=\"wp-video\"><!--[if lt IE 9]><script>document.createElement('video');<\/script><![endif]-->\n<video class=\"wp-video-shortcode\" id=\"video-668-1\" width=\"1920\" height=\"1080\" preload=\"metadata\" controls=\"controls\"><source type=\"video\/mp4\" src=\"https:\/\/agora.xtec.cat\/esctorresamat\/wp-content\/uploads\/usu1297\/2022\/02\/PLA-CATALA-DE-LESPORT.mp4?_=1\" \/><a href=\"https:\/\/agora.xtec.cat\/esctorresamat\/wp-content\/uploads\/usu1297\/2022\/02\/PLA-CATALA-DE-LESPORT.mp4\">https:\/\/agora.xtec.cat\/esctorresamat\/wp-content\/uploads\/usu1297\/2022\/02\/PLA-CATALA-DE-LESPORT.mp4<\/a><\/video><\/div>\n<h5><span style=\"color: #0000ff;\">\u00a0<\/span><\/h5>\n<h5><span style=\"color: #0000ff;\">Extraescolar migdia.<\/span><\/h5>\n<p>Des del Pla catal\u00e0 de l&#8217;esport a l&#8217;escola organitzem una extraescolar al migdia de multi esports pels alumnes del menjador.<\/p>\n<p>Es realitza els dimarts i els dijous i l&#8217;objectiu es continuar promocionant l&#8217;activitat f\u00edsica-esportiva en el nostre centre.<\/p>\n<p>Guanyadors dels premis del Pla catal\u00e0 de l&#8217;Esport escolar a la categoria de <b>CENTRE EDUCATIU DE PRIM\u00c0RIA en la nominaci\u00f3 de barems autom\u00e0tics. <\/b><\/p>\n<p>Premiats amb un xec per material esportiu i un taller per fer amb els alumnes.<\/p>\n","protected":false},"excerpt":{"rendered":"<p>Extraescolar migdia.\u00a0<br \/>\nDes del Pla catal\u00e0 de l&#8217;esport a l&#8217;escola organitzem una extraescolar al migdia de multi esports pels alumnes del menjador.<br \/>\nEs realitza els dimecres amb l&#8217;objectiu es continuar promocionant l&#8217;activitat f\u00edsica-esportiva en el nostre centre.<br \/>\nCada dimecres li toca a un cicle diferent de l&#8217;escola .&hellip;  <a href=\"https:\/\/agora.xtec.cat\/esctorresamat\/pla-catala-de-lesport\/\" title=\"Read Pla Catal\u00e0 de l&#8217;Esport\">Llegeix m\u00e9s\u00bb<\/a><\/p>\n","protected":false},"author":1,"featured_media":0,"parent":0,"menu_order":0,"comment_status":"closed","ping_status":"closed","template":"","meta":{"_bbp_topic_count":0,"_bbp_reply_count":0,"_bbp_total_topic_count":0,"_bbp_total_reply_count":0,"_bbp_voice_count":0,"_bbp_anonymous_reply_count":0,"_bbp_topic_count_hidden":0,"_bbp_reply_count_hidden":0,"_bbp_forum_subforum_count":0,"footnotes":""},"class_list":["post-668","page","type-page","status-publish","hentry"],"post_mailing_queue_ids":[],"_links":{"self":[{"href":"https:\/\/agora.xtec.cat\/esctorresamat\/wp-json\/wp\/v2\/pages\/668","targetHints":{"allow":["GET"]}}],"collection":[{"href":"https:\/\/agora.xtec.cat\/esctorresamat\/wp-json\/wp\/v2\/pages"}],"about":[{"href":"https:\/\/agora.xtec.cat\/esctorresamat\/wp-json\/wp\/v2\/types\/page"}],"author":[{"embeddable":true,"href":"https:\/\/agora.xtec.cat\/esctorresamat\/wp-json\/wp\/v2\/users\/1"}],"replies":[{"embeddable":true,"href":"https:\/\/agora.xtec.cat\/esctorresamat\/wp-json\/wp\/v2\/comments?post=668"}],"version-history":[{"count":6,"href":"https:\/\/agora.xtec.cat\/esctorresamat\/wp-json\/wp\/v2\/pages\/668\/revisions"}],"predecessor-version":[{"id":4569,"href":"https:\/\/agora.xtec.cat\/esctorresamat\/wp-json\/wp\/v2\/pages\/668\/revisions\/4569"}],"wp:attachment":[{"href":"https:\/\/agora.xtec.cat\/esctorresamat\/wp-json\/wp\/v2\/media?parent=668"}],"curies":[{"name":"wp","href":"https:\/\/api.w.org\/{rel}","templated":true}]}}