{"id":649,"date":"2019-11-13T15:32:12","date_gmt":"2019-11-13T14:32:12","guid":{"rendered":"https:\/\/agora.xtec.cat\/esctorresamat\/?page_id=649"},"modified":"2022-09-30T09:15:59","modified_gmt":"2022-09-30T07:15:59","slug":"musica-per-a-tothom","status":"publish","type":"page","link":"https:\/\/agora.xtec.cat\/esctorresamat\/musica-per-a-tothom\/","title":{"rendered":"Projecte musical: &#8220;La Banda&#8221;"},"content":{"rendered":"<p><a href=\"https:\/\/agora.xtec.cat\/esctorresamat\/wp-content\/uploads\/usu1297\/2022\/09\/Copia-de-IMG20220610173519-scaled.jpg\"><img loading=\"lazy\" decoding=\"async\" class=\"alignnone wp-image-3123\" src=\"https:\/\/agora.xtec.cat\/esctorresamat\/wp-content\/uploads\/usu1297\/2022\/09\/Copia-de-IMG20220610173519-scaled.jpg\" alt=\"\" width=\"805\" height=\"604\" srcset=\"https:\/\/agora.xtec.cat\/esctorresamat\/wp-content\/uploads\/usu1297\/2022\/09\/Copia-de-IMG20220610173519-scaled.jpg 2560w, https:\/\/agora.xtec.cat\/esctorresamat\/wp-content\/uploads\/usu1297\/2022\/09\/Copia-de-IMG20220610173519-300x225.jpg 300w, https:\/\/agora.xtec.cat\/esctorresamat\/wp-content\/uploads\/usu1297\/2022\/09\/Copia-de-IMG20220610173519-1024x768.jpg 1024w, https:\/\/agora.xtec.cat\/esctorresamat\/wp-content\/uploads\/usu1297\/2022\/09\/Copia-de-IMG20220610173519-768x576.jpg 768w, https:\/\/agora.xtec.cat\/esctorresamat\/wp-content\/uploads\/usu1297\/2022\/09\/Copia-de-IMG20220610173519-1536x1152.jpg 1536w, https:\/\/agora.xtec.cat\/esctorresamat\/wp-content\/uploads\/usu1297\/2022\/09\/Copia-de-IMG20220610173519-2048x1536.jpg 2048w, https:\/\/agora.xtec.cat\/esctorresamat\/wp-content\/uploads\/usu1297\/2022\/09\/Copia-de-IMG20220610173519-200x150.jpg 200w\" sizes=\"auto, (max-width: 805px) 100vw, 805px\" \/><\/a><\/p>\n<p>Sallent \u00e9s un poble musicalment molt actiu. Fruit de les nombroses festes populars existents, la m\u00fasica sempre hi ha tingut un paper molt destacable. La m\u00fasica de Banda hist\u00f2ricament sempre hi ha tingut un paper molt protagonista. I moltes de les m\u00fasiques originals hi s\u00f3n interpretades en aquesta formaci\u00f3.<\/p>\n<p>Seguint aquesta tradici\u00f3, entenem que aquesta idiosincr\u00e0sia musical forma part de la identitat del nostre poble. \u00c9s doncs per aquest motiu que pensem que el projecte de &#8220;La Banda&#8221; ha de partir d&#8217;aquesta formaci\u00f3 musical tan arrelada a Sallent.<\/p>\n<p>&#8220;La Banda&#8221; \u00e9s un projecte que es realitza a quart i cinqu\u00e8 de prim\u00e0ria. Es basa en l&#8217;aprenentatge dels instruments de banda: trompeta, flauta travessera, saxo i bombard\u00ed.<br \/>\nL&#8217;objectiu del projecte \u00e9s que aquest alumnat tingui acc\u00e9s a aquests instruments i puguin gaudir d&#8217;una experi\u00e8ncia musical innovadora i motivadora.<\/p>\n<p>Mitjan\u00e7ant aquest projecte, aquests infants viuran la m\u00fasica des d&#8217;una perspectiva m\u00e9s vivencial i grupal. Formaran part d&#8217;una banda, on a m\u00e9s de l&#8217;aprenentatge d&#8217;aquests instruments, es fomentaran tota una s\u00e8rie de valors intr\u00ednsecs al fet de tocar en grup: interacci\u00f3, respecte i concentraci\u00f3.<\/p>\n","protected":false},"excerpt":{"rendered":"<p><a href=\"https:\/\/agora.xtec.cat\/esctorresamat\/wp-content\/uploads\/usu1297\/2022\/09\/Copia-de-IMG20220610173519-scaled.jpg\"><\/a><br \/>\nSallent \u00e9s un poble musicalment molt actiu. Fruit de les nombroses festes populars existents, la m\u00fasica sempre hi ha tingut un paper molt destacable. La m\u00fasica de Banda hist\u00f2ricament sempre hi ha tingut un paper molt protagonista. I moltes de les m\u00fasiques originals hi&hellip;  <a href=\"https:\/\/agora.xtec.cat\/esctorresamat\/musica-per-a-tothom\/\" title=\"Read Projecte musical: &#8220;La Banda&#8221;\">Llegeix m\u00e9s\u00bb<\/a><\/p>\n","protected":false},"author":1,"featured_media":0,"parent":0,"menu_order":0,"comment_status":"closed","ping_status":"closed","template":"","meta":{"_bbp_topic_count":0,"_bbp_reply_count":0,"_bbp_total_topic_count":0,"_bbp_total_reply_count":0,"_bbp_voice_count":0,"_bbp_anonymous_reply_count":0,"_bbp_topic_count_hidden":0,"_bbp_reply_count_hidden":0,"_bbp_forum_subforum_count":0,"footnotes":""},"class_list":["post-649","page","type-page","status-publish","hentry"],"post_mailing_queue_ids":[],"_links":{"self":[{"href":"https:\/\/agora.xtec.cat\/esctorresamat\/wp-json\/wp\/v2\/pages\/649","targetHints":{"allow":["GET"]}}],"collection":[{"href":"https:\/\/agora.xtec.cat\/esctorresamat\/wp-json\/wp\/v2\/pages"}],"about":[{"href":"https:\/\/agora.xtec.cat\/esctorresamat\/wp-json\/wp\/v2\/types\/page"}],"author":[{"embeddable":true,"href":"https:\/\/agora.xtec.cat\/esctorresamat\/wp-json\/wp\/v2\/users\/1"}],"replies":[{"embeddable":true,"href":"https:\/\/agora.xtec.cat\/esctorresamat\/wp-json\/wp\/v2\/comments?post=649"}],"version-history":[{"count":4,"href":"https:\/\/agora.xtec.cat\/esctorresamat\/wp-json\/wp\/v2\/pages\/649\/revisions"}],"predecessor-version":[{"id":3125,"href":"https:\/\/agora.xtec.cat\/esctorresamat\/wp-json\/wp\/v2\/pages\/649\/revisions\/3125"}],"wp:attachment":[{"href":"https:\/\/agora.xtec.cat\/esctorresamat\/wp-json\/wp\/v2\/media?parent=649"}],"curies":[{"name":"wp","href":"https:\/\/api.w.org\/{rel}","templated":true}]}}