{"id":3696,"date":"2023-07-20T13:09:00","date_gmt":"2023-07-20T11:09:00","guid":{"rendered":"https:\/\/agora.xtec.cat\/esctorresamat\/?page_id=3696"},"modified":"2023-07-20T13:09:00","modified_gmt":"2023-07-20T11:09:00","slug":"enramades","status":"publish","type":"page","link":"https:\/\/agora.xtec.cat\/esctorresamat\/enramades\/","title":{"rendered":"Enramades"},"content":{"rendered":"<p>Des del curs 2022-23, la nostra escola participa a les tradicionals Enramades de Sallent de la forma m\u00e9s activia i m\u00e9s participativa: enramant un carrer. En aquesta ocasi\u00f3 va ser el primer tram del carrer C\u00f3s, que durant uns dies es va convertir en la selva amaz\u00f2nica m\u00e9s divertida, acolorida i original. Despr\u00e9s de molts mesos de treball, tot el poble va poder gaudir del talent i de la creativitat dels nostres alumnes.<\/p>\n","protected":false},"excerpt":{"rendered":"<p>Des del curs 2022-23, la nostra escola participa a les tradicionals Enramades de Sallent de la forma m\u00e9s activia i m\u00e9s participativa: enramant un carrer. En aquesta ocasi\u00f3 va ser el primer tram del carrer C\u00f3s, que durant uns dies es va convertir en la&hellip;  <a href=\"https:\/\/agora.xtec.cat\/esctorresamat\/enramades\/\" title=\"Read Enramades\">Llegeix m\u00e9s\u00bb<\/a><\/p>\n","protected":false},"author":1,"featured_media":0,"parent":0,"menu_order":0,"comment_status":"closed","ping_status":"closed","template":"","meta":{"_bbp_topic_count":0,"_bbp_reply_count":0,"_bbp_total_topic_count":0,"_bbp_total_reply_count":0,"_bbp_voice_count":0,"_bbp_anonymous_reply_count":0,"_bbp_topic_count_hidden":0,"_bbp_reply_count_hidden":0,"_bbp_forum_subforum_count":0,"footnotes":""},"class_list":["post-3696","page","type-page","status-publish","hentry"],"post_mailing_queue_ids":[],"_links":{"self":[{"href":"https:\/\/agora.xtec.cat\/esctorresamat\/wp-json\/wp\/v2\/pages\/3696","targetHints":{"allow":["GET"]}}],"collection":[{"href":"https:\/\/agora.xtec.cat\/esctorresamat\/wp-json\/wp\/v2\/pages"}],"about":[{"href":"https:\/\/agora.xtec.cat\/esctorresamat\/wp-json\/wp\/v2\/types\/page"}],"author":[{"embeddable":true,"href":"https:\/\/agora.xtec.cat\/esctorresamat\/wp-json\/wp\/v2\/users\/1"}],"replies":[{"embeddable":true,"href":"https:\/\/agora.xtec.cat\/esctorresamat\/wp-json\/wp\/v2\/comments?post=3696"}],"version-history":[{"count":1,"href":"https:\/\/agora.xtec.cat\/esctorresamat\/wp-json\/wp\/v2\/pages\/3696\/revisions"}],"predecessor-version":[{"id":3697,"href":"https:\/\/agora.xtec.cat\/esctorresamat\/wp-json\/wp\/v2\/pages\/3696\/revisions\/3697"}],"wp:attachment":[{"href":"https:\/\/agora.xtec.cat\/esctorresamat\/wp-json\/wp\/v2\/media?parent=3696"}],"curies":[{"name":"wp","href":"https:\/\/api.w.org\/{rel}","templated":true}]}}