{"id":3678,"date":"2023-07-20T13:03:49","date_gmt":"2023-07-20T11:03:49","guid":{"rendered":"https:\/\/agora.xtec.cat\/esctorresamat\/?page_id=3678"},"modified":"2023-07-20T13:03:49","modified_gmt":"2023-07-20T11:03:49","slug":"sharing-to-learn","status":"publish","type":"page","link":"https:\/\/agora.xtec.cat\/esctorresamat\/sharing-to-learn\/","title":{"rendered":"Sharing to Learn"},"content":{"rendered":"<p>Quina experi\u00e8ncia conviure amb alumnes de 1r de Batxillerat i participar amb els alumnes de Cicle Superior al projecte en llengua anglesa &#8220;Sharing to Learn&#8221;. Voleu veure&#8217;n algunes fotos? Feu clic a la imatge seg\u00fcent.<\/p>\n<p><a href=\"https:\/\/photos.app.goo.gl\/PdksLQsVWkUQf9HS7\" target=\"_blank\" rel=\"noopener\"><img loading=\"lazy\" decoding=\"async\" class=\"alignnone wp-image-3276\" src=\"https:\/\/agora.xtec.cat\/esctorresamat\/wp-content\/uploads\/usu1297\/2023\/02\/06-1024x768.jpg\" alt=\"\" width=\"625\" height=\"469\" srcset=\"https:\/\/agora.xtec.cat\/esctorresamat\/wp-content\/uploads\/usu1297\/2023\/02\/06-1024x768.jpg 1024w, https:\/\/agora.xtec.cat\/esctorresamat\/wp-content\/uploads\/usu1297\/2023\/02\/06-300x225.jpg 300w, https:\/\/agora.xtec.cat\/esctorresamat\/wp-content\/uploads\/usu1297\/2023\/02\/06-768x576.jpg 768w, https:\/\/agora.xtec.cat\/esctorresamat\/wp-content\/uploads\/usu1297\/2023\/02\/06-1536x1152.jpg 1536w, https:\/\/agora.xtec.cat\/esctorresamat\/wp-content\/uploads\/usu1297\/2023\/02\/06-200x150.jpg 200w, https:\/\/agora.xtec.cat\/esctorresamat\/wp-content\/uploads\/usu1297\/2023\/02\/06.jpg 2048w\" sizes=\"auto, (max-width: 625px) 100vw, 625px\" \/><\/a><\/p>\n<p>Es tracta d\u2019un pla d\u2019impuls de la llengua anglesa a nivell oral en qu\u00e8 hi prendran part activa els nostres alumnes de 5\u00e8 i 6\u00e8 i tamb\u00e9 un grup d\u2019estudiants de 1r de Batxillerat de l\u2019Institut Llobregat de Sallent.<\/p>\n<p>Aquest \u00e9s un projecte pioner a la Catalunya Central i els seus principals objectius s\u00f3n els seg\u00fcents:<\/p>\n<ul>\n<li>Afavorir l\u2019intercanvi entre alumnat de diferents etapes educatives<\/li>\n<li>Donar suport a la millora de l\u2019expressi\u00f3 oral en angl\u00e8s per tal de facilitar l\u2019acc\u00e9s a entorns pluriling\u00fces<\/li>\n<\/ul>\n<p>Els estudiants de l\u2019institut tindran un repte important: entrar a les aules un cop per setmana i fer d\u2019auxiliars de conversa a les hores d\u2019angl\u00e8s de 5\u00e8 i 6\u00e8. Les activitats estaran dirigides pel professorat d\u2019angl\u00e8s del Torres Amat i seran consensuades amb l\u2019institut i tamb\u00e9 amb el Departament de Lleng\u00fces Estrangeres dels Serveis Territorials de la Catalunya Central.<\/p>\n<p>Mitjan\u00e7ant aquesta metodologia d\u2019aprenentatge-servei es pret\u00e9n millorar l\u2019angl\u00e8s oral dels alumnes i tamb\u00e9 compartir experi\u00e8ncies per aprendre els uns dels altres. A m\u00e9s, un altre objectiu prioritari ser\u00e0 afavorir actituds de comprom\u00eds, respecte, responsabilitat i autonomia personal que ajudin a construir un entorn m\u00e9s hum\u00e0.<\/p>\n<p>&nbsp;<\/p>\n","protected":false},"excerpt":{"rendered":"<p>Quina experi\u00e8ncia conviure amb alumnes de 1r de Batxillerat i participar amb els alumnes de Cicle Superior al projecte en llengua anglesa &#8220;Sharing to Learn&#8221;. Voleu veure&#8217;n algunes fotos? Feu clic a la imatge seg\u00fcent.<br \/>\n<a href=\"https:\/\/photos.app.goo.gl\/PdksLQsVWkUQf9HS7\" target=\"_blank\" rel=\"noopener\"><\/a><br \/>\nEs tracta d\u2019un pla d\u2019impuls de la llengua&hellip;  <a href=\"https:\/\/agora.xtec.cat\/esctorresamat\/sharing-to-learn\/\" title=\"Read Sharing to Learn\">Llegeix m\u00e9s\u00bb<\/a><\/p>\n","protected":false},"author":1,"featured_media":0,"parent":0,"menu_order":0,"comment_status":"closed","ping_status":"closed","template":"","meta":{"_bbp_topic_count":0,"_bbp_reply_count":0,"_bbp_total_topic_count":0,"_bbp_total_reply_count":0,"_bbp_voice_count":0,"_bbp_anonymous_reply_count":0,"_bbp_topic_count_hidden":0,"_bbp_reply_count_hidden":0,"_bbp_forum_subforum_count":0,"footnotes":""},"class_list":["post-3678","page","type-page","status-publish","hentry"],"post_mailing_queue_ids":[],"_links":{"self":[{"href":"https:\/\/agora.xtec.cat\/esctorresamat\/wp-json\/wp\/v2\/pages\/3678","targetHints":{"allow":["GET"]}}],"collection":[{"href":"https:\/\/agora.xtec.cat\/esctorresamat\/wp-json\/wp\/v2\/pages"}],"about":[{"href":"https:\/\/agora.xtec.cat\/esctorresamat\/wp-json\/wp\/v2\/types\/page"}],"author":[{"embeddable":true,"href":"https:\/\/agora.xtec.cat\/esctorresamat\/wp-json\/wp\/v2\/users\/1"}],"replies":[{"embeddable":true,"href":"https:\/\/agora.xtec.cat\/esctorresamat\/wp-json\/wp\/v2\/comments?post=3678"}],"version-history":[{"count":1,"href":"https:\/\/agora.xtec.cat\/esctorresamat\/wp-json\/wp\/v2\/pages\/3678\/revisions"}],"predecessor-version":[{"id":3694,"href":"https:\/\/agora.xtec.cat\/esctorresamat\/wp-json\/wp\/v2\/pages\/3678\/revisions\/3694"}],"wp:attachment":[{"href":"https:\/\/agora.xtec.cat\/esctorresamat\/wp-json\/wp\/v2\/media?parent=3678"}],"curies":[{"name":"wp","href":"https:\/\/api.w.org\/{rel}","templated":true}]}}