{"id":3642,"date":"2023-07-07T12:25:19","date_gmt":"2023-07-07T10:25:19","guid":{"rendered":"https:\/\/agora.xtec.cat\/esctorresamat\/?page_id=3642"},"modified":"2023-07-07T12:25:19","modified_gmt":"2023-07-07T10:25:19","slug":"origens","status":"publish","type":"page","link":"https:\/\/agora.xtec.cat\/esctorresamat\/lescola\/com-som\/origens\/","title":{"rendered":"Or\u00edgens"},"content":{"rendered":"<p>L\u2019edifici de l\u2019escola p\u00fablica Torres Amat es va inaugurar el 1931. Es trobem, doncs, davant un edifici noucentista declarat patrimoni hist\u00f2ric per la Generalitat de Catalunya.<\/p>\n<p>L\u2019empresa el\u00e8ctrica \u201cEl\u00e8ctrica Sallentina S.A.\u201d\u00a0amb recursos propis i una subvenci\u00f3 de l\u2019Estat de 98.000 pessetes, va ser la impulsora de la construcci\u00f3. L\u2019escola est\u00e0 situada al Parc Municipal Pere Sall\u00e9s de Sallent, un espai assolellat, ampli i espai\u00f3s envoltat de natura. Durant els primers trenta anys, la nostra escola es deia Grup Escolar i substitu\u00ed l\u2019antiga Escola P\u00fablica situada a l\u2019actual rectoria nova. L\u2019any 1962 fou denominat \u201cTorres Amat\u201d en record de\u00a0<a title=\"F\u00e8lix Torres i Amat de Palou\" href=\"https:\/\/ca.wikipedia.org\/wiki\/F%C3%A8lix_Torres_i_Amat_de_Palou\">F\u00e8lix Torres Amat<\/a>, fill de\u00a0<a title=\"Sallent\" href=\"https:\/\/ca.wikipedia.org\/wiki\/Sallent\">Sallent<\/a>\u00a0i bisbe d\u2019<a title=\"Astorga\" href=\"https:\/\/ca.wikipedia.org\/wiki\/Astorga\">Astorga<\/a>.<\/p>\n<p>L\u2019escola actual \u00e9s fruit d\u2019un proc\u00e9s de remodelaci\u00f3 que comen\u00e7a a inicis d\u2019octubre del 2010 i acaba el 2014. Es realitzen unes reformes a la part principal de l\u2019escola, a totes les aules de la fa\u00e7ana que donen al parc i l\u2019ala esquerra de l\u2019edifici hist\u00f2ric. A m\u00e9s, es construeix l\u2019edifici de l\u2019ala dreta amb dues plantes, l\u2019edifici del gimn\u00e0s i l\u2019edifici d\u2019educaci\u00f3 infantil. Per tant, mirant la nostra escola des de dalt de la muntanya, t\u00e9 forma de rectangle amb el pati al mig.<\/p>\n","protected":false},"excerpt":{"rendered":"<p>L\u2019edifici de l\u2019escola p\u00fablica Torres Amat es va inaugurar el 1931. Es trobem, doncs, davant un edifici noucentista declarat patrimoni hist\u00f2ric per la Generalitat de Catalunya.<br \/>\nL\u2019empresa el\u00e8ctrica \u201cEl\u00e8ctrica Sallentina S.A.\u201d\u00a0amb recursos propis i una subvenci\u00f3 de l\u2019Estat de 98.000 pessetes, va ser la impulsora de&hellip;  <a href=\"https:\/\/agora.xtec.cat\/esctorresamat\/lescola\/com-som\/origens\/\" title=\"Read Or\u00edgens\">Llegeix m\u00e9s\u00bb<\/a><\/p>\n","protected":false},"author":1,"featured_media":0,"parent":3637,"menu_order":0,"comment_status":"closed","ping_status":"closed","template":"","meta":{"_bbp_topic_count":0,"_bbp_reply_count":0,"_bbp_total_topic_count":0,"_bbp_total_reply_count":0,"_bbp_voice_count":0,"_bbp_anonymous_reply_count":0,"_bbp_topic_count_hidden":0,"_bbp_reply_count_hidden":0,"_bbp_forum_subforum_count":0,"footnotes":""},"class_list":["post-3642","page","type-page","status-publish","hentry"],"post_mailing_queue_ids":[],"_links":{"self":[{"href":"https:\/\/agora.xtec.cat\/esctorresamat\/wp-json\/wp\/v2\/pages\/3642","targetHints":{"allow":["GET"]}}],"collection":[{"href":"https:\/\/agora.xtec.cat\/esctorresamat\/wp-json\/wp\/v2\/pages"}],"about":[{"href":"https:\/\/agora.xtec.cat\/esctorresamat\/wp-json\/wp\/v2\/types\/page"}],"author":[{"embeddable":true,"href":"https:\/\/agora.xtec.cat\/esctorresamat\/wp-json\/wp\/v2\/users\/1"}],"replies":[{"embeddable":true,"href":"https:\/\/agora.xtec.cat\/esctorresamat\/wp-json\/wp\/v2\/comments?post=3642"}],"version-history":[{"count":1,"href":"https:\/\/agora.xtec.cat\/esctorresamat\/wp-json\/wp\/v2\/pages\/3642\/revisions"}],"predecessor-version":[{"id":3643,"href":"https:\/\/agora.xtec.cat\/esctorresamat\/wp-json\/wp\/v2\/pages\/3642\/revisions\/3643"}],"up":[{"embeddable":true,"href":"https:\/\/agora.xtec.cat\/esctorresamat\/wp-json\/wp\/v2\/pages\/3637"}],"wp:attachment":[{"href":"https:\/\/agora.xtec.cat\/esctorresamat\/wp-json\/wp\/v2\/media?parent=3642"}],"curies":[{"name":"wp","href":"https:\/\/api.w.org\/{rel}","templated":true}]}}