{"id":3628,"date":"2023-07-07T11:31:15","date_gmt":"2023-07-07T09:31:15","guid":{"rendered":"https:\/\/agora.xtec.cat\/esctorresamat\/?page_id=3628"},"modified":"2024-02-01T09:55:54","modified_gmt":"2024-02-01T08:55:54","slug":"qui-som","status":"publish","type":"page","link":"https:\/\/agora.xtec.cat\/esctorresamat\/qui-som\/","title":{"rendered":"Qui som?"},"content":{"rendered":"<p>El Torres Amat est\u00e0 format per una comunitat educativa molt \u00e0mplia per\u00f2, alhora, molt cohesionada. Alumnes, fam\u00edlies, mestres, personal no docent, AFA, el Consell Escolar&#8230; <strong>tots som escola perqu\u00e8 tots fem escola<\/strong>.<\/p>\n","protected":false},"excerpt":{"rendered":"<p>El Torres Amat est\u00e0 format per una comunitat educativa molt \u00e0mplia per\u00f2, alhora, molt cohesionada. Alumnes, fam\u00edlies, mestres, personal no docent, AFA, el Consell Escolar&#8230; tots som escola perqu\u00e8 tots fem escola.<\/p>\n","protected":false},"author":1,"featured_media":0,"parent":0,"menu_order":0,"comment_status":"closed","ping_status":"closed","template":"","meta":{"_bbp_topic_count":0,"_bbp_reply_count":0,"_bbp_total_topic_count":0,"_bbp_total_reply_count":0,"_bbp_voice_count":0,"_bbp_anonymous_reply_count":0,"_bbp_topic_count_hidden":0,"_bbp_reply_count_hidden":0,"_bbp_forum_subforum_count":0,"footnotes":""},"class_list":["post-3628","page","type-page","status-publish","hentry"],"post_mailing_queue_ids":[],"_links":{"self":[{"href":"https:\/\/agora.xtec.cat\/esctorresamat\/wp-json\/wp\/v2\/pages\/3628","targetHints":{"allow":["GET"]}}],"collection":[{"href":"https:\/\/agora.xtec.cat\/esctorresamat\/wp-json\/wp\/v2\/pages"}],"about":[{"href":"https:\/\/agora.xtec.cat\/esctorresamat\/wp-json\/wp\/v2\/types\/page"}],"author":[{"embeddable":true,"href":"https:\/\/agora.xtec.cat\/esctorresamat\/wp-json\/wp\/v2\/users\/1"}],"replies":[{"embeddable":true,"href":"https:\/\/agora.xtec.cat\/esctorresamat\/wp-json\/wp\/v2\/comments?post=3628"}],"version-history":[{"count":6,"href":"https:\/\/agora.xtec.cat\/esctorresamat\/wp-json\/wp\/v2\/pages\/3628\/revisions"}],"predecessor-version":[{"id":4116,"href":"https:\/\/agora.xtec.cat\/esctorresamat\/wp-json\/wp\/v2\/pages\/3628\/revisions\/4116"}],"wp:attachment":[{"href":"https:\/\/agora.xtec.cat\/esctorresamat\/wp-json\/wp\/v2\/media?parent=3628"}],"curies":[{"name":"wp","href":"https:\/\/api.w.org\/{rel}","templated":true}]}}