{"id":30,"date":"2014-09-18T12:30:23","date_gmt":"2014-09-18T11:30:23","guid":{"rendered":"http:\/\/agora.xtec.cat\/esctorresamat\/?page_id=30"},"modified":"2023-07-20T13:58:48","modified_gmt":"2023-07-20T11:58:48","slug":"instal%c2%b7lacions","status":"publish","type":"page","link":"https:\/\/agora.xtec.cat\/esctorresamat\/lescola\/instal%c2%b7lacions\/","title":{"rendered":"Instal\u00b7lacions"},"content":{"rendered":"<p><span style=\"font-weight: 400;\">L\u2019edifici principal o hist\u00f2ric t\u00e9 forma de \u230a \u00a0i a trav\u00e9s d&#8217;unes escales s&#8217;accedeix a la part central de l&#8217;edifici que consta de dues plantes: a la planta baixa hi trobem les aules de cicle superior, biblioteca, aula d&#8217;inform\u00e0tica, tutories, administraci\u00f3, reprografia i despatxos de secretaria, cap d\u2019estudis i direcci\u00f3; a la primera planta hi trobem l&#8217;aula de m\u00fasica, d\u2019educaci\u00f3 especial, una tutoria i l&#8217;aula de ci\u00e8ncies i pl\u00e0stica .\u00a0<\/span><span style=\"font-weight: 400;\">A l\u2019ala esquerra d&#8217;aquest mateix edifici, hi trobem el menjador i la cuina.<\/span><\/p>\n<p><span style=\"font-weight: 400;\">L&#8217;edifici constru\u00eft (2010) a l\u2019ala dreta del principal hi trobem a la planta baixa, les aules de cicle inicial i tercer i a la primera planta les aules de 4t i d\u2019angl\u00e8s amb un terrat preparat per poder encabir dues aules m\u00e9s en cas de necessitat. Aquest edifici t\u00e9 una porta d&#8217;acc\u00e9s independent per on entren els alumnes.<\/span><\/p>\n<p><span style=\"font-weight: 400;\">Tots aquests edificis, amb forma de rectangle obert \u230a\u230b, envolten el pati de l\u2019escola on trobem les pistes esportives, el sorral i l\u2019hort. A la banda esquerra del pati hi ha una gran porta per accedir al recinte.<\/span><\/p>\n<p><span style=\"font-weight: 400;\">Finalment, tanca aquest rectangle l&#8217;edifici\u00a0<\/span><span style=\"font-weight: 400;\">polivalent del gimn\u00e0s\/teatre\/sala d\u2019actes de l\u2019escola que es troba a la banda dreta del pati i\u00a0<\/span><span style=\"font-weight: 400;\">l\u2019edifici d\u2019educaci\u00f3 infantil que es troba a la banda esquerra. Aquests dos edificis estan\u00a0separats per una escala exterior, un espai de joc a l&#8217;aire lliure i un magatzem.<\/span><\/p>\n<p><span style=\"font-weight: 400;\">A la planta baixa de l&#8217;edifici d&#8217;educaci\u00f3 infantil hi trobem les aules de P3 i P4 amb una terrassa d\u2019acc\u00e9s directa des de cada aula, tamb\u00e9 hi ha la sala de psicomotricitat en aquesta planta. A la primera planta trobem les aules de P5 amb un terrat exterior d\u2019acc\u00e9s directe des de les aules. Aquest edifici t\u00e9 una porta d&#8217;acc\u00e9s independent per on entren els alumnes.<\/span><\/p>\n<p>&nbsp;<\/p>\n<p>&nbsp;<\/p>\n","protected":false},"excerpt":{"rendered":"<p>L\u2019edifici principal o hist\u00f2ric t\u00e9 forma de \u230a \u00a0i a trav\u00e9s d&#8217;unes escales s&#8217;accedeix a la part central de l&#8217;edifici que consta de dues plantes: a la planta baixa hi trobem les aules de cicle superior, biblioteca, aula d&#8217;inform\u00e0tica, tutories, administraci\u00f3, reprografia i despatxos de&hellip;  <a href=\"https:\/\/agora.xtec.cat\/esctorresamat\/lescola\/instal%c2%b7lacions\/\" title=\"Read Instal\u00b7lacions\">Llegeix m\u00e9s\u00bb<\/a><\/p>\n","protected":false},"author":1,"featured_media":0,"parent":22,"menu_order":40,"comment_status":"closed","ping_status":"closed","template":"","meta":{"_bbp_topic_count":0,"_bbp_reply_count":0,"_bbp_total_topic_count":0,"_bbp_total_reply_count":0,"_bbp_voice_count":0,"_bbp_anonymous_reply_count":0,"_bbp_topic_count_hidden":0,"_bbp_reply_count_hidden":0,"_bbp_forum_subforum_count":0,"footnotes":""},"class_list":["post-30","page","type-page","status-publish","hentry"],"post_mailing_queue_ids":[],"_links":{"self":[{"href":"https:\/\/agora.xtec.cat\/esctorresamat\/wp-json\/wp\/v2\/pages\/30","targetHints":{"allow":["GET"]}}],"collection":[{"href":"https:\/\/agora.xtec.cat\/esctorresamat\/wp-json\/wp\/v2\/pages"}],"about":[{"href":"https:\/\/agora.xtec.cat\/esctorresamat\/wp-json\/wp\/v2\/types\/page"}],"author":[{"embeddable":true,"href":"https:\/\/agora.xtec.cat\/esctorresamat\/wp-json\/wp\/v2\/users\/1"}],"replies":[{"embeddable":true,"href":"https:\/\/agora.xtec.cat\/esctorresamat\/wp-json\/wp\/v2\/comments?post=30"}],"version-history":[{"count":3,"href":"https:\/\/agora.xtec.cat\/esctorresamat\/wp-json\/wp\/v2\/pages\/30\/revisions"}],"predecessor-version":[{"id":812,"href":"https:\/\/agora.xtec.cat\/esctorresamat\/wp-json\/wp\/v2\/pages\/30\/revisions\/812"}],"up":[{"embeddable":true,"href":"https:\/\/agora.xtec.cat\/esctorresamat\/wp-json\/wp\/v2\/pages\/22"}],"wp:attachment":[{"href":"https:\/\/agora.xtec.cat\/esctorresamat\/wp-json\/wp\/v2\/media?parent=30"}],"curies":[{"name":"wp","href":"https:\/\/api.w.org\/{rel}","templated":true}]}}