{"id":2422,"date":"2021-09-15T15:07:20","date_gmt":"2021-09-15T13:07:20","guid":{"rendered":"https:\/\/agora.xtec.cat\/esctorresamat\/?page_id=2422"},"modified":"2023-02-23T14:54:30","modified_gmt":"2023-02-23T13:54:30","slug":"projecte-de-dansa-a-lescola","status":"publish","type":"page","link":"https:\/\/agora.xtec.cat\/esctorresamat\/projecte-de-dansa-a-lescola\/","title":{"rendered":"Projecte de Dansa a l&#8217;Escola"},"content":{"rendered":"<p>Al <strong>cicle inicial<\/strong>, l\u2019\u00e0rea de <strong>m\u00fasica<\/strong> s\u2019estructura al voltant de la <strong>dansa tradicional<\/strong> com a eix transversal.<\/p>\n<p><a href=\"https:\/\/agora.xtec.cat\/esctorresamat\/wp-content\/uploads\/usu1297\/2023\/02\/1677148300398.jpg\"><img loading=\"lazy\" decoding=\"async\" class=\"alignnone  wp-image-3321\" src=\"https:\/\/agora.xtec.cat\/esctorresamat\/wp-content\/uploads\/usu1297\/2023\/02\/1677148300398-1024x529.jpg\" alt=\"\" width=\"426\" height=\"220\" srcset=\"https:\/\/agora.xtec.cat\/esctorresamat\/wp-content\/uploads\/usu1297\/2023\/02\/1677148300398-1024x529.jpg 1024w, https:\/\/agora.xtec.cat\/esctorresamat\/wp-content\/uploads\/usu1297\/2023\/02\/1677148300398-300x155.jpg 300w, https:\/\/agora.xtec.cat\/esctorresamat\/wp-content\/uploads\/usu1297\/2023\/02\/1677148300398-768x397.jpg 768w, https:\/\/agora.xtec.cat\/esctorresamat\/wp-content\/uploads\/usu1297\/2023\/02\/1677148300398.jpg 1070w\" sizes=\"auto, (max-width: 426px) 100vw, 426px\" \/><\/a><\/p>\n<p>Per una banda, es fan activitats de m\u00fasica i moviment amb diferents estils musicals seguint la l\u00ednia de les metodologies Dalcroze i Orff.<\/p>\n<p>Com a contingut central, es treballen danses tradicionals de Catalunya, especialment aquelles que es fan en rotllana, ja que s\u00f3n m\u00e9s adequades per aquestes edats. El repertori inclou danses relacionades amb el calendari festiu.<\/p>\n<p>Per altra banda, es preparen coreografies senzilles de <strong>dansa contempor\u00e0nia<\/strong>, posant \u00e8mfasi en l\u2019<strong>expressi\u00f3 corporal<\/strong>.<\/p>\n<p>En algunes sessions es treballa en angl\u00e8s el vocabulari propi de les parts del cos i els moviments, aix\u00ed com <strong>danses populars <\/strong>d&#8217;<strong>Esc\u00f2cia <\/strong>i<strong> Anglaterra<\/strong>.<\/p>\n<p>Dins els processos d\u2019aprenentatge per treballar les m\u00fasiques que utilitzem, es fan activitats de can\u00e7\u00f3, de percussi\u00f3 corporal i activitats r\u00edtmiques amb instruments de petita percussi\u00f3 (panderos, panderetes, claves, maraques, triangles, etc.).<\/p>\n<p>Cliqueu a la foto i veureu algunes danses que fan els nens i nenes de cicle inicial.<a href=\"https:\/\/photos.app.goo.gl\/CW5sV9ZfWBqyXuxh8\"><img loading=\"lazy\" decoding=\"async\" class=\"size-large wp-image-2806 aligncenter\" src=\"https:\/\/agora.xtec.cat\/esctorresamat\/wp-content\/uploads\/usu1297\/2022\/03\/Captura-2-1024x558.jpg\" alt=\"\" width=\"1024\" height=\"558\" srcset=\"https:\/\/agora.xtec.cat\/esctorresamat\/wp-content\/uploads\/usu1297\/2022\/03\/Captura-2-1024x558.jpg 1024w, https:\/\/agora.xtec.cat\/esctorresamat\/wp-content\/uploads\/usu1297\/2022\/03\/Captura-2-300x163.jpg 300w, https:\/\/agora.xtec.cat\/esctorresamat\/wp-content\/uploads\/usu1297\/2022\/03\/Captura-2-768x418.jpg 768w, https:\/\/agora.xtec.cat\/esctorresamat\/wp-content\/uploads\/usu1297\/2022\/03\/Captura-2-1536x837.jpg 1536w, https:\/\/agora.xtec.cat\/esctorresamat\/wp-content\/uploads\/usu1297\/2022\/03\/Captura-2.jpg 1663w\" sizes=\"auto, (max-width: 1024px) 100vw, 1024px\" \/><\/a><\/p>\n<p>&nbsp;<\/p>\n<p>&nbsp;<\/p>\n<p>&nbsp;<\/p>\n<p>&nbsp;<\/p>\n","protected":false},"excerpt":{"rendered":"<p>Al cicle inicial, l\u2019\u00e0rea de m\u00fasica s\u2019estructura al voltant de la dansa tradicional com a eix transversal.<br \/>\n<a href=\"https:\/\/agora.xtec.cat\/esctorresamat\/wp-content\/uploads\/usu1297\/2023\/02\/1677148300398.jpg\"><\/a><br \/>\nPer una banda, es fan activitats de m\u00fasica i moviment amb diferents estils musicals seguint la l\u00ednia de les metodologies Dalcroze i Orff.<br \/>\nCom a contingut central, es treballen&hellip;  <a href=\"https:\/\/agora.xtec.cat\/esctorresamat\/projecte-de-dansa-a-lescola\/\" title=\"Read Projecte de Dansa a l&#8217;Escola\">Llegeix m\u00e9s\u00bb<\/a><\/p>\n","protected":false},"author":3,"featured_media":0,"parent":0,"menu_order":0,"comment_status":"closed","ping_status":"closed","template":"","meta":{"_bbp_topic_count":0,"_bbp_reply_count":0,"_bbp_total_topic_count":0,"_bbp_total_reply_count":0,"_bbp_voice_count":0,"_bbp_anonymous_reply_count":0,"_bbp_topic_count_hidden":0,"_bbp_reply_count_hidden":0,"_bbp_forum_subforum_count":0,"footnotes":""},"class_list":["post-2422","page","type-page","status-publish","hentry"],"post_mailing_queue_ids":[],"_links":{"self":[{"href":"https:\/\/agora.xtec.cat\/esctorresamat\/wp-json\/wp\/v2\/pages\/2422","targetHints":{"allow":["GET"]}}],"collection":[{"href":"https:\/\/agora.xtec.cat\/esctorresamat\/wp-json\/wp\/v2\/pages"}],"about":[{"href":"https:\/\/agora.xtec.cat\/esctorresamat\/wp-json\/wp\/v2\/types\/page"}],"author":[{"embeddable":true,"href":"https:\/\/agora.xtec.cat\/esctorresamat\/wp-json\/wp\/v2\/users\/3"}],"replies":[{"embeddable":true,"href":"https:\/\/agora.xtec.cat\/esctorresamat\/wp-json\/wp\/v2\/comments?post=2422"}],"version-history":[{"count":5,"href":"https:\/\/agora.xtec.cat\/esctorresamat\/wp-json\/wp\/v2\/pages\/2422\/revisions"}],"predecessor-version":[{"id":3323,"href":"https:\/\/agora.xtec.cat\/esctorresamat\/wp-json\/wp\/v2\/pages\/2422\/revisions\/3323"}],"wp:attachment":[{"href":"https:\/\/agora.xtec.cat\/esctorresamat\/wp-json\/wp\/v2\/media?parent=2422"}],"curies":[{"name":"wp","href":"https:\/\/api.w.org\/{rel}","templated":true}]}}