{"id":80,"date":"2014-09-18T14:09:48","date_gmt":"2014-09-18T13:09:48","guid":{"rendered":"http:\/\/agora.xtec.cat\/escteresagodes\/?page_id=80"},"modified":"2024-06-25T13:20:26","modified_gmt":"2024-06-25T11:20:26","slug":"transport-escolar","status":"publish","type":"page","link":"https:\/\/agora.xtec.cat\/escteresagodes\/serveis\/transport-escolar\/","title":{"rendered":"Transport Escolar"},"content":{"rendered":"<p><a href=\"https:\/\/drive.google.com\/file\/d\/1Fp5pu64Wlzqqd1xR25y32uVQaH9Z_YS9\/view?usp=sharing\">PLA DE FUNCIONAMENT DE TRANSPORT ESCOLAR. <\/a><\/p>\n<p>Durant el curs 2023-2024 s&#8217;aprova per Consell Escolar aquest Pla de Funcionament de Transport, on podreu trobar l&#8217;organitzaci\u00f3 i tota la log\u00edstica en relaci\u00f3 amb aquest servei aix\u00ed com els <strong>itineraris, parades i horaris del transport escolar de l&#8217;escola.<\/strong><\/p>\n<p>&nbsp;<\/p>\n","protected":false},"excerpt":{"rendered":"<p><a href=\"https:\/\/drive.google.com\/file\/d\/1Fp5pu64Wlzqqd1xR25y32uVQaH9Z_YS9\/view?usp=sharing\">PLA DE FUNCIONAMENT DE TRANSPORT ESCOLAR. <\/a><br \/>\nDurant el curs 2023-2024 s&#8217;aprova per Consell Escolar aquest Pla de Funcionament de Transport, on podreu trobar l&#8217;organitzaci\u00f3 i tota la log\u00edstica en relaci\u00f3 amb aquest servei aix\u00ed com els itineraris, parades i horaris del transport escolar de&hellip;  <a href=\"https:\/\/agora.xtec.cat\/escteresagodes\/serveis\/transport-escolar\/\" title=\"Read Transport Escolar\">Llegeix m\u00e9s\u00bb<\/a><\/p>\n","protected":false},"author":1,"featured_media":0,"parent":66,"menu_order":40,"comment_status":"closed","ping_status":"closed","template":"page-templates\/side-menu.php","meta":{"_bbp_topic_count":0,"_bbp_reply_count":0,"_bbp_total_topic_count":0,"_bbp_total_reply_count":0,"_bbp_voice_count":0,"_bbp_anonymous_reply_count":0,"_bbp_topic_count_hidden":0,"_bbp_reply_count_hidden":0,"_bbp_forum_subforum_count":0,"footnotes":""},"class_list":["post-80","page","type-page","status-publish","hentry"],"post_mailing_queue_ids":[],"_links":{"self":[{"href":"https:\/\/agora.xtec.cat\/escteresagodes\/wp-json\/wp\/v2\/pages\/80","targetHints":{"allow":["GET"]}}],"collection":[{"href":"https:\/\/agora.xtec.cat\/escteresagodes\/wp-json\/wp\/v2\/pages"}],"about":[{"href":"https:\/\/agora.xtec.cat\/escteresagodes\/wp-json\/wp\/v2\/types\/page"}],"author":[{"embeddable":true,"href":"https:\/\/agora.xtec.cat\/escteresagodes\/wp-json\/wp\/v2\/users\/1"}],"replies":[{"embeddable":true,"href":"https:\/\/agora.xtec.cat\/escteresagodes\/wp-json\/wp\/v2\/comments?post=80"}],"version-history":[{"count":4,"href":"https:\/\/agora.xtec.cat\/escteresagodes\/wp-json\/wp\/v2\/pages\/80\/revisions"}],"predecessor-version":[{"id":5032,"href":"https:\/\/agora.xtec.cat\/escteresagodes\/wp-json\/wp\/v2\/pages\/80\/revisions\/5032"}],"up":[{"embeddable":true,"href":"https:\/\/agora.xtec.cat\/escteresagodes\/wp-json\/wp\/v2\/pages\/66"}],"wp:attachment":[{"href":"https:\/\/agora.xtec.cat\/escteresagodes\/wp-json\/wp\/v2\/media?parent=80"}],"curies":[{"name":"wp","href":"https:\/\/api.w.org\/{rel}","templated":true}]}}