{"id":5129,"date":"2024-06-26T13:50:21","date_gmt":"2024-06-26T11:50:21","guid":{"rendered":"https:\/\/agora.xtec.cat\/escteresagodes\/?page_id=5129"},"modified":"2024-06-26T13:50:42","modified_gmt":"2024-06-26T11:50:42","slug":"h-sortides-a-lentorn","status":"publish","type":"page","link":"https:\/\/agora.xtec.cat\/escteresagodes\/h-sortides-a-lentorn\/","title":{"rendered":"h) Sortides a l\u2019entorn"},"content":{"rendered":"<p><span style=\"font-weight: 400;\">Ens considerem privilegiats per tenir la nostra escola situada enmig d\u2019un bell paratge natural com \u00e9s el Montmell. Som conscients que l<\/span><span style=\"font-weight: 400;\">\u2019entorn natural \u00e9s un espai \u00fanic i dif\u00edcilment reprodu\u00efble en un espai tancat. Ens ofereix una gran diversitat de materials que<\/span> <span style=\"font-weight: 400;\">estimulen els sentits de l\u2019infant, centrant-se en el coneixement del seu entorn m\u00e9s immediat, el desenvolupament psicomotriu, la resoluci\u00f3 de problemes, l\u2019adquisici\u00f3 d\u2019autonomia i independ\u00e8ncia. Tot plegat en un ambient de joc, gaudi, espontane\u00eftat, cooperaci\u00f3 i amor per l\u2019entorn i els que l\u2019habiten (persones i animals).<\/span><\/p>\n<p><i><span style=\"font-weight: 400;\">\u201cLa Naturalesa \u00e9s l\u2019ambient m\u00e9s adequat a la normal evoluci\u00f3 del nen, assegurant el dret que t\u00e9 a l\u2019aire pur, a la llum del sol, l\u2019aigua, a l\u2019exercici f\u00edsic i a la llibertat i alegria. \u00c9s per tant necessari aproximar el nen al medi natural que li \u00e9s propi tot el possible, als espais lliures, jardins i terrenys de cultiu\u201d (Rosa Sensat, 1920)<\/span><\/i><\/p>\n<p><span style=\"font-weight: 400;\">Per aquest motiu, sempre ser\u00e0 un bon moment sortir a la descoberta de l\u2019entorn, a capbussar-se amb tots els seus sentits en el que la natura ofereix.\u00a0<\/span><\/p>\n<p><span style=\"font-weight: 400;\">La <\/span><b>Comunitat de Petits<\/b><span style=\"font-weight: 400;\"> far\u00e0, com a m\u00ednim, una sortida a la setmana per fer propostes de descoberta de l\u2019entorn natural.<\/span><\/p>\n<p><span style=\"font-weight: 400;\">A la <\/span><b>Comunitat de Mitjans<\/b><span style=\"font-weight: 400;\"> es procurar\u00e0 sortir tamb\u00e9 setmanalment aprofitant per desenvolupar projectes de l\u2019\u00e0rea del medi natural.\u00a0<\/span><\/p>\n<p><span style=\"font-weight: 400;\">A la <\/span><b>Comunitat de Grans<\/b><span style=\"font-weight: 400;\"> es far\u00e0 una sortida llarga i m\u00e9s exigent un cop al trimestre i, en paral\u00b7lel, una sortida mensual a l\u2019entorn m\u00e9s proper per treballar aspectes m\u00e9s espec\u00edfics de l&#8217;\u00e0rea del medi natural.<\/span><\/p>\n<p><span style=\"font-weight: 400;\">Tant a\u00a0 la Comunitat de Mitjans com a la de Grans es contempla fer estones de pati en espais exteriors que coneixem i d\u2019altres que anirem descobrint.\u00a0<\/span><\/p>\n","protected":false},"excerpt":{"rendered":"<p>Ens considerem privilegiats per tenir la nostra escola situada enmig d\u2019un bell paratge natural com \u00e9s el Montmell. Som conscients que l\u2019entorn natural \u00e9s un espai \u00fanic i dif\u00edcilment reprodu\u00efble en un espai tancat. Ens ofereix una gran diversitat de materials que estimulen els sentits&hellip;  <a href=\"https:\/\/agora.xtec.cat\/escteresagodes\/h-sortides-a-lentorn\/\" title=\"Read h) Sortides a l\u2019entorn\">Llegeix m\u00e9s\u00bb<\/a><\/p>\n","protected":false},"author":1,"featured_media":0,"parent":0,"menu_order":0,"comment_status":"closed","ping_status":"closed","template":"","meta":{"_bbp_topic_count":0,"_bbp_reply_count":0,"_bbp_total_topic_count":0,"_bbp_total_reply_count":0,"_bbp_voice_count":0,"_bbp_anonymous_reply_count":0,"_bbp_topic_count_hidden":0,"_bbp_reply_count_hidden":0,"_bbp_forum_subforum_count":0,"footnotes":""},"class_list":["post-5129","page","type-page","status-publish","hentry"],"post_mailing_queue_ids":[],"_links":{"self":[{"href":"https:\/\/agora.xtec.cat\/escteresagodes\/wp-json\/wp\/v2\/pages\/5129","targetHints":{"allow":["GET"]}}],"collection":[{"href":"https:\/\/agora.xtec.cat\/escteresagodes\/wp-json\/wp\/v2\/pages"}],"about":[{"href":"https:\/\/agora.xtec.cat\/escteresagodes\/wp-json\/wp\/v2\/types\/page"}],"author":[{"embeddable":true,"href":"https:\/\/agora.xtec.cat\/escteresagodes\/wp-json\/wp\/v2\/users\/1"}],"replies":[{"embeddable":true,"href":"https:\/\/agora.xtec.cat\/escteresagodes\/wp-json\/wp\/v2\/comments?post=5129"}],"version-history":[{"count":2,"href":"https:\/\/agora.xtec.cat\/escteresagodes\/wp-json\/wp\/v2\/pages\/5129\/revisions"}],"predecessor-version":[{"id":5140,"href":"https:\/\/agora.xtec.cat\/escteresagodes\/wp-json\/wp\/v2\/pages\/5129\/revisions\/5140"}],"wp:attachment":[{"href":"https:\/\/agora.xtec.cat\/escteresagodes\/wp-json\/wp\/v2\/media?parent=5129"}],"curies":[{"name":"wp","href":"https:\/\/api.w.org\/{rel}","templated":true}]}}