{"id":5128,"date":"2024-06-26T13:50:21","date_gmt":"2024-06-26T11:50:21","guid":{"rendered":"https:\/\/agora.xtec.cat\/escteresagodes\/?page_id=5128"},"modified":"2024-07-11T17:34:00","modified_gmt":"2024-07-11T15:34:00","slug":"g-apadrinament-lector","status":"publish","type":"page","link":"https:\/\/agora.xtec.cat\/escteresagodes\/g-apadrinament-lector\/","title":{"rendered":"g) Apadrinament lector"},"content":{"rendered":"<p><span style=\"font-weight: 400;\">L&#8217;apadrinament lector \u00e9s una activitat cooperativa que es realitza per parelles (o trios) formades per alumnes m\u00e9s grans, que fan de padrins de lectura, i els alumnes m\u00e9s petits, que fan de fillols.\u00a0<\/span><\/p>\n<p><span style=\"font-weight: 400;\">Amb aquest projecte s\u2019intenta que tant uns com altres visquin una experi\u00e8ncia d\u2019aprenentatge lector, en el qual els infants m\u00e9s grans (padrins lectors) llegeixin, expliquin, animin, facin de model, escoltin&#8230; als infants m\u00e9s petits (fillols) i que aquesta activitat sigui engrescadora i el m\u00e9s motivadora possible per tal que se\u2019ls hi encomani el plaer de llegir.<\/span><\/p>\n<p><span style=\"font-weight: 400;\">A m\u00e9s de dinamitzar el proc\u00e9s de lectura tamb\u00e9 es pret\u00e9n establir lligams afectius entre padrins i fillols no nom\u00e9s al voltant de la lectura sin\u00f3 tamb\u00e9 envers altres situacions de la vida escolar.\u00a0<\/span><\/p>\n<p><span style=\"font-weight: 400;\">Les parelles lectores les formaran els dos tutors\/es de cada grup, tenint en compte aspectes com ara el nivell d\u2019aprenentatge, la personalitat, les motivacions&#8230;. Aquestes parelles treballaran juntes tot el curs i nom\u00e9s es faran canvis en casos que els\/les mestres ho considerin necessari.<\/span><\/p>\n<p><span style=\"font-weight: 400;\">A principis de curs s\u2019estableix la franja hor\u00e0ria i la durada (aprox. 20 min) d\u2019aquestes trobades lectores. La lectura tant la pot fer el gran al petit com el petit al gran.\u00a0<\/span><\/p>\n","protected":false},"excerpt":{"rendered":"<p>L&#8217;apadrinament lector \u00e9s una activitat cooperativa que es realitza per parelles (o trios) formades per alumnes m\u00e9s grans, que fan de padrins de lectura, i els alumnes m\u00e9s petits, que fan de fillols.\u00a0<br \/>\nAmb aquest projecte s\u2019intenta que tant uns com altres visquin una experi\u00e8ncia d\u2019aprenentatge&hellip;  <a href=\"https:\/\/agora.xtec.cat\/escteresagodes\/g-apadrinament-lector\/\" title=\"Read g) Apadrinament lector\">Llegeix m\u00e9s\u00bb<\/a><\/p>\n","protected":false},"author":1,"featured_media":0,"parent":0,"menu_order":0,"comment_status":"closed","ping_status":"closed","template":"","meta":{"_bbp_topic_count":0,"_bbp_reply_count":0,"_bbp_total_topic_count":0,"_bbp_total_reply_count":0,"_bbp_voice_count":0,"_bbp_anonymous_reply_count":0,"_bbp_topic_count_hidden":0,"_bbp_reply_count_hidden":0,"_bbp_forum_subforum_count":0,"footnotes":""},"class_list":["post-5128","page","type-page","status-publish","hentry"],"post_mailing_queue_ids":[],"_links":{"self":[{"href":"https:\/\/agora.xtec.cat\/escteresagodes\/wp-json\/wp\/v2\/pages\/5128","targetHints":{"allow":["GET"]}}],"collection":[{"href":"https:\/\/agora.xtec.cat\/escteresagodes\/wp-json\/wp\/v2\/pages"}],"about":[{"href":"https:\/\/agora.xtec.cat\/escteresagodes\/wp-json\/wp\/v2\/types\/page"}],"author":[{"embeddable":true,"href":"https:\/\/agora.xtec.cat\/escteresagodes\/wp-json\/wp\/v2\/users\/1"}],"replies":[{"embeddable":true,"href":"https:\/\/agora.xtec.cat\/escteresagodes\/wp-json\/wp\/v2\/comments?post=5128"}],"version-history":[{"count":2,"href":"https:\/\/agora.xtec.cat\/escteresagodes\/wp-json\/wp\/v2\/pages\/5128\/revisions"}],"predecessor-version":[{"id":5249,"href":"https:\/\/agora.xtec.cat\/escteresagodes\/wp-json\/wp\/v2\/pages\/5128\/revisions\/5249"}],"wp:attachment":[{"href":"https:\/\/agora.xtec.cat\/escteresagodes\/wp-json\/wp\/v2\/media?parent=5128"}],"curies":[{"name":"wp","href":"https:\/\/api.w.org\/{rel}","templated":true}]}}