{"id":5126,"date":"2024-06-26T13:50:21","date_gmt":"2024-06-26T11:50:21","guid":{"rendered":"https:\/\/agora.xtec.cat\/escteresagodes\/?page_id=5126"},"modified":"2024-07-11T17:36:03","modified_gmt":"2024-07-11T15:36:03","slug":"e-steam","status":"publish","type":"page","link":"https:\/\/agora.xtec.cat\/escteresagodes\/e-steam\/","title":{"rendered":"e) STEAM"},"content":{"rendered":"<p><span style=\"font-weight: 400;\">STEAM \u00e9s un acr\u00f2nim de l&#8217;angl\u00e8s de science, technology, engineering, art &amp; mathematics que funciona per designar les disciplines de ci\u00e8ncia, tecnologia, enginyeria i matem\u00e0tiques. Aquest terme utilitzat, sobretot, als Estats Units i Europa per abordar determinats tractaments sobre temes relacionats amb la ci\u00e8ncia i l&#8217;educaci\u00f3.<\/span><\/p>\n<p><span style=\"font-weight: 400;\">A la comunitat de crans, des de fa dos cursos, portem a terme els tallers de STEAM <\/span><span style=\"font-weight: 400;\">entre els nivells de 4t i fins a 6\u00e8 en una sessi\u00f3 setmanal de 2h dins de l\u2019horari lectiu, en petit grup. En aquestes sessions es proposen reptes a resoldre i tamb\u00e9 ens introdu\u00efm en el m\u00f3n de la rob\u00f2tica mitjan\u00e7ant el programa Scratch i els robots <\/span><a href=\"https:\/\/projectes.xtec.cat\/digital\/equipaments-i-infraestructures\/robotica\/formacio-tecnica-robotica\/robots-educatius\/lego-spike-prime\/\"><span style=\"font-weight: 400;\">Lego Spike Prime_Pri<\/span><\/a><span style=\"font-weight: 400;\">.<\/span><\/p>\n<p><span style=\"font-weight: 400;\">A la comunitat de mitjans es fan tallers de rob\u00f2tica durant una hora setmanal en format de petits grups amb els robots <\/span><a href=\"https:\/\/projectes.xtec.cat\/digital\/equipaments-i-infraestructures\/robotica\/formacio-tecnica-robotica\/robots-educatius\/codey-rocky\/\"><span style=\"font-weight: 400;\">Codey Rocky<\/span><\/a><span style=\"font-weight: 400;\">.<\/span><\/p>\n<p><span style=\"font-weight: 400;\">A la comunitat de petits s\u2019introduiran durant aquest curs els robots <\/span><a href=\"https:\/\/projectes.xtec.cat\/digital\/equipaments-i-infraestructures\/robotica\/formacio-tecnica-robotica\/robots-educatius\/blue-bot\/\"><span style=\"font-weight: 400;\">Blue-Bot<\/span><\/a><span style=\"font-weight: 400;\"> com a propostes dels ambients.<\/span><\/p>\n","protected":false},"excerpt":{"rendered":"<p>STEAM \u00e9s un acr\u00f2nim de l&#8217;angl\u00e8s de science, technology, engineering, art &amp; mathematics que funciona per designar les disciplines de ci\u00e8ncia, tecnologia, enginyeria i matem\u00e0tiques. Aquest terme utilitzat, sobretot, als Estats Units i Europa per abordar determinats tractaments sobre temes relacionats amb la ci\u00e8ncia i&hellip;  <a href=\"https:\/\/agora.xtec.cat\/escteresagodes\/e-steam\/\" title=\"Read e) STEAM\">Llegeix m\u00e9s\u00bb<\/a><\/p>\n","protected":false},"author":1,"featured_media":0,"parent":0,"menu_order":0,"comment_status":"closed","ping_status":"closed","template":"","meta":{"_bbp_topic_count":0,"_bbp_reply_count":0,"_bbp_total_topic_count":0,"_bbp_total_reply_count":0,"_bbp_voice_count":0,"_bbp_anonymous_reply_count":0,"_bbp_topic_count_hidden":0,"_bbp_reply_count_hidden":0,"_bbp_forum_subforum_count":0,"footnotes":""},"class_list":["post-5126","page","type-page","status-publish","hentry"],"post_mailing_queue_ids":[],"_links":{"self":[{"href":"https:\/\/agora.xtec.cat\/escteresagodes\/wp-json\/wp\/v2\/pages\/5126","targetHints":{"allow":["GET"]}}],"collection":[{"href":"https:\/\/agora.xtec.cat\/escteresagodes\/wp-json\/wp\/v2\/pages"}],"about":[{"href":"https:\/\/agora.xtec.cat\/escteresagodes\/wp-json\/wp\/v2\/types\/page"}],"author":[{"embeddable":true,"href":"https:\/\/agora.xtec.cat\/escteresagodes\/wp-json\/wp\/v2\/users\/1"}],"replies":[{"embeddable":true,"href":"https:\/\/agora.xtec.cat\/escteresagodes\/wp-json\/wp\/v2\/comments?post=5126"}],"version-history":[{"count":4,"href":"https:\/\/agora.xtec.cat\/escteresagodes\/wp-json\/wp\/v2\/pages\/5126\/revisions"}],"predecessor-version":[{"id":5251,"href":"https:\/\/agora.xtec.cat\/escteresagodes\/wp-json\/wp\/v2\/pages\/5126\/revisions\/5251"}],"wp:attachment":[{"href":"https:\/\/agora.xtec.cat\/escteresagodes\/wp-json\/wp\/v2\/media?parent=5126"}],"curies":[{"name":"wp","href":"https:\/\/api.w.org\/{rel}","templated":true}]}}