{"id":4339,"date":"2023-03-03T11:44:52","date_gmt":"2023-03-03T10:44:52","guid":{"rendered":"https:\/\/agora.xtec.cat\/escteresagodes\/?page_id=4339"},"modified":"2024-05-15T10:29:54","modified_gmt":"2024-05-15T08:29:54","slug":"avaluacio","status":"publish","type":"page","link":"https:\/\/agora.xtec.cat\/escteresagodes\/estrategia-digital-de-centre\/estrategia-digital\/avaluacio\/","title":{"rendered":"Avaluaci\u00f3"},"content":{"rendered":"<p><a href=\"https:\/\/agora.xtec.cat\/escteresagodes\/wp-content\/uploads\/usu1003\/2024\/05\/avaluacio.jpg\"><img loading=\"lazy\" decoding=\"async\" class=\" wp-image-4989 alignleft\" src=\"https:\/\/agora.xtec.cat\/escteresagodes\/wp-content\/uploads\/usu1003\/2024\/05\/avaluacio.jpg\" alt=\"\" width=\"345\" height=\"200\" srcset=\"https:\/\/agora.xtec.cat\/escteresagodes\/wp-content\/uploads\/usu1003\/2024\/05\/avaluacio.jpg 768w, https:\/\/agora.xtec.cat\/escteresagodes\/wp-content\/uploads\/usu1003\/2024\/05\/avaluacio-300x173.jpg 300w\" sizes=\"auto, (max-width: 345px) 100vw, 345px\" \/><\/a>L\u2019avaluaci\u00f3 del centre es dur\u00e0 a terme de manera cont\u00ednua per part dels responsables dels indicadors dels diferents objectius i actuacions de l\u2019EDC.<\/p>\n<p>A final de curs, en la reuni\u00f3 de valoraci\u00f3, s\u2019avaluar\u00e0 el treball realitzat durant l\u2019any i l\u2019estat de l\u2019EDC al centre. Es revisaran els objectius i les actuacions establertes per al curs, determinant el grau d\u2019assoliment a partir dels indicadors plantejats. A partir d\u2019aquesta avaluaci\u00f3, es revisaran els objectius per al curs seg\u00fcent o, si cal, se\u2019n iniciaran de nous segons les necessitats detectades.<\/p>\n","protected":false},"excerpt":{"rendered":"<p><a href=\"https:\/\/agora.xtec.cat\/escteresagodes\/wp-content\/uploads\/usu1003\/2024\/05\/avaluacio.jpg\"><\/a>L\u2019avaluaci\u00f3 del centre es dur\u00e0 a terme de manera cont\u00ednua per part dels responsables dels indicadors dels diferents objectius i actuacions de l\u2019EDC.<br \/>\nA final de curs, en la reuni\u00f3 de valoraci\u00f3, s\u2019avaluar\u00e0 el treball realitzat durant l\u2019any i l\u2019estat de l\u2019EDC al centre. Es&hellip;  <a href=\"https:\/\/agora.xtec.cat\/escteresagodes\/estrategia-digital-de-centre\/estrategia-digital\/avaluacio\/\" title=\"Read Avaluaci\u00f3\">Llegeix m\u00e9s\u00bb<\/a><\/p>\n","protected":false},"author":1,"featured_media":0,"parent":4330,"menu_order":0,"comment_status":"closed","ping_status":"closed","template":"page-templates\/side-menu.php","meta":{"_bbp_topic_count":0,"_bbp_reply_count":0,"_bbp_total_topic_count":0,"_bbp_total_reply_count":0,"_bbp_voice_count":0,"_bbp_anonymous_reply_count":0,"_bbp_topic_count_hidden":0,"_bbp_reply_count_hidden":0,"_bbp_forum_subforum_count":0,"footnotes":""},"class_list":["post-4339","page","type-page","status-publish","hentry"],"post_mailing_queue_ids":[],"_links":{"self":[{"href":"https:\/\/agora.xtec.cat\/escteresagodes\/wp-json\/wp\/v2\/pages\/4339","targetHints":{"allow":["GET"]}}],"collection":[{"href":"https:\/\/agora.xtec.cat\/escteresagodes\/wp-json\/wp\/v2\/pages"}],"about":[{"href":"https:\/\/agora.xtec.cat\/escteresagodes\/wp-json\/wp\/v2\/types\/page"}],"author":[{"embeddable":true,"href":"https:\/\/agora.xtec.cat\/escteresagodes\/wp-json\/wp\/v2\/users\/1"}],"replies":[{"embeddable":true,"href":"https:\/\/agora.xtec.cat\/escteresagodes\/wp-json\/wp\/v2\/comments?post=4339"}],"version-history":[{"count":4,"href":"https:\/\/agora.xtec.cat\/escteresagodes\/wp-json\/wp\/v2\/pages\/4339\/revisions"}],"predecessor-version":[{"id":4991,"href":"https:\/\/agora.xtec.cat\/escteresagodes\/wp-json\/wp\/v2\/pages\/4339\/revisions\/4991"}],"up":[{"embeddable":true,"href":"https:\/\/agora.xtec.cat\/escteresagodes\/wp-json\/wp\/v2\/pages\/4330"}],"wp:attachment":[{"href":"https:\/\/agora.xtec.cat\/escteresagodes\/wp-json\/wp\/v2\/media?parent=4339"}],"curies":[{"name":"wp","href":"https:\/\/api.w.org\/{rel}","templated":true}]}}