{"id":4330,"date":"2023-03-03T11:41:35","date_gmt":"2023-03-03T10:41:35","guid":{"rendered":"https:\/\/agora.xtec.cat\/escteresagodes\/?page_id=4330"},"modified":"2024-05-15T10:16:41","modified_gmt":"2024-05-15T08:16:41","slug":"estrategia-digital","status":"publish","type":"page","link":"https:\/\/agora.xtec.cat\/escteresagodes\/estrategia-digital-de-centre\/estrategia-digital\/","title":{"rendered":"Estrat\u00e8gia Digital"},"content":{"rendered":"<p>Per poder portar a terme la part estrat\u00e8gica s&#8217;han seguit els seg\u00fcents passos:<\/p>\n<p><a href=\"https:\/\/agora.xtec.cat\/escteresagodes\/wp-content\/uploads\/usu1003\/2024\/05\/fases-estrategia.jpg\"><img loading=\"lazy\" decoding=\"async\" class=\"alignnone size-full wp-image-4975\" src=\"https:\/\/agora.xtec.cat\/escteresagodes\/wp-content\/uploads\/usu1003\/2024\/05\/fases-estrategia.jpg\" alt=\"\" width=\"842\" height=\"592\" srcset=\"https:\/\/agora.xtec.cat\/escteresagodes\/wp-content\/uploads\/usu1003\/2024\/05\/fases-estrategia.jpg 842w, https:\/\/agora.xtec.cat\/escteresagodes\/wp-content\/uploads\/usu1003\/2024\/05\/fases-estrategia-300x211.jpg 300w, https:\/\/agora.xtec.cat\/escteresagodes\/wp-content\/uploads\/usu1003\/2024\/05\/fases-estrategia-768x540.jpg 768w\" sizes=\"auto, (max-width: 842px) 100vw, 842px\" \/><\/a><\/p>\n<p>&nbsp;<\/p>\n<p style=\"text-align: center;\"><a class=\"button normal\" style=\"padding: 1em; font-weight: 400; margin: 0.1em; color: white !important; background-color: #2ca698bf;\" href=\"https:\/\/agora.xtec.cat\/escteresagodes\/pagina-dinici-buida\/estrategia-digital-de-centre\/estrategia-digital\/diagnosi\/\" target=\"_blank\" rel=\"noopener noreferrer\">DIAGNOSI<\/a>\u00a0 \u00a0\u00a0<a class=\"button normal\" style=\"padding: 1em; font-weight: 400; margin: 0.1em; color: white !important; background-color: #fc3b56bf;\" href=\"https:\/\/agora.xtec.cat\/escteresagodes\/pagina-dinici-buida\/estrategia-digital-de-centre\/estrategia-digital\/diagnosi\/\" target=\"_blank\" rel=\"noopener noreferrer\">OBJECTIUS I ACTUACIONS<\/a>\u00a0 \u00a0 <a class=\"button normal\" style=\"padding: 1em; font-weight: 400; margin: 0.1em; color: white !important; background-color: #9e9e9e;\" href=\"https:\/\/agora.xtec.cat\/escteresagodes\/pagina-dinici-buida\/estrategia-digital-de-centre\/estrategia-digital\/avaluacio\/\" target=\"_blank\" rel=\"noopener noreferrer\">AVALUACI\u00d3<\/a><\/p>\n","protected":false},"excerpt":{"rendered":"<p>Per poder portar a terme la part estrat\u00e8gica s&#8217;han seguit els seg\u00fcents passos:<br \/>\n<a href=\"https:\/\/agora.xtec.cat\/escteresagodes\/wp-content\/uploads\/usu1003\/2024\/05\/fases-estrategia.jpg\"><\/a><br \/>\n&nbsp;<br \/>\n<a class=\"button normal\" style=\"padding: 1em; font-weight: 400; margin: 0.1em; color: white !important; background-color: #2ca698bf;\" href=\"https:\/\/agora.xtec.cat\/escteresagodes\/pagina-dinici-buida\/estrategia-digital-de-centre\/estrategia-digital\/diagnosi\/\" target=\"_blank\" rel=\"noopener noreferrer\">DIAGNOSI<\/a>\u00a0 \u00a0\u00a0<a class=\"button normal\" style=\"padding: 1em; font-weight: 400; margin: 0.1em; color: white !important; background-color: #fc3b56bf;\"&hellip;  <a href=\"https:\/\/agora.xtec.cat\/escteresagodes\/estrategia-digital-de-centre\/estrategia-digital\/\" title=\"Read Estrat\u00e8gia Digital\">Llegeix m\u00e9s\u00bb<\/a><\/p>\n","protected":false},"author":1,"featured_media":0,"parent":4328,"menu_order":0,"comment_status":"closed","ping_status":"closed","template":"page-templates\/side-menu.php","meta":{"_bbp_topic_count":0,"_bbp_reply_count":0,"_bbp_total_topic_count":0,"_bbp_total_reply_count":0,"_bbp_voice_count":0,"_bbp_anonymous_reply_count":0,"_bbp_topic_count_hidden":0,"_bbp_reply_count_hidden":0,"_bbp_forum_subforum_count":0,"footnotes":""},"class_list":["post-4330","page","type-page","status-publish","hentry"],"post_mailing_queue_ids":[],"_links":{"self":[{"href":"https:\/\/agora.xtec.cat\/escteresagodes\/wp-json\/wp\/v2\/pages\/4330","targetHints":{"allow":["GET"]}}],"collection":[{"href":"https:\/\/agora.xtec.cat\/escteresagodes\/wp-json\/wp\/v2\/pages"}],"about":[{"href":"https:\/\/agora.xtec.cat\/escteresagodes\/wp-json\/wp\/v2\/types\/page"}],"author":[{"embeddable":true,"href":"https:\/\/agora.xtec.cat\/escteresagodes\/wp-json\/wp\/v2\/users\/1"}],"replies":[{"embeddable":true,"href":"https:\/\/agora.xtec.cat\/escteresagodes\/wp-json\/wp\/v2\/comments?post=4330"}],"version-history":[{"count":6,"href":"https:\/\/agora.xtec.cat\/escteresagodes\/wp-json\/wp\/v2\/pages\/4330\/revisions"}],"predecessor-version":[{"id":4984,"href":"https:\/\/agora.xtec.cat\/escteresagodes\/wp-json\/wp\/v2\/pages\/4330\/revisions\/4984"}],"up":[{"embeddable":true,"href":"https:\/\/agora.xtec.cat\/escteresagodes\/wp-json\/wp\/v2\/pages\/4328"}],"wp:attachment":[{"href":"https:\/\/agora.xtec.cat\/escteresagodes\/wp-json\/wp\/v2\/media?parent=4330"}],"curies":[{"name":"wp","href":"https:\/\/api.w.org\/{rel}","templated":true}]}}