{"id":4328,"date":"2023-03-03T11:40:03","date_gmt":"2023-03-03T10:40:03","guid":{"rendered":"https:\/\/agora.xtec.cat\/escteresagodes\/?page_id=4328"},"modified":"2024-05-15T10:30:52","modified_gmt":"2024-05-15T08:30:52","slug":"estrategia-digital-de-centre","status":"publish","type":"page","link":"https:\/\/agora.xtec.cat\/escteresagodes\/estrategia-digital-de-centre\/","title":{"rendered":"Estrat\u00e8gia Digital de Centre"},"content":{"rendered":"<div class=\"flex flex-grow flex-col max-w-full\">\n<div class=\"min-h-[20px] text-message flex flex-col items-start whitespace-pre-wrap break-words [.text-message+&amp;]:mt-5 juice:w-full juice:items-end overflow-x-auto gap-3\" dir=\"auto\" data-message-author-role=\"assistant\" data-message-id=\"d5ca5a0d-3522-4ab6-a459-a49b3be6a240\">\n<div class=\"markdown prose w-full break-words dark:prose-invert light\">\n<p>L\u2019Estrat\u00e8gia Digital de Centre (EDC) \u00e9s el conjunt d\u2019accions i documents relacionats amb l\u2019\u00e0mbit digital d\u2019un centre educatiu. Aquesta estrat\u00e8gia serveix per avan\u00e7ar en la millora de les compet\u00e8ncies digitals i per documentar tot el treball realitzat en aquest \u00e0mbit dins del centre.<\/p>\n<p>&nbsp;<\/p>\n<p style=\"text-align: center;\"><iframe loading=\"lazy\" title=\"YouTube video player\" src=\"\/\/www.youtube.com\/embed\/uS5UUZIYLPQ?si=uI_uvuywQZcONaho\" width=\"560\" height=\"315\" frameborder=\"0\" allowfullscreen=\"allowfullscreen\"><\/iframe><\/p>\n<\/div>\n<\/div>\n<\/div>\n<div><\/div>\n<div class=\"flex items-center pb-0.5 juice:pb-0\">L\u2019EDC s\u2019estructura en dues l\u00ednies principals: la part estrat\u00e8gica i la part de cultura digital:<\/div>\n<div><\/div>\n<div><\/div>\n<div><\/div>\n<div><\/div>\n<p style=\"text-align: center;\"><a class=\"button normal\" style=\"padding: 1em; font-weight: 400; margin: 0.1em; color: white !important; background-color: #2ca698;\" href=\"https:\/\/agora.xtec.cat\/escteresagodes\/pagina-dinici-buida\/estrategia-digital-de-centre\/cultura-digital\/\" target=\"_blank\" rel=\"noopener noreferrer\">CULTURA DIGITAL <\/a> \u00a0\u00a0 \u00a0\u00a0 \u00a0\u00a0 \u00a0\u00a0 \u00a0\u00a0 \u00a0\u00a0 \u00a0\u00a0 \u00a0\u00a0 \u00a0\u00a0 \u00a0\u00a0<a class=\"button normal\" style=\"padding: 1em; font-weight: 400; margin: 0.1em; color: white !important; background-color: #fc3b56;\" href=\"https:\/\/agora.xtec.cat\/escteresagodes\/pagina-dinici-buida\/estrategia-digital-de-centre\/estrategia-digital\/\" target=\"_blank\" rel=\"noopener noreferrer\">ESTRAT\u00c8GIA DIGITAL<\/a><\/p>\n","protected":false},"excerpt":{"rendered":"<p>L\u2019Estrat\u00e8gia Digital de Centre (EDC) \u00e9s el conjunt d\u2019accions i documents relacionats amb l\u2019\u00e0mbit digital d\u2019un centre educatiu. Aquesta estrat\u00e8gia serveix per avan\u00e7ar en la millora de les compet\u00e8ncies digitals i per documentar tot el treball realitzat en aquest \u00e0mbit dins del centre.<br \/>\n&nbsp;<\/p>\n<p>L\u2019EDC s\u2019estructura en&hellip;  <a href=\"https:\/\/agora.xtec.cat\/escteresagodes\/estrategia-digital-de-centre\/\" title=\"Read Estrat\u00e8gia Digital de Centre\">Llegeix m\u00e9s\u00bb<\/a><\/p>\n","protected":false},"author":1,"featured_media":0,"parent":0,"menu_order":0,"comment_status":"closed","ping_status":"closed","template":"page-templates\/side-menu.php","meta":{"_bbp_topic_count":0,"_bbp_reply_count":0,"_bbp_total_topic_count":0,"_bbp_total_reply_count":0,"_bbp_voice_count":0,"_bbp_anonymous_reply_count":0,"_bbp_topic_count_hidden":0,"_bbp_reply_count_hidden":0,"_bbp_forum_subforum_count":0,"footnotes":""},"class_list":["post-4328","page","type-page","status-publish","hentry"],"post_mailing_queue_ids":[],"_links":{"self":[{"href":"https:\/\/agora.xtec.cat\/escteresagodes\/wp-json\/wp\/v2\/pages\/4328","targetHints":{"allow":["GET"]}}],"collection":[{"href":"https:\/\/agora.xtec.cat\/escteresagodes\/wp-json\/wp\/v2\/pages"}],"about":[{"href":"https:\/\/agora.xtec.cat\/escteresagodes\/wp-json\/wp\/v2\/types\/page"}],"author":[{"embeddable":true,"href":"https:\/\/agora.xtec.cat\/escteresagodes\/wp-json\/wp\/v2\/users\/1"}],"replies":[{"embeddable":true,"href":"https:\/\/agora.xtec.cat\/escteresagodes\/wp-json\/wp\/v2\/comments?post=4328"}],"version-history":[{"count":6,"href":"https:\/\/agora.xtec.cat\/escteresagodes\/wp-json\/wp\/v2\/pages\/4328\/revisions"}],"predecessor-version":[{"id":4992,"href":"https:\/\/agora.xtec.cat\/escteresagodes\/wp-json\/wp\/v2\/pages\/4328\/revisions\/4992"}],"wp:attachment":[{"href":"https:\/\/agora.xtec.cat\/escteresagodes\/wp-json\/wp\/v2\/media?parent=4328"}],"curies":[{"name":"wp","href":"https:\/\/api.w.org\/{rel}","templated":true}]}}