{"id":34,"date":"2014-09-18T12:32:18","date_gmt":"2014-09-18T11:32:18","guid":{"rendered":"http:\/\/agora.xtec.cat\/escteresagodes\/?page_id=34"},"modified":"2016-07-08T17:16:39","modified_gmt":"2016-07-08T16:16:39","slug":"oferta-educativa","status":"publish","type":"page","link":"https:\/\/agora.xtec.cat\/escteresagodes\/lescola\/oferta-educativa\/","title":{"rendered":"Oferta educativa"},"content":{"rendered":"<p style=\"color: #444444;\">\n<p>L&#8217;escola Teresa Godes i Dom\u00e8nech oferta des de P3 fins a 6\u00e8 de prim\u00e0ria.<\/p>\n","protected":false},"excerpt":{"rendered":"<p>L&#8217;escola Teresa Godes i Dom\u00e8nech oferta des de P3 fins a 6\u00e8 de prim\u00e0ria.<\/p>\n","protected":false},"author":1,"featured_media":0,"parent":22,"menu_order":60,"comment_status":"closed","ping_status":"closed","template":"page-templates\/side-menu.php","meta":{"_bbp_topic_count":0,"_bbp_reply_count":0,"_bbp_total_topic_count":0,"_bbp_total_reply_count":0,"_bbp_voice_count":0,"_bbp_anonymous_reply_count":0,"_bbp_topic_count_hidden":0,"_bbp_reply_count_hidden":0,"_bbp_forum_subforum_count":0,"footnotes":""},"class_list":["post-34","page","type-page","status-publish","hentry"],"post_mailing_queue_ids":[],"_links":{"self":[{"href":"https:\/\/agora.xtec.cat\/escteresagodes\/wp-json\/wp\/v2\/pages\/34","targetHints":{"allow":["GET"]}}],"collection":[{"href":"https:\/\/agora.xtec.cat\/escteresagodes\/wp-json\/wp\/v2\/pages"}],"about":[{"href":"https:\/\/agora.xtec.cat\/escteresagodes\/wp-json\/wp\/v2\/types\/page"}],"author":[{"embeddable":true,"href":"https:\/\/agora.xtec.cat\/escteresagodes\/wp-json\/wp\/v2\/users\/1"}],"replies":[{"embeddable":true,"href":"https:\/\/agora.xtec.cat\/escteresagodes\/wp-json\/wp\/v2\/comments?post=34"}],"version-history":[{"count":2,"href":"https:\/\/agora.xtec.cat\/escteresagodes\/wp-json\/wp\/v2\/pages\/34\/revisions"}],"predecessor-version":[{"id":469,"href":"https:\/\/agora.xtec.cat\/escteresagodes\/wp-json\/wp\/v2\/pages\/34\/revisions\/469"}],"up":[{"embeddable":true,"href":"https:\/\/agora.xtec.cat\/escteresagodes\/wp-json\/wp\/v2\/pages\/22"}],"wp:attachment":[{"href":"https:\/\/agora.xtec.cat\/escteresagodes\/wp-json\/wp\/v2\/media?parent=34"}],"curies":[{"name":"wp","href":"https:\/\/api.w.org\/{rel}","templated":true}]}}