{"id":747,"date":"2016-05-11T09:50:45","date_gmt":"2016-05-11T08:50:45","guid":{"rendered":"http:\/\/agora.xtec.cat\/escsolcunit\/?page_id=747"},"modified":"2026-01-16T16:38:46","modified_gmt":"2026-01-16T15:38:46","slug":"documents-descola","status":"publish","type":"page","link":"https:\/\/agora.xtec.cat\/escsolcunit\/lescola\/documents-descola\/","title":{"rendered":"Documents d&#8217;escola"},"content":{"rendered":"<p>En aquesta p\u00e0gina podeu consultar els seg\u00fcents documents de centre:<\/p>\n<ul style=\"list-style-type: disc;\">\n<li><span style=\"color: #99cc00;\"><a style=\"color: #99cc00;\" href=\"https:\/\/agora.xtec.cat\/escsolcunit\/wp-content\/uploads\/usu994\/2025\/11\/Projecte-educatiu-centre.pdf\">Projecte Educatiu de Centre<\/a><\/span><\/li>\n<li><span style=\"color: #99cc00;\"><a style=\"color: #99cc00;\" href=\"https:\/\/agora.xtec.cat\/escsolcunit\/wp-content\/uploads\/usu994\/2019\/11\/Carta-comprom\u00eds-19-20-f-2.pdf\">Carta de comprom\u00eds<\/a><\/span><\/li>\n<li><a href=\"https:\/\/agora.xtec.cat\/escsolcunit\/lescola\/documents-descola\/nofc\/\"><span style=\"color: #99cc00;\">Normes d&#8217;organitzaci\u00f3 i funcionament de Centre (NOFC) <\/span><\/a><\/li>\n<li><a href=\"https:\/\/agora.xtec.cat\/escsolcunit\/wp-content\/uploads\/usu994\/2025\/11\/PGAC-25-26.pdf\"><span style=\"color: #99cc00;\">Programaci\u00f3 Genera Anual de Centre (PGAC) <\/span><\/a><\/li>\n<li><span style=\"color: #99cc00;\"><a style=\"color: #99cc00;\" href=\"https:\/\/agora.xtec.cat\/escsolcunit\/wp-content\/uploads\/usu994\/2019\/11\/PLA-de-coordinaci\u00f3-2019-2020.doc-web.pdf\">Pla de coordinaci\u00f3 de centre<\/a><\/span><\/li>\n<li><a href=\"https:\/\/agora.xtec.cat\/escsolcunit\/wp-content\/uploads\/usu994\/2025\/11\/Pla-Salut.pdf\"><span style=\"color: #99cc00;\">Pla de salut<\/span><\/a><\/li>\n<li><span style=\"color: #99cc00;\"><a style=\"color: #99cc00;\" href=\"https:\/\/agora.xtec.cat\/escsolcunit\/wp-content\/uploads\/usu994\/2019\/11\/PLA-DE-LECTURA-DE-CENTRE-19-20-f.pdf\">Pla de lectura de centre<\/a><\/span><\/li>\n<li><a href=\"https:\/\/agora.xtec.cat\/escsolcunit\/wp-content\/uploads\/usu994\/2026\/01\/PROJECTE-DE-CONVIVENCIA.pdf\"><span style=\"color: #99cc00;\">Pla de conviv\u00e8ncia<\/span><\/a><\/li>\n<li><a href=\"https:\/\/agora.xtec.cat\/escsolcunit\/wp-content\/uploads\/usu994\/2019\/11\/Pla-dacci\u00f3-tutorial-19-20-f.pdf\"><span style=\"color: #99cc00;\">Pla d&#8217;acci\u00f3 tutorial<\/span><\/a><\/li>\n<li><span style=\"color: #99cc00;\">Pla d&#8217;acollida<\/span> <span style=\"color: #99cc00;\">(*en revisi\u00f3)<\/span><\/li>\n<li><span style=\"color: #99cc00;\"><a style=\"color: #99cc00;\" href=\"https:\/\/agora.xtec.cat\/escsolcunit\/wp-content\/uploads\/usu994\/2025\/11\/Pla-Atencio-Diversitat.pdf\">Pla d&#8217;atenci\u00f3 a la diversitat<\/a><\/span><\/li>\n<li><a href=\"https:\/\/agora.xtec.cat\/escsolcunit\/wp-content\/uploads\/usu994\/2025\/11\/ilovepdf_merged-1-comprimido-1.pdf\"><span style=\"color: #99cc00;\">Programaci\u00f3 de les festes escolars<\/span><\/a><\/li>\n<li><span style=\"color: #99cc00;\"><a style=\"color: #99cc00;\" href=\"https:\/\/agora.xtec.cat\/escsolcunit\/wp-content\/uploads\/usu994\/2025\/11\/Projecte-Caser-Residencial-2025-2026.pdf\">Projecte col\u00b7laboratiu intergeneracional &#8220;Caser Residencial&#8221;<\/a><\/span><\/li>\n<li><span style=\"color: #99cc00;\">Projecte Educaci\u00f3 Infantil (*en revisi\u00f3)<\/span><\/li>\n<li><a href=\"https:\/\/agora.xtec.cat\/escsolcunit\/wp-content\/uploads\/usu994\/2019\/11\/Projecte-de-m\u00fasica-Notes-al-Vent-Escola-Solcunit-f.pdf\"><span style=\"color: #99cc00;\">Projecte de m\u00fasica \u201cUn infant, un instrument. Notes al vent\u201d<\/span><\/a><\/li>\n<li><span style=\"color: #99cc00;\">Projecte ling\u00fc\u00edstic (*en revisi\u00f3)<\/span><\/li>\n<li><span style=\"color: #99cc00;\">Projecte pas de la lletra de pal a la lletra lligada (Educaci\u00f3 Infantil) (*en revisi\u00f3)<\/span><\/li>\n<li><span style=\"color: #99cc00;\"><a href=\"https:\/\/agora.xtec.cat\/escsolcunit\/wp-content\/uploads\/usu994\/2026\/01\/Projecte-Practicum-24-25-.pdf\">Projecte de pr\u00e0cticum <\/a>\u00a0<\/span><\/li>\n<li><span style=\"color: #99cc00;\"><a style=\"color: #99cc00;\" href=\"https:\/\/agora.xtec.cat\/escsolcunit\/wp-content\/uploads\/usu994\/2019\/11\/Projecte-escacs-f.pdf\">Projecte d&#8217;escacs <\/a>\u00a0<\/span><span style=\"color: #99cc00;\">\u00a0 \u00a0 \u00a0<\/span><\/li>\n<\/ul>\n","protected":false},"excerpt":{"rendered":"<p>En aquesta p\u00e0gina podeu consultar els seg\u00fcents documents de centre:<\/p>\n<ul style=\"list-style-type: disc;\">\n<li><a style=\"color: #99cc00;\" href=\"https:\/\/agora.xtec.cat\/escsolcunit\/wp-content\/uploads\/usu994\/2025\/11\/Projecte-educatiu-centre.pdf\">Projecte Educatiu de Centre<\/a><\/li>\n<li><a style=\"color: #99cc00;\" href=\"https:\/\/agora.xtec.cat\/escsolcunit\/wp-content\/uploads\/usu994\/2019\/11\/Carta-comprom\u00eds-19-20-f-2.pdf\">Carta de comprom\u00eds<\/a><\/li>\n<li><a href=\"https:\/\/agora.xtec.cat\/escsolcunit\/lescola\/documents-descola\/nofc\/\">Normes d&#8217;organitzaci\u00f3 i funcionament de Centre (NOFC) <\/a><\/li>\n<li><a href=\"https:\/\/agora.xtec.cat\/escsolcunit\/wp-content\/uploads\/usu994\/2025\/11\/PGAC-25-26.pdf\">Programaci\u00f3 Genera Anual de Centre (PGAC) <\/a><\/li>\n<li><a style=\"color: #99cc00;\" href=\"https:\/\/agora.xtec.cat\/escsolcunit\/wp-content\/uploads\/usu994\/2019\/11\/PLA-de-coordinaci\u00f3-2019-2020.doc-web.pdf\">Pla de coordinaci\u00f3 de centre<\/a><\/li>\n<li><a&hellip;  <a href=\"https:\/\/agora.xtec.cat\/escsolcunit\/lescola\/documents-descola\/\" title=\"Read Documents d&#8217;escola\">Llegeix m\u00e9s\u00bb<\/a><br \/>\n","protected":false},"author":1,"featured_media":0,"parent":22,"menu_order":100,"comment_status":"closed","ping_status":"closed","template":"page-templates\/side-menu.php","meta":{"_bbp_topic_count":0,"_bbp_reply_count":0,"_bbp_total_topic_count":0,"_bbp_total_reply_count":0,"_bbp_voice_count":0,"_bbp_anonymous_reply_count":0,"_bbp_topic_count_hidden":0,"_bbp_reply_count_hidden":0,"_bbp_forum_subforum_count":0,"footnotes":""},"class_list":["post-747","page","type-page","status-publish","hentry"],"post_mailing_queue_ids":[],"_links":{"self":[{"href":"https:\/\/agora.xtec.cat\/escsolcunit\/wp-json\/wp\/v2\/pages\/747","targetHints":{"allow":["GET"]}}],"collection":[{"href":"https:\/\/agora.xtec.cat\/escsolcunit\/wp-json\/wp\/v2\/pages"}],"about":[{"href":"https:\/\/agora.xtec.cat\/escsolcunit\/wp-json\/wp\/v2\/types\/page"}],"author":[{"embeddable":true,"href":"https:\/\/agora.xtec.cat\/escsolcunit\/wp-json\/wp\/v2\/users\/1"}],"replies":[{"embeddable":true,"href":"https:\/\/agora.xtec.cat\/escsolcunit\/wp-json\/wp\/v2\/comments?post=747"}],"version-history":[{"count":6,"href":"https:\/\/agora.xtec.cat\/escsolcunit\/wp-json\/wp\/v2\/pages\/747\/revisions"}],"predecessor-version":[{"id":19469,"href":"https:\/\/agora.xtec.cat\/escsolcunit\/wp-json\/wp\/v2\/pages\/747\/revisions\/19469"}],"up":[{"embeddable":true,"href":"https:\/\/agora.xtec.cat\/escsolcunit\/wp-json\/wp\/v2\/pages\/22"}],"wp:attachment":[{"href":"https:\/\/agora.xtec.cat\/escsolcunit\/wp-json\/wp\/v2\/media?parent=747"}],"curies":[{"name":"wp","href":"https:\/\/api.w.org\/{rel}","templated":true}]}}