{"id":71,"date":"2014-09-18T12:44:56","date_gmt":"2014-09-18T11:44:56","guid":{"rendered":"http:\/\/agora.xtec.cat\/escsolcunit\/?page_id=71"},"modified":"2024-05-15T10:14:31","modified_gmt":"2024-05-15T08:14:31","slug":"serveis-digitals","status":"publish","type":"page","link":"https:\/\/agora.xtec.cat\/escsolcunit\/families\/serveis-digitals\/","title":{"rendered":"Serveis digitals"},"content":{"rendered":"<p>L&#8217;oferta de <strong>serveis\u00a0digitals<\/strong>\u00a0constitueix un element\u00a0molt important de l&#8217;engranatge d&#8217;un centre educatiu.<\/p>\n<p>La p\u00e0gina web de l&#8217;escola disposa de <strong>blocs per nivell i per especialitats<\/strong>, per a qu\u00e8 les fam\u00edlies podeu veure imatges de les sortides, col\u00f2nies, xerrades i activitats que fan els\/les vostres fills i filles.<\/p>\n<p>L&#8217;escola tamb\u00e9 disposa d&#8217;un <strong>compte d&#8217;Instagram<\/strong> on poder veure imatges de les diferents activitats, sortides, xerrades o informacions diverses d&#8217;una forma m\u00e9s immediata. Podeu seguir el compte de l&#8217;escola a Instagram i rebreu d&#8217;una forma immediata totes les informacions.<\/p>\n<p>Per a m\u00e9s informaci\u00f3 sobre l&#8217;Estrat\u00e8gia Digital de Centre podeu fer clic a l&#8217;enlla\u00e7 seg\u00fcent:<\/p>\n<p style=\"text-align: center;\"><strong><a href=\"https:\/\/sites.google.com\/xtec.cat\/pladestrategiadigital\/inici\">Pla d&#8217;Estrat\u00e8gia Digital<\/a><\/strong><\/p>\n<p style=\"text-align: center;\">\n","protected":false},"excerpt":{"rendered":"<p>L&#8217;oferta de serveis\u00a0digitals\u00a0constitueix un element\u00a0molt important de l&#8217;engranatge d&#8217;un centre educatiu.<br \/>\nLa p\u00e0gina web de l&#8217;escola disposa de blocs per nivell i per especialitats, per a qu\u00e8 les fam\u00edlies podeu veure imatges de les sortides, col\u00f2nies, xerrades i activitats que fan els\/les vostres fills i filles.<br \/>\nL&#8217;escola&hellip;  <a href=\"https:\/\/agora.xtec.cat\/escsolcunit\/families\/serveis-digitals\/\" title=\"Read Serveis digitals\">Llegeix m\u00e9s\u00bb<\/a><\/p>\n","protected":false},"author":1,"featured_media":0,"parent":505,"menu_order":45,"comment_status":"closed","ping_status":"closed","template":"page-templates\/side-menu.php","meta":{"_bbp_topic_count":0,"_bbp_reply_count":0,"_bbp_total_topic_count":0,"_bbp_total_reply_count":0,"_bbp_voice_count":0,"_bbp_anonymous_reply_count":0,"_bbp_topic_count_hidden":0,"_bbp_reply_count_hidden":0,"_bbp_forum_subforum_count":0,"footnotes":""},"class_list":["post-71","page","type-page","status-publish","hentry"],"post_mailing_queue_ids":[],"_links":{"self":[{"href":"https:\/\/agora.xtec.cat\/escsolcunit\/wp-json\/wp\/v2\/pages\/71","targetHints":{"allow":["GET"]}}],"collection":[{"href":"https:\/\/agora.xtec.cat\/escsolcunit\/wp-json\/wp\/v2\/pages"}],"about":[{"href":"https:\/\/agora.xtec.cat\/escsolcunit\/wp-json\/wp\/v2\/types\/page"}],"author":[{"embeddable":true,"href":"https:\/\/agora.xtec.cat\/escsolcunit\/wp-json\/wp\/v2\/users\/1"}],"replies":[{"embeddable":true,"href":"https:\/\/agora.xtec.cat\/escsolcunit\/wp-json\/wp\/v2\/comments?post=71"}],"version-history":[{"count":6,"href":"https:\/\/agora.xtec.cat\/escsolcunit\/wp-json\/wp\/v2\/pages\/71\/revisions"}],"predecessor-version":[{"id":18681,"href":"https:\/\/agora.xtec.cat\/escsolcunit\/wp-json\/wp\/v2\/pages\/71\/revisions\/18681"}],"up":[{"embeddable":true,"href":"https:\/\/agora.xtec.cat\/escsolcunit\/wp-json\/wp\/v2\/pages\/505"}],"wp:attachment":[{"href":"https:\/\/agora.xtec.cat\/escsolcunit\/wp-json\/wp\/v2\/media?parent=71"}],"curies":[{"name":"wp","href":"https:\/\/api.w.org\/{rel}","templated":true}]}}