{"id":66,"date":"2014-09-18T12:40:47","date_gmt":"2014-09-18T11:40:47","guid":{"rendered":"http:\/\/agora.xtec.cat\/escsolcunit\/?page_id=66"},"modified":"2025-11-05T11:00:56","modified_gmt":"2025-11-05T10:00:56","slug":"serveis","status":"publish","type":"page","link":"https:\/\/agora.xtec.cat\/escsolcunit\/serveis\/","title":{"rendered":"Serveis"},"content":{"rendered":"<table border=\"0\" cellspacing=\"0\" cellpadding=\"0\">\n<tbody>\n<tr>\n<td>\n<h4><strong><span lang=\"CA\" style=\"color: #ff0000;\">Acollida matinal<\/span><\/strong><\/h4>\n<\/td>\n<td><span lang=\"CA\">Per ajudar\u00a0 les fam\u00edlies a conciliar l\u2019horari laboral i escolar s\u2019ofereix acollida matinal de 7:30 a 9:00 hores.\u00a0<\/span><span lang=\"CA\">Aquest servei inclou l\u2019esmorzar per als nens i les nenes.\u00a0<\/span><span lang=\"CA\">Organitzaci\u00f3: l\u2019AMPA de l&#8217;escola<\/span><span lang=\"CA\">.\u00a0<\/span><\/p>\n<p><span lang=\"CA\">M\u00e9s informaci\u00f3: <a href=\"http:\/\/ampasolcunit.blogspot.com\/\" rel=\"nofollow\">http:\/\/ampasolcunit.blogspot.com\/<\/a><\/span><\/td>\n<\/tr>\n<tr>\n<td>\n<h4><strong><span lang=\"CA\" style=\"color: #ff6600;\">Menjador escolar<\/span><\/strong><\/h4>\n<\/td>\n<td><span lang=\"CA\">El centre disposa de cuina pr\u00f2pia. El dinar s\u2019elabora cada dia amb productes frescos i el men\u00fa est\u00e0 revisat per una dietista, el cuiner de l\u2019escola i la coordinadora del menjador. <\/span><span lang=\"CA\">Cada fam\u00edlia disposa a l\u2019inici de cada trimestre dels men\u00fas. <\/span><span lang=\"CA\">La gesti\u00f3 del servei \u00e9s a c\u00e0rrec de l\u2019AMPA del centre. <\/span><span lang=\"CA\">Hi ha tamb\u00e9 una administrativa, al servei de les fam\u00edlies, encarregada de gestionar els pagaments i el servei de menjador en general. Els<\/span><span lang=\"CA\"> alumnes de I3 despr\u00e9s fan la migdiada. La coordinadora del menjador t\u00e9 una franja hor\u00e0ria destinada a rebre i entrevistar-se amb les fam\u00edlies, en el cas que sigui necessari. <\/span><span lang=\"CA\">Es realitzen tamb\u00e9 jornades gastron\u00f2miques i de descoberta d\u2019aliments.<\/span><\/p>\n<p><span lang=\"CA\">M\u00e9s informaci\u00f3: <\/span><a href=\"http:\/\/ampasolcunit.blogspot.com\/\" rel=\"nofollow\"><span lang=\"CA\">http:\/\/ampasolcunit.blogspot.com\/<\/span><\/a><\/p>\n<p>Al seg\u00fcent enlla\u00e7 podeu accedir a l&#8217;aplicatiu per fer els pagaments.<\/p>\n<p style=\"text-align: center;\"><strong><span lang=\"CA\"><a href=\"https:\/\/comocomen.com\/__adara045\/\">Aplicatiu menjador<\/a><\/span><\/strong><\/p>\n<\/td>\n<\/tr>\n<tr>\n<td>\n<h4><strong><span lang=\"CA\" style=\"color: #99cc00;\">Transport escolar<\/span><\/strong><\/h4>\n<\/td>\n<td><span lang=\"CA\">S\u2019ofereix un servei de transport escolar organitzat per l&#8217;Ajuntament. Al seg\u00fcent enlla\u00e7 es pot consultar el Pla de transport escolar de l&#8217;escola.<\/span><\/p>\n<p style=\"text-align: center;\"><a href=\"https:\/\/agora.xtec.cat\/escsolcunit\/wp-content\/uploads\/usu994\/2025\/11\/Pla_de_funcionament_de_transport-25-26.pdf\">Pla de funcionament de transport<\/a><\/p>\n<p><span lang=\"CA\">M\u00e9s informaci\u00f3 a <a href=\"http:\/\/www.cunit.cat\/\">l\u2019Ajuntament de Cunit<\/a>.<\/span><\/td>\n<\/tr>\n<tr>\n<td>\n<h4><span style=\"color: #3366ff;\"><strong><span lang=\"CA\">Activitats extraescolars<\/span><\/strong><\/span><\/h4>\n<\/td>\n<td><span lang=\"CA\">S\u2019ofereix diferents activitats extraescolars organitzades per l&#8217;AMPA, a partir de les 16:30 hores.<\/span><\/p>\n<p><span lang=\"CA\">M\u00e9s informaci\u00f3:\u00a0<a href=\"http:\/\/ampasolcunit.blogspot.com\/\" rel=\"nofollow\">http:\/\/ampasolcunit.blogspot.com\/<\/a><\/span><\/td>\n<\/tr>\n<tr>\n<td>\n<h4><span style=\"color: #800080;\"><strong><span lang=\"CA\">AMPA<\/span><\/strong><\/span><\/h4>\n<\/td>\n<td><span lang=\"CA\">L\u2019AMPA col\u00b7labora de manera activa en les activitats que es duen a terme a l\u2019escola. Gestiona, a m\u00e9s a m\u00e9s, el projecte de socialitzaci\u00f3 de llibres.\u00a0<\/span><\/p>\n<p><span lang=\"CA\">M\u00e9s informaci\u00f3: <a href=\"http:\/\/ampasolcunit.blogspot.com\/\" rel=\"nofollow\">http:\/\/ampasolcunit.blogspot.com\/<\/a><\/span><\/td>\n<\/tr>\n<\/tbody>\n<\/table>\n<p>&nbsp;<\/p>\n","protected":false},"excerpt":{"rendered":"<p>Acollida matinal<\/p>\n<p>Per ajudar\u00a0 les fam\u00edlies a conciliar l\u2019horari laboral i escolar s\u2019ofereix acollida matinal de 7:30 a 9:00 hores.\u00a0Aquest servei inclou l\u2019esmorzar per als nens i les nenes.\u00a0Organitzaci\u00f3: l\u2019AMPA de l&#8217;escola.\u00a0<br \/>\nM\u00e9s informaci\u00f3: <a href=\"http:\/\/ampasolcunit.blogspot.com\/\" rel=\"nofollow\">http:\/\/ampasolcunit.blogspot.com\/<\/a><\/p>\n<p>Menjador escolar<\/p>\n<p>El centre disposa de cuina pr\u00f2pia. El dinar s\u2019elabora cada&hellip;  <a href=\"https:\/\/agora.xtec.cat\/escsolcunit\/serveis\/\" title=\"Read Serveis\">Llegeix m\u00e9s\u00bb<\/a><\/p>\n","protected":false},"author":1,"featured_media":0,"parent":0,"menu_order":0,"comment_status":"closed","ping_status":"closed","template":"page-templates\/side-menu.php","meta":{"_bbp_topic_count":0,"_bbp_reply_count":0,"_bbp_total_topic_count":0,"_bbp_total_reply_count":0,"_bbp_voice_count":0,"_bbp_anonymous_reply_count":0,"_bbp_topic_count_hidden":0,"_bbp_reply_count_hidden":0,"_bbp_forum_subforum_count":0,"footnotes":""},"class_list":["post-66","page","type-page","status-publish","hentry"],"post_mailing_queue_ids":[],"_links":{"self":[{"href":"https:\/\/agora.xtec.cat\/escsolcunit\/wp-json\/wp\/v2\/pages\/66","targetHints":{"allow":["GET"]}}],"collection":[{"href":"https:\/\/agora.xtec.cat\/escsolcunit\/wp-json\/wp\/v2\/pages"}],"about":[{"href":"https:\/\/agora.xtec.cat\/escsolcunit\/wp-json\/wp\/v2\/types\/page"}],"author":[{"embeddable":true,"href":"https:\/\/agora.xtec.cat\/escsolcunit\/wp-json\/wp\/v2\/users\/1"}],"replies":[{"embeddable":true,"href":"https:\/\/agora.xtec.cat\/escsolcunit\/wp-json\/wp\/v2\/comments?post=66"}],"version-history":[{"count":7,"href":"https:\/\/agora.xtec.cat\/escsolcunit\/wp-json\/wp\/v2\/pages\/66\/revisions"}],"predecessor-version":[{"id":19265,"href":"https:\/\/agora.xtec.cat\/escsolcunit\/wp-json\/wp\/v2\/pages\/66\/revisions\/19265"}],"wp:attachment":[{"href":"https:\/\/agora.xtec.cat\/escsolcunit\/wp-json\/wp\/v2\/media?parent=66"}],"curies":[{"name":"wp","href":"https:\/\/api.w.org\/{rel}","templated":true}]}}