{"id":529,"date":"2016-03-11T13:19:54","date_gmt":"2016-03-11T12:19:54","guid":{"rendered":"http:\/\/agora.xtec.cat\/escsolcunit\/?page_id=529"},"modified":"2024-12-16T12:50:30","modified_gmt":"2024-12-16T11:50:30","slug":"festes-escolars","status":"publish","type":"page","link":"https:\/\/agora.xtec.cat\/escsolcunit\/families\/festes-escolars\/","title":{"rendered":"Festes escolars"},"content":{"rendered":"<p>L&#8217;escola celebra les festes arrelades a la nostra cultura al llarg de tot el curs:<\/p>\n<ul>\n<li>Castanyada<\/li>\n<li>Santa Cec\u00edlia<\/li>\n<li>Nadal<\/li>\n<li>Dia de la Pau<\/li>\n<li>Carnaval<\/li>\n<li>Sant Jordi<\/li>\n<li>Fi de curs<\/li>\n<\/ul>\n<p>Algunes d&#8217;aquestes festes s\u00f3n obertes a les fam\u00edlies i d&#8217;altres s\u00f3n internes, nom\u00e9s per als alumnes de l&#8217;escola.<img loading=\"lazy\" decoding=\"async\" class=\"aligncenter size-medium wp-image-18988\" src=\"https:\/\/agora.xtec.cat\/escsolcunit\/wp-content\/uploads\/usu994\/2024\/12\/calendario-300x188.jpg\" alt=\"\" width=\"300\" height=\"188\" srcset=\"https:\/\/agora.xtec.cat\/escsolcunit\/wp-content\/uploads\/usu994\/2024\/12\/calendario-300x188.jpg 300w, https:\/\/agora.xtec.cat\/escsolcunit\/wp-content\/uploads\/usu994\/2024\/12\/calendario-768x480.jpg 768w, https:\/\/agora.xtec.cat\/escsolcunit\/wp-content\/uploads\/usu994\/2024\/12\/calendario.jpg 800w\" sizes=\"auto, (max-width: 300px) 100vw, 300px\" \/><\/p>\n","protected":false},"excerpt":{"rendered":"<p>L&#8217;escola celebra les festes arrelades a la nostra cultura al llarg de tot el curs:<\/p>\n<ul>\n<li>Castanyada<\/li>\n<li>Santa Cec\u00edlia<\/li>\n<li>Nadal<\/li>\n<li>Dia de la Pau<\/li>\n<li>Carnaval<\/li>\n<li>Sant Jordi<\/li>\n<li>Fi de curs<\/li>\n<\/ul>\n<p>Algunes d&#8217;aquestes festes s\u00f3n obertes a les fam\u00edlies i d&#8217;altres s\u00f3n internes, nom\u00e9s per als alumnes de l&#8217;escola.<\/p>\n","protected":false},"author":1,"featured_media":0,"parent":505,"menu_order":50,"comment_status":"closed","ping_status":"closed","template":"page-templates\/side-menu.php","meta":{"_bbp_topic_count":0,"_bbp_reply_count":0,"_bbp_total_topic_count":0,"_bbp_total_reply_count":0,"_bbp_voice_count":0,"_bbp_anonymous_reply_count":0,"_bbp_topic_count_hidden":0,"_bbp_reply_count_hidden":0,"_bbp_forum_subforum_count":0,"footnotes":""},"class_list":["post-529","page","type-page","status-publish","hentry"],"post_mailing_queue_ids":[],"_links":{"self":[{"href":"https:\/\/agora.xtec.cat\/escsolcunit\/wp-json\/wp\/v2\/pages\/529","targetHints":{"allow":["GET"]}}],"collection":[{"href":"https:\/\/agora.xtec.cat\/escsolcunit\/wp-json\/wp\/v2\/pages"}],"about":[{"href":"https:\/\/agora.xtec.cat\/escsolcunit\/wp-json\/wp\/v2\/types\/page"}],"author":[{"embeddable":true,"href":"https:\/\/agora.xtec.cat\/escsolcunit\/wp-json\/wp\/v2\/users\/1"}],"replies":[{"embeddable":true,"href":"https:\/\/agora.xtec.cat\/escsolcunit\/wp-json\/wp\/v2\/comments?post=529"}],"version-history":[{"count":5,"href":"https:\/\/agora.xtec.cat\/escsolcunit\/wp-json\/wp\/v2\/pages\/529\/revisions"}],"predecessor-version":[{"id":18989,"href":"https:\/\/agora.xtec.cat\/escsolcunit\/wp-json\/wp\/v2\/pages\/529\/revisions\/18989"}],"up":[{"embeddable":true,"href":"https:\/\/agora.xtec.cat\/escsolcunit\/wp-json\/wp\/v2\/pages\/505"}],"wp:attachment":[{"href":"https:\/\/agora.xtec.cat\/escsolcunit\/wp-json\/wp\/v2\/media?parent=529"}],"curies":[{"name":"wp","href":"https:\/\/api.w.org\/{rel}","templated":true}]}}