{"id":527,"date":"2016-03-11T13:13:59","date_gmt":"2016-03-11T12:13:59","guid":{"rendered":"http:\/\/agora.xtec.cat\/escsolcunit\/?page_id=527"},"modified":"2025-11-05T10:51:41","modified_gmt":"2025-11-05T09:51:41","slug":"projecte-de-socialitzacio-de-llibres","status":"publish","type":"page","link":"https:\/\/agora.xtec.cat\/escsolcunit\/families\/projecte-de-socialitzacio-de-llibres\/","title":{"rendered":"Projecte de socialitzaci\u00f3 de llibres"},"content":{"rendered":"<ul>\n<li><span style=\"font-size: medium;\">Quota \u00fanica que inclou els llibres de text de l&#8217;alumne\/a i el material escolar.<br \/>\n<\/span><\/li>\n<li><span style=\"font-size: medium;\">Les fam\u00edlies que no vulguin adherir-se al projecte han de fer un pagament de 60\u20ac en concepte de material a l&#8217;escola.<\/span><\/li>\n<li><span style=\"font-size: medium;\">Els alumnes d&#8217;infantil han de pagar una quota de 120\u20ac.<\/span><\/li>\n<\/ul>\n<p style=\"text-align: center;\"><a href=\"https:\/\/agora.xtec.cat\/escsolcunit\/wp-content\/uploads\/usu994\/2025\/11\/Llistat-llibres_Primaria_25-26.pdf\">Llistat de llibres de Prim\u00e0ria 25-26<\/a><\/p>\n<div style=\"text-align: center;\"><\/div>\n<ul>\n<li><em><span style=\"font-size: medium;\">Per a m\u00e9s informaci\u00f3 us podeu adre\u00e7ar a l&#8217;AMPA de l&#8217;escola.<\/span><\/em><\/li>\n<\/ul>\n","protected":false},"excerpt":{"rendered":"<ul>\n<li>Quota \u00fanica que inclou els llibres de text de l&#8217;alumne\/a i el material escolar.\n<\/li>\n<li>Les fam\u00edlies que no vulguin adherir-se al projecte han de fer un pagament de 60\u20ac en concepte de material a l&#8217;escola.<\/li>\n<li>Els alumnes d&#8217;infantil han de pagar una quota de 120\u20ac.<\/li>\n<\/ul>\n<p><a href=\"https:\/\/agora.xtec.cat\/escsolcunit\/wp-content\/uploads\/usu994\/2025\/11\/Llistat-llibres_Primaria_25-26.pdf\">Llistat de&hellip;  <a href=\"https:\/\/agora.xtec.cat\/escsolcunit\/families\/projecte-de-socialitzacio-de-llibres\/\" title=\"Read Projecte de socialitzaci\u00f3 de llibres\">Llegeix m\u00e9s\u00bb<\/a><\/p>\n","protected":false},"author":1,"featured_media":0,"parent":505,"menu_order":20,"comment_status":"closed","ping_status":"closed","template":"page-templates\/side-menu.php","meta":{"_bbp_topic_count":0,"_bbp_reply_count":0,"_bbp_total_topic_count":0,"_bbp_total_reply_count":0,"_bbp_voice_count":0,"_bbp_anonymous_reply_count":0,"_bbp_topic_count_hidden":0,"_bbp_reply_count_hidden":0,"_bbp_forum_subforum_count":0,"footnotes":""},"class_list":["post-527","page","type-page","status-publish","hentry"],"post_mailing_queue_ids":[],"_links":{"self":[{"href":"https:\/\/agora.xtec.cat\/escsolcunit\/wp-json\/wp\/v2\/pages\/527","targetHints":{"allow":["GET"]}}],"collection":[{"href":"https:\/\/agora.xtec.cat\/escsolcunit\/wp-json\/wp\/v2\/pages"}],"about":[{"href":"https:\/\/agora.xtec.cat\/escsolcunit\/wp-json\/wp\/v2\/types\/page"}],"author":[{"embeddable":true,"href":"https:\/\/agora.xtec.cat\/escsolcunit\/wp-json\/wp\/v2\/users\/1"}],"replies":[{"embeddable":true,"href":"https:\/\/agora.xtec.cat\/escsolcunit\/wp-json\/wp\/v2\/comments?post=527"}],"version-history":[{"count":6,"href":"https:\/\/agora.xtec.cat\/escsolcunit\/wp-json\/wp\/v2\/pages\/527\/revisions"}],"predecessor-version":[{"id":19262,"href":"https:\/\/agora.xtec.cat\/escsolcunit\/wp-json\/wp\/v2\/pages\/527\/revisions\/19262"}],"up":[{"embeddable":true,"href":"https:\/\/agora.xtec.cat\/escsolcunit\/wp-json\/wp\/v2\/pages\/505"}],"wp:attachment":[{"href":"https:\/\/agora.xtec.cat\/escsolcunit\/wp-json\/wp\/v2\/media?parent=527"}],"curies":[{"name":"wp","href":"https:\/\/api.w.org\/{rel}","templated":true}]}}