{"id":511,"date":"2016-03-09T10:28:04","date_gmt":"2016-03-09T09:28:04","guid":{"rendered":"http:\/\/agora.xtec.cat\/escsolcunit\/?page_id=511"},"modified":"2025-11-17T13:02:12","modified_gmt":"2025-11-17T12:02:12","slug":"pla-de-consum-de-fruita","status":"publish","type":"page","link":"https:\/\/agora.xtec.cat\/escsolcunit\/lescola\/pla-de-consum-de-fruita\/","title":{"rendered":"Pla de Consum de Fruita"},"content":{"rendered":"<div>\n<h2><span style=\"color: #ff9900;\"><span style=\"font-size: xx-large;\">A L&#8217;ESCOLA LA FRUITA NO T\u00c9 RIVAL<\/span><\/span><\/h2>\n<h4><span style=\"color: #ff9900; font-size: medium;\">Campanya per promoure el consum de fruita entre els escolars &gt; <\/span><strong style=\"color: #ff9900; font-size: medium;\"><a href=\"https:\/\/agricultura.gencat.cat\/ca\/ambits\/alimentacio\/promocio-agroalimentaria\/fruita-llet-escoles\/fruita-escoles\/\">enlla\u00e7<\/a><\/strong><\/h4>\n<\/div>\n<h6><\/h6>\n<h6><span style=\"color: #008000; font-size: 1em; font-weight: bold;\">Consisteix a distribuir gratu\u00eftament fruita i verdura fresca als escolars de 2n cicle d\u2019Educaci\u00f3 Infantil i de Prim\u00e0ria (infants de 3 a 12 anys) de centres educatius que ho demanin.<\/span><\/h6>\n<h6><\/h6>\n<div id=\"bloc2\" class=\"panel-collapse collapse in\">\n<div class=\"col-xs-12\">\n<div class=\"cos_bloc basic_text_peq pd-15\">\n<h6><span style=\"color: #008000;\">\u00c9s una iniciativa de la Uni\u00f3 Europea que es fa efectiva per una acci\u00f3 coordinada dels Departaments d\u2019Agricultura, Salut i Educaci\u00f3.<\/span><\/h6>\n<h6><\/h6>\n<h6><span style=\"color: #008000;\">Els objectius s\u00f3n:<\/span><\/h6>\n<ul>\n<li>\n<h6><span style=\"color: #008000;\">Oferir fruita gratu\u00efta en els esmorzars i berenars dins del centre escolar.<\/span><\/h6>\n<\/li>\n<li>\n<h6><span style=\"color: #008000;\">Informar sobre els beneficis d&#8217;incrementar el consum de fruites i verdures, i sobre la seva diversitat, caracter\u00edstiques, producci\u00f3, l\u2019estacionalitat, etc.<\/span><\/h6>\n<\/li>\n<li>\n<h6><span style=\"color: #008000;\">Proposar el consum de fruites com una alternativa excel\u00b7lent al consum d\u2019altres aliments amb menys qualitat nutricional.<\/span><\/h6>\n<\/li>\n<\/ul>\n<h6><span style=\"color: #008000;\">Es pret\u00e9n potenciar accions que afavoreixin la salut dels infants, com ara augmentar el consum de fruites i verdures, fruita seca, llegums, aigua i joc actiu. I reduir el consum de llaminadures, begudes refrescants, brioixeria i videojocs sedentaris.<\/span><\/h6>\n<p>&nbsp;<\/p>\n<p><span style=\"color: #993366; font-size: 1em; font-weight: bold;\">Durant el curs escolar, una setmana de cada mes, es distribuir\u00e0 fruita i\/o verdura seleccionada en funci\u00f3 de l\u2019estaci\u00f3 de l\u2019any, la proximitat de producci\u00f3 i la qualitat.<\/span><\/p>\n<\/div>\n<\/div>\n<\/div>\n<div id=\"bloc3\" class=\"panel-collapse collapse in\">\n<div class=\"col-xs-12\">\n<div class=\"cos_bloc basic_text_peq pd-15\">\n<h6><span style=\"color: #993366;\">La fruita es repartir\u00e0 entre els nens i les nenes dins del recinte de l\u2019escola perqu\u00e8 en consumeixin durant l\u2019esmorzar i\/o el berenar.<\/span><\/h6>\n<h6><span style=\"color: #993366;\">Els centres educatius rebran un calendari on s&#8217;indicaran les setmanes en qu\u00e8 es far\u00e0 la distribuci\u00f3 dels productes seleccionats i en qu\u00e8 podran consultar informaci\u00f3 sobre fruites i verdures.<\/span><\/h6>\n<h6><span style=\"color: #993366;\">Les escoles participants desenvoluparan activitats complement\u00e0ries al consum de fruita.<\/span><\/h6>\n<\/div>\n<\/div>\n<\/div>\n<h4><br style=\"color: #6aa84f; font-size: large;\" \/><span style=\"font-size: x-large;\"><span style=\"color: #ff9900;\"><b>Qu\u00e8 \u00e9s una raci\u00f3 de fruita<\/b>?<\/span><\/span><\/h4>\n<p><strong><span style=\"color: #339966;\">&#8211; 1 pe\u00e7a mitjana de poma, pera, taronja, pr\u00e9ssec, etc.<\/span><\/strong><br \/>\n<strong><span style=\"color: #339966;\"> &#8211; 1 o 2 talls de s\u00edndria, mel\u00f3, pinya, etc.<\/span><\/strong><br \/>\n<strong><span style=\"color: #339966;\"> &#8211; 1 bol de cireres, maduixes, etc.<\/span><\/strong><\/p>\n<p><span style=\"font-size: x-large;\"><span style=\"color: #ff9900;\"><b>Qu\u00e8 \u00e9s una raci\u00f3 de verdura<\/b>?<\/span><\/span><\/p>\n<p><strong><span style=\"color: #339966;\">&#8211; 1 plat de verdura cuita, mongeta tendra, espinacs, crema de carabass\u00f3, minestra, etc.<\/span><\/strong><br \/>\n<strong><span style=\"color: #339966;\"> &#8211; 1 o 2 tom\u00e0quets amanits, etc.<\/span><\/strong><br \/>\n<strong><span style=\"color: #339966;\"> &#8211; 1 plat d&#8217;amanida variada, etc.<\/span><\/strong><\/p>\n<p style=\"text-align: center;\"><a href=\"https:\/\/agora.xtec.cat\/escsolcunit\/wp-content\/uploads\/usu994\/2025\/11\/triptic-programa-consum-fruita-hortalisses-escoles-unio-europea.pdf\">TR\u00cdPTIC<\/a><\/p>\n<div><\/div>\n","protected":false},"excerpt":{"rendered":"<p>A L&#8217;ESCOLA LA FRUITA NO T\u00c9 RIVAL<br \/>\nCampanya per promoure el consum de fruita entre els escolars &gt; <a href=\"https:\/\/agricultura.gencat.cat\/ca\/ambits\/alimentacio\/promocio-agroalimentaria\/fruita-llet-escoles\/fruita-escoles\/\">enlla\u00e7<\/a><\/p>\n<p>Consisteix a distribuir gratu\u00eftament fruita i verdura fresca als escolars de 2n cicle d\u2019Educaci\u00f3 Infantil i de Prim\u00e0ria (infants de 3 a 12 anys) de centres educatius&hellip;  <a href=\"https:\/\/agora.xtec.cat\/escsolcunit\/lescola\/pla-de-consum-de-fruita\/\" title=\"Read Pla de Consum de Fruita\">Llegeix m\u00e9s\u00bb<\/a><\/p>\n","protected":false},"author":1,"featured_media":0,"parent":22,"menu_order":80,"comment_status":"closed","ping_status":"closed","template":"page-templates\/side-menu.php","meta":{"_bbp_topic_count":0,"_bbp_reply_count":0,"_bbp_total_topic_count":0,"_bbp_total_reply_count":0,"_bbp_voice_count":0,"_bbp_anonymous_reply_count":0,"_bbp_topic_count_hidden":0,"_bbp_reply_count_hidden":0,"_bbp_forum_subforum_count":0,"footnotes":""},"class_list":["post-511","page","type-page","status-publish","hentry"],"post_mailing_queue_ids":[],"_links":{"self":[{"href":"https:\/\/agora.xtec.cat\/escsolcunit\/wp-json\/wp\/v2\/pages\/511","targetHints":{"allow":["GET"]}}],"collection":[{"href":"https:\/\/agora.xtec.cat\/escsolcunit\/wp-json\/wp\/v2\/pages"}],"about":[{"href":"https:\/\/agora.xtec.cat\/escsolcunit\/wp-json\/wp\/v2\/types\/page"}],"author":[{"embeddable":true,"href":"https:\/\/agora.xtec.cat\/escsolcunit\/wp-json\/wp\/v2\/users\/1"}],"replies":[{"embeddable":true,"href":"https:\/\/agora.xtec.cat\/escsolcunit\/wp-json\/wp\/v2\/comments?post=511"}],"version-history":[{"count":7,"href":"https:\/\/agora.xtec.cat\/escsolcunit\/wp-json\/wp\/v2\/pages\/511\/revisions"}],"predecessor-version":[{"id":19340,"href":"https:\/\/agora.xtec.cat\/escsolcunit\/wp-json\/wp\/v2\/pages\/511\/revisions\/19340"}],"up":[{"embeddable":true,"href":"https:\/\/agora.xtec.cat\/escsolcunit\/wp-json\/wp\/v2\/pages\/22"}],"wp:attachment":[{"href":"https:\/\/agora.xtec.cat\/escsolcunit\/wp-json\/wp\/v2\/media?parent=511"}],"curies":[{"name":"wp","href":"https:\/\/api.w.org\/{rel}","templated":true}]}}