{"id":508,"date":"2016-03-09T10:22:57","date_gmt":"2016-03-09T09:22:57","guid":{"rendered":"http:\/\/agora.xtec.cat\/escsolcunit\/?page_id=508"},"modified":"2025-11-14T09:32:20","modified_gmt":"2025-11-14T08:32:20","slug":"nofc","status":"publish","type":"page","link":"https:\/\/agora.xtec.cat\/escsolcunit\/lescola\/documents-descola\/nofc\/","title":{"rendered":"Normes d&#8217;organitzaci\u00f3 i funcionament del centre (NOFC)"},"content":{"rendered":"<p style=\"text-align: justify;\">Les Normes d\u2019Organitzaci\u00f3 i Funcionament de Centre (NOFC) de l\u2019escola Solcunit, coherents amb els principis, valors, objectius i criteris educatius del seu Projecte Educatiu (PEC), i prenent com a refer\u00e8ncia els fonaments legals i normatius corresponents relacionats amb l\u2019educaci\u00f3 de les persones, recullen els acords i decisions d\u2019organitzaci\u00f3 i de funcionament del centre per aplicar i fer possible, en el dia a dia, el treball educatiu i de gesti\u00f3 que permeti assolir els objectius proposats en el PEC, en el Projecte de Direcci\u00f3 i en la Programaci\u00f3 Anual.<\/p>\n<p style=\"text-align: justify;\">Aquestes Normes regulen, entre altres, els trets b\u00e0sics de la conviv\u00e8ncia i de l\u2019organitzaci\u00f3 interna del centre, la participaci\u00f3 activa de tots els membres de la comunitat educativa, el reconeixement dels drets i deures dels diferents sectors d\u2019aquesta comunitat i el r\u00e8gim disciplinari adaptat a la situaci\u00f3 del centre en cada moment, d\u2019acord amb la normativa vigent.<\/p>\n<p>El present document es basa fonamentalment en els preceptes establerts en els textos legals i sobre els quals es concreten els continguts a la idiosincr\u00e0sia del centre, tenint en compte el marc de refer\u00e8ncia legal establert en cada cas.<\/p>\n<p>Per consultar el document feu clic al seg\u00fcent enlla\u00e7:<\/p>\n<p style=\"text-align: center;\"><a href=\"https:\/\/agora.xtec.cat\/escsolcunit\/wp-content\/uploads\/usu994\/2025\/11\/NOFC-juny-23.pdf\">Normes d&#8217;organitzaci\u00f3 i funcionament del centre (NOFC)<\/a><\/p>\n<p>&nbsp;<\/p>\n","protected":false},"excerpt":{"rendered":"<p>Les Normes d\u2019Organitzaci\u00f3 i Funcionament de Centre (NOFC) de l\u2019escola Solcunit, coherents amb els principis, valors, objectius i criteris educatius del seu Projecte Educatiu (PEC), i prenent com a refer\u00e8ncia els fonaments legals i normatius corresponents relacionats amb l\u2019educaci\u00f3 de les persones, recullen els acords&hellip;  <a href=\"https:\/\/agora.xtec.cat\/escsolcunit\/lescola\/documents-descola\/nofc\/\" title=\"Read Normes d&#8217;organitzaci\u00f3 i funcionament del centre (NOFC)\">Llegeix m\u00e9s\u00bb<\/a><\/p>\n","protected":false},"author":1,"featured_media":0,"parent":747,"menu_order":0,"comment_status":"closed","ping_status":"closed","template":"page-templates\/side-menu.php","meta":{"_bbp_topic_count":0,"_bbp_reply_count":0,"_bbp_total_topic_count":0,"_bbp_total_reply_count":0,"_bbp_voice_count":0,"_bbp_anonymous_reply_count":0,"_bbp_topic_count_hidden":0,"_bbp_reply_count_hidden":0,"_bbp_forum_subforum_count":0,"footnotes":""},"class_list":["post-508","page","type-page","status-publish","hentry"],"post_mailing_queue_ids":[],"_links":{"self":[{"href":"https:\/\/agora.xtec.cat\/escsolcunit\/wp-json\/wp\/v2\/pages\/508","targetHints":{"allow":["GET"]}}],"collection":[{"href":"https:\/\/agora.xtec.cat\/escsolcunit\/wp-json\/wp\/v2\/pages"}],"about":[{"href":"https:\/\/agora.xtec.cat\/escsolcunit\/wp-json\/wp\/v2\/types\/page"}],"author":[{"embeddable":true,"href":"https:\/\/agora.xtec.cat\/escsolcunit\/wp-json\/wp\/v2\/users\/1"}],"replies":[{"embeddable":true,"href":"https:\/\/agora.xtec.cat\/escsolcunit\/wp-json\/wp\/v2\/comments?post=508"}],"version-history":[{"count":5,"href":"https:\/\/agora.xtec.cat\/escsolcunit\/wp-json\/wp\/v2\/pages\/508\/revisions"}],"predecessor-version":[{"id":19328,"href":"https:\/\/agora.xtec.cat\/escsolcunit\/wp-json\/wp\/v2\/pages\/508\/revisions\/19328"}],"up":[{"embeddable":true,"href":"https:\/\/agora.xtec.cat\/escsolcunit\/wp-json\/wp\/v2\/pages\/747"}],"wp:attachment":[{"href":"https:\/\/agora.xtec.cat\/escsolcunit\/wp-json\/wp\/v2\/media?parent=508"}],"curies":[{"name":"wp","href":"https:\/\/api.w.org\/{rel}","templated":true}]}}