{"id":505,"date":"2016-03-09T10:19:29","date_gmt":"2016-03-09T09:19:29","guid":{"rendered":"http:\/\/agora.xtec.cat\/escsolcunit\/?page_id=505"},"modified":"2025-11-14T09:28:28","modified_gmt":"2025-11-14T08:28:28","slug":"families","status":"publish","type":"page","link":"https:\/\/agora.xtec.cat\/escsolcunit\/families\/","title":{"rendered":"Fam\u00edlies"},"content":{"rendered":"<p>En aquesta p\u00e0gina trobareu tots els documents, autoritzacions de sortides, aix\u00ed com altres informacions d&#8217;inter\u00e8s.<\/p>\n<table style=\"height: 178px; width: 84.7403%;\" width=\"470\">\n<tbody>\n<tr>\n<td style=\"width: 47.3078%;\">\n<ul>\n<li>\n<h6><span style=\"color: #ff6600;\"><a href=\"http:\/\/agora.xtec.cat\/escsolcunit\/families\/documents-dinici-de-curs\/\" target=\"_blank\" rel=\"noopener\">Documents d&#8217;inici de curs<\/a><\/span><\/h6>\n<\/li>\n<li><strong><a href=\"https:\/\/agora.xtec.cat\/escsolcunit\/families\/autoritzacions-de-lalumnat\/\">Autoritzacions de l&#8217;alumnat<\/a><\/strong><\/li>\n<li>\n<h6><span style=\"color: #ff6600;\"><a href=\"http:\/\/agora.xtec.cat\/escsolcunit\/families\/projecte-de-socialitzacio-de-llibres\/\" target=\"_blank\" rel=\"noopener\">Projecte de socialitzaci\u00f3 de llibres<\/a><\/span><\/h6>\n<\/li>\n<li><a href=\"https:\/\/agora.xtec.cat\/escsolcunit\/lescola\/pla-de-consum-de-fruita\/\">Pla de Consum de Fruita<\/a><\/li>\n<li>\n<h6><span style=\"color: #ff6600;\"><a href=\"http:\/\/agora.xtec.cat\/escsolcunit\/families\/salut\/\" target=\"_blank\" rel=\"noopener\">Salut<\/a><\/span><\/h6>\n<\/li>\n<li>\n<h6><span style=\"color: #ff6600;\"><a href=\"http:\/\/agora.xtec.cat\/escsolcunit\/families\/internet-segura\/\" target=\"_blank\" rel=\"noopener\">Internet segura<\/a><\/span><\/h6>\n<\/li>\n<li><a href=\"https:\/\/agora.xtec.cat\/escsolcunit\/families\/serveis-digitals\/\">Serveis digitals<\/a><\/li>\n<li>\n<h6><span style=\"color: #ff6600;\"><a href=\"http:\/\/agora.xtec.cat\/escsolcunit\/families\/festes-escolars\/\" target=\"_blank\" rel=\"noopener\">Festes escolars<\/a><\/span><\/h6>\n<\/li>\n<\/ul>\n<\/td>\n<td style=\"width: 85.532%;\"><img loading=\"lazy\" decoding=\"async\" class=\"aligncenter size-medium wp-image-19319\" src=\"https:\/\/agora.xtec.cat\/escsolcunit\/wp-content\/uploads\/usu994\/2025\/11\/family-4799466_1280-300x200.jpg\" alt=\"\" width=\"300\" height=\"200\" srcset=\"https:\/\/agora.xtec.cat\/escsolcunit\/wp-content\/uploads\/usu994\/2025\/11\/family-4799466_1280-300x200.jpg 300w, https:\/\/agora.xtec.cat\/escsolcunit\/wp-content\/uploads\/usu994\/2025\/11\/family-4799466_1280-1024x682.jpg 1024w, https:\/\/agora.xtec.cat\/escsolcunit\/wp-content\/uploads\/usu994\/2025\/11\/family-4799466_1280-768x512.jpg 768w, https:\/\/agora.xtec.cat\/escsolcunit\/wp-content\/uploads\/usu994\/2025\/11\/family-4799466_1280.jpg 1280w\" sizes=\"auto, (max-width: 300px) 100vw, 300px\" \/><\/td>\n<\/tr>\n<\/tbody>\n<\/table>\n","protected":false},"excerpt":{"rendered":"<p>En aquesta p\u00e0gina trobareu tots els documents, autoritzacions de sortides, aix\u00ed com altres informacions d&#8217;inter\u00e8s.<\/p>\n<ul>\n<li>\n<a href=\"http:\/\/agora.xtec.cat\/escsolcunit\/families\/documents-dinici-de-curs\/\" target=\"_blank\" rel=\"noopener\">Documents d&#8217;inici de curs<\/a>\n<\/li>\n<li><a href=\"https:\/\/agora.xtec.cat\/escsolcunit\/families\/autoritzacions-de-lalumnat\/\">Autoritzacions de l&#8217;alumnat<\/a><\/li>\n<li>\n<a href=\"http:\/\/agora.xtec.cat\/escsolcunit\/families\/projecte-de-socialitzacio-de-llibres\/\" target=\"_blank\" rel=\"noopener\">Projecte de socialitzaci\u00f3 de llibres<\/a>\n<\/li>\n<li><a href=\"https:\/\/agora.xtec.cat\/escsolcunit\/lescola\/pla-de-consum-de-fruita\/\">Pla de Consum de Fruita<\/a><\/li>\n<li>\n<a href=\"http:\/\/agora.xtec.cat\/escsolcunit\/families\/salut\/\" target=\"_blank\" rel=\"noopener\">Salut<\/a>\n<\/li>\n<li>\n<a href=\"http:\/\/agora.xtec.cat\/escsolcunit\/families\/internet-segura\/\" target=\"_blank\" rel=\"noopener\">Internet segura<\/a>\n<\/li>\n<li><a href=\"https:\/\/agora.xtec.cat\/escsolcunit\/families\/serveis-digitals\/\">Serveis digitals<\/a><\/li>\n<li>\n<a&hellip;  <a href=\"https:\/\/agora.xtec.cat\/escsolcunit\/families\/\" title=\"Read Fam\u00edlies\">Llegeix m\u00e9s\u00bb<\/a><\/p>\n","protected":false},"author":1,"featured_media":0,"parent":0,"menu_order":0,"comment_status":"closed","ping_status":"closed","template":"page-templates\/side-menu.php","meta":{"_bbp_topic_count":0,"_bbp_reply_count":0,"_bbp_total_topic_count":0,"_bbp_total_reply_count":0,"_bbp_voice_count":0,"_bbp_anonymous_reply_count":0,"_bbp_topic_count_hidden":0,"_bbp_reply_count_hidden":0,"_bbp_forum_subforum_count":0,"footnotes":""},"class_list":["post-505","page","type-page","status-publish","hentry"],"post_mailing_queue_ids":[],"_links":{"self":[{"href":"https:\/\/agora.xtec.cat\/escsolcunit\/wp-json\/wp\/v2\/pages\/505","targetHints":{"allow":["GET"]}}],"collection":[{"href":"https:\/\/agora.xtec.cat\/escsolcunit\/wp-json\/wp\/v2\/pages"}],"about":[{"href":"https:\/\/agora.xtec.cat\/escsolcunit\/wp-json\/wp\/v2\/types\/page"}],"author":[{"embeddable":true,"href":"https:\/\/agora.xtec.cat\/escsolcunit\/wp-json\/wp\/v2\/users\/1"}],"replies":[{"embeddable":true,"href":"https:\/\/agora.xtec.cat\/escsolcunit\/wp-json\/wp\/v2\/comments?post=505"}],"version-history":[{"count":7,"href":"https:\/\/agora.xtec.cat\/escsolcunit\/wp-json\/wp\/v2\/pages\/505\/revisions"}],"predecessor-version":[{"id":19326,"href":"https:\/\/agora.xtec.cat\/escsolcunit\/wp-json\/wp\/v2\/pages\/505\/revisions\/19326"}],"wp:attachment":[{"href":"https:\/\/agora.xtec.cat\/escsolcunit\/wp-json\/wp\/v2\/media?parent=505"}],"curies":[{"name":"wp","href":"https:\/\/api.w.org\/{rel}","templated":true}]}}