{"id":38,"date":"2014-09-18T12:34:08","date_gmt":"2014-09-18T11:34:08","guid":{"rendered":"http:\/\/agora.xtec.cat\/escsolcunit\/?page_id=38"},"modified":"2024-03-01T15:58:42","modified_gmt":"2024-03-01T14:58:42","slug":"salut","status":"publish","type":"page","link":"https:\/\/agora.xtec.cat\/escsolcunit\/families\/salut\/","title":{"rendered":"Salut"},"content":{"rendered":"<p><span style=\"color: #ff0000;\"><em><strong>Campanya Dents Fortes i Sanes<\/strong><\/em><\/span><\/p>\n<p>La Generalitat de Catalunya ha posat en marxa un any m\u00e9s la campanya \u201cDents Fortes i Sanes\u201d per prevenir la c\u00e0ries dental entre els nens i les nenes de <strong>1r de prim\u00e0ria<\/strong> dels centres educatius.<\/p>\n<p>La iniciativa se centra a potenciar la raspallada dental com a mesura clau per a la prevenci\u00f3 de la c\u00e0ries i altres malalties de la boca.<\/p>\n<p>Per a m\u00e9s informaci\u00f3 us deixem el seg\u00fcent <span style=\"color: #0000ff;\"><strong><a style=\"color: #0000ff;\" href=\"https:\/\/canalsalut.gencat.cat\/ca\/vida-saludable\/salut-bucodental\/higiene-cura-dents\/programes\/dents-fortes-sanes\/\">enlla\u00e7.<\/a><\/strong><\/span><\/p>\n<p>Tamb\u00e9 podeu trobar informaci\u00f3 en aquest<span style=\"color: #0000ff;\"><strong> <a style=\"color: #0000ff;\" href=\"https:\/\/canalsalut.gencat.cat\/web\/.content\/_Vida_saludable\/salut-bucodental\/pdf\/dents_fortes_web-RC.pdf\">document.<\/a><\/strong><\/span><\/p>\n","protected":false},"excerpt":{"rendered":"<p>Campanya Dents Fortes i Sanes<br \/>\nLa Generalitat de Catalunya ha posat en marxa un any m\u00e9s la campanya \u201cDents Fortes i Sanes\u201d per prevenir la c\u00e0ries dental entre els nens i les nenes de 1r de prim\u00e0ria dels centres educatius.<br \/>\nLa iniciativa se centra a potenciar la&hellip;  <a href=\"https:\/\/agora.xtec.cat\/escsolcunit\/families\/salut\/\" title=\"Read Salut\">Llegeix m\u00e9s\u00bb<\/a><\/p>\n","protected":false},"author":1,"featured_media":0,"parent":505,"menu_order":30,"comment_status":"closed","ping_status":"closed","template":"page-templates\/side-menu.php","meta":{"_bbp_topic_count":0,"_bbp_reply_count":0,"_bbp_total_topic_count":0,"_bbp_total_reply_count":0,"_bbp_voice_count":0,"_bbp_anonymous_reply_count":0,"_bbp_topic_count_hidden":0,"_bbp_reply_count_hidden":0,"_bbp_forum_subforum_count":0,"footnotes":""},"class_list":["post-38","page","type-page","status-publish","hentry"],"post_mailing_queue_ids":[],"_links":{"self":[{"href":"https:\/\/agora.xtec.cat\/escsolcunit\/wp-json\/wp\/v2\/pages\/38","targetHints":{"allow":["GET"]}}],"collection":[{"href":"https:\/\/agora.xtec.cat\/escsolcunit\/wp-json\/wp\/v2\/pages"}],"about":[{"href":"https:\/\/agora.xtec.cat\/escsolcunit\/wp-json\/wp\/v2\/types\/page"}],"author":[{"embeddable":true,"href":"https:\/\/agora.xtec.cat\/escsolcunit\/wp-json\/wp\/v2\/users\/1"}],"replies":[{"embeddable":true,"href":"https:\/\/agora.xtec.cat\/escsolcunit\/wp-json\/wp\/v2\/comments?post=38"}],"version-history":[{"count":6,"href":"https:\/\/agora.xtec.cat\/escsolcunit\/wp-json\/wp\/v2\/pages\/38\/revisions"}],"predecessor-version":[{"id":18637,"href":"https:\/\/agora.xtec.cat\/escsolcunit\/wp-json\/wp\/v2\/pages\/38\/revisions\/18637"}],"up":[{"embeddable":true,"href":"https:\/\/agora.xtec.cat\/escsolcunit\/wp-json\/wp\/v2\/pages\/505"}],"wp:attachment":[{"href":"https:\/\/agora.xtec.cat\/escsolcunit\/wp-json\/wp\/v2\/media?parent=38"}],"curies":[{"name":"wp","href":"https:\/\/api.w.org\/{rel}","templated":true}]}}