{"id":32,"date":"2014-09-18T12:31:33","date_gmt":"2014-09-18T11:31:33","guid":{"rendered":"http:\/\/agora.xtec.cat\/escsolcunit\/?page_id=32"},"modified":"2025-10-30T19:32:17","modified_gmt":"2025-10-30T18:32:17","slug":"calendari-del-curs","status":"publish","type":"page","link":"https:\/\/agora.xtec.cat\/escsolcunit\/lescola\/calendari-del-curs\/","title":{"rendered":"Horari i calendari del curs"},"content":{"rendered":"<h4><strong>Horari del curs<\/strong><\/h4>\n<p>L&#8217;horari de l&#8217;escola \u00e9s de 9:00 a 12:30 hores i de 15:00 a 16:30 hores.<\/p>\n<p>Pels\/per les alumnes que inicien l\u2019escolaritzaci\u00f3 a I3 s\u2019organitza un breu per\u00edode d\u2019adaptaci\u00f3 que suposa una certa modificaci\u00f3 dels horaris dels tres primers dies de classe i que es comunica a les fam\u00edlies en les reunions pr\u00e8vies corresponents.<\/p>\n<p>&nbsp;<\/p>\n<h4><strong>Inici de curs<\/strong><\/h4>\n<p lang=\"ca-ES\">El curs escolar comen\u00e7a el dilluns 8 de setembre de 2025 i finalitza el divendres 19 de juny del 2026.<\/p>\n<h4 lang=\"ca-ES\" align=\"justify\"><strong>Calendari del curs\u00a0<\/strong><\/h4>\n<p>Podeu consultar el calendari d\u2019aquest curs amb els per\u00edodes de vacances i festes en el seg\u00fcent enlla\u00e7:<\/p>\n<h4 style=\"text-align: center;\"><a href=\"https:\/\/agora.xtec.cat\/escsolcunit\/wp-content\/uploads\/usu994\/2025\/10\/CALENDARI-25-26.pdf\">CALENDARI SOLCUNIT 25-26<\/a><\/h4>\n<p>&nbsp;<\/p>\n","protected":false},"excerpt":{"rendered":"<p>Horari del curs<br \/>\nL&#8217;horari de l&#8217;escola \u00e9s de 9:00 a 12:30 hores i de 15:00 a 16:30 hores.<br \/>\nPels\/per les alumnes que inicien l\u2019escolaritzaci\u00f3 a I3 s\u2019organitza un breu per\u00edode d\u2019adaptaci\u00f3 que suposa una certa modificaci\u00f3 dels horaris dels tres primers dies de classe i que es&hellip;  <a href=\"https:\/\/agora.xtec.cat\/escsolcunit\/lescola\/calendari-del-curs\/\" title=\"Read Horari i calendari del curs\">Llegeix m\u00e9s\u00bb<\/a><\/p>\n","protected":false},"author":1,"featured_media":0,"parent":22,"menu_order":40,"comment_status":"closed","ping_status":"closed","template":"page-templates\/side-menu.php","meta":{"_bbp_topic_count":0,"_bbp_reply_count":0,"_bbp_total_topic_count":0,"_bbp_total_reply_count":0,"_bbp_voice_count":0,"_bbp_anonymous_reply_count":0,"_bbp_topic_count_hidden":0,"_bbp_reply_count_hidden":0,"_bbp_forum_subforum_count":0,"footnotes":""},"class_list":["post-32","page","type-page","status-publish","hentry"],"post_mailing_queue_ids":[],"_links":{"self":[{"href":"https:\/\/agora.xtec.cat\/escsolcunit\/wp-json\/wp\/v2\/pages\/32","targetHints":{"allow":["GET"]}}],"collection":[{"href":"https:\/\/agora.xtec.cat\/escsolcunit\/wp-json\/wp\/v2\/pages"}],"about":[{"href":"https:\/\/agora.xtec.cat\/escsolcunit\/wp-json\/wp\/v2\/types\/page"}],"author":[{"embeddable":true,"href":"https:\/\/agora.xtec.cat\/escsolcunit\/wp-json\/wp\/v2\/users\/1"}],"replies":[{"embeddable":true,"href":"https:\/\/agora.xtec.cat\/escsolcunit\/wp-json\/wp\/v2\/comments?post=32"}],"version-history":[{"count":6,"href":"https:\/\/agora.xtec.cat\/escsolcunit\/wp-json\/wp\/v2\/pages\/32\/revisions"}],"predecessor-version":[{"id":19223,"href":"https:\/\/agora.xtec.cat\/escsolcunit\/wp-json\/wp\/v2\/pages\/32\/revisions\/19223"}],"up":[{"embeddable":true,"href":"https:\/\/agora.xtec.cat\/escsolcunit\/wp-json\/wp\/v2\/pages\/22"}],"wp:attachment":[{"href":"https:\/\/agora.xtec.cat\/escsolcunit\/wp-json\/wp\/v2\/media?parent=32"}],"curies":[{"name":"wp","href":"https:\/\/api.w.org\/{rel}","templated":true}]}}