{"id":30,"date":"2014-09-18T12:30:23","date_gmt":"2014-09-18T11:30:23","guid":{"rendered":"http:\/\/agora.xtec.cat\/escsolcunit\/?page_id=30"},"modified":"2024-10-28T13:19:09","modified_gmt":"2024-10-28T12:19:09","slug":"instal%c2%b7lacions","status":"publish","type":"page","link":"https:\/\/agora.xtec.cat\/escsolcunit\/lescola\/instal%c2%b7lacions\/","title":{"rendered":"Instal\u00b7lacions"},"content":{"rendered":"<p><span lang=\"CA\"><span style=\"font-size: medium;\">L\u2019edifici d\u2019Educaci\u00f3 Infantil consta de:<\/span><\/span><\/p>\n<p><span lang=\"CA\"><span style=\"font-size: medium;\">\u00b7<\/span>\u00a0 \u00a0 \u00a0 \u00a0<\/span><span lang=\"CA\"><span style=\"font-size: medium;\">aules d&#8217;I3, I4 i I5<\/span><\/span><\/p>\n<p><span lang=\"CA\"><span style=\"font-size: medium;\">\u00b7<\/span>\u00a0 \u00a0 \u00a0 <\/span><span lang=\"CA\"><span style=\"font-size: medium;\">\u00a0aula Montessori<\/span><\/span><\/p>\n<p><span lang=\"CA\"><span style=\"font-size: medium;\">\u00b7<\/span>\u00a0 \u00a0 \u00a0 \u00a0<\/span><span lang=\"CA\"><span style=\"font-size: medium;\">consergeria<\/span><\/span><\/p>\n<p><span lang=\"CA\"><span style=\"font-size: medium;\">\u00b7<\/span>\u00a0\u00a0\u00a0\u00a0\u00a0\u00a0 <\/span><span lang=\"CA\"><span style=\"font-size: medium;\">administraci\u00f3<\/span><\/span><\/p>\n<p><span lang=\"CA\">\u00b7\u00a0 \u00a0 \u00a0 \u00a0tutoria d&#8217;infantil<\/span><\/p>\n<p><span lang=\"CA\">\u00b7\u00a0 \u00a0 \u00a0 \u00a0aula SIEI<\/span><\/p>\n<p>&nbsp;<\/p>\n<div><span style=\"font-size: medium;\"><span lang=\"CA\">L\u2019edifici d\u2019Educaci\u00f3 Prim\u00e0ria<\/span><span lang=\"CA\"> t\u00e9 dues plantes.<\/span><\/span><\/div>\n<div><\/div>\n<div><\/div>\n<p><span lang=\"CA\"><span style=\"font-size: medium;\">En la <i>planta inferior<\/i> hi trobem:<\/span><\/span><\/p>\n<p><span lang=\"CA\"><span style=\"font-size: medium;\">\u00b7<\/span>\u00a0\u00a0\u00a0\u00a0\u00a0\u00a0 <\/span><span lang=\"CA\"><span style=\"font-size: medium;\">gimn\u00e0s i vestidors<\/span><\/span><\/p>\n<p><span lang=\"CA\"><span style=\"font-size: medium;\">\u00b7<\/span>\u00a0\u00a0\u00a0\u00a0\u00a0\u00a0 <\/span><span lang=\"CA\"><span style=\"font-size: medium;\">menjador i cuina<\/span><\/span><\/p>\n<p><span lang=\"CA\"><span style=\"font-size: medium;\">\u00b7<\/span>\u00a0\u00a0\u00a0\u00a0\u00a0\u00a0 <\/span><span lang=\"CA\"><span style=\"font-size: medium;\">biblioteca<\/span><\/span><\/p>\n<p><span lang=\"CA\"><span style=\"font-size: medium;\">\u00b7<\/span>\u00a0\u00a0\u00a0\u00a0\u00a0\u00a0 <\/span><span lang=\"CA\"><span style=\"font-size: medium;\">despatxos de Direcci\u00f3<\/span><\/span><\/p>\n<p><span lang=\"CA\"><span style=\"font-size: medium;\">\u00b7<\/span>\u00a0\u00a0\u00a0\u00a0\u00a0\u00a0 <\/span><span lang=\"CA\"><span style=\"font-size: medium;\">sala de mestres<\/span><\/span><\/p>\n<p><span lang=\"CA\"><span style=\"font-size: medium;\">\u00b7<\/span>\u00a0\u00a0\u00a0\u00a0\u00a0\u00a0 <\/span><span lang=\"CA\"><span style=\"font-size: medium;\">aules d\u2019Educaci\u00f3 Especial<\/span><\/span><\/p>\n<p><span lang=\"CA\"><span style=\"font-size: medium;\"><span style=\"font-size: medium;\">\u00b7<\/span>\u00a0 \u00a0 \u00a0 \u00a0aules de desdoblaments<\/span><\/span><\/p>\n<p><span lang=\"CA\"><span style=\"font-size: medium;\">\u00b7<\/span>\u00a0 \u00a0 \u00a0 \u00a0a<\/span><span lang=\"CA\"><span style=\"font-size: medium;\">ula d\u2019angl\u00e8s<\/span><\/span><\/p>\n<div><span lang=\"CA\"><span style=\"font-size: medium;\">A la <i>part exterior<\/i> tamb\u00e9 hi ha el despatx de l\u00b4AMPA i diverses depend\u00e8ncies d\u2019instal\u00b7lacions.<\/span><\/span><\/div>\n<div><\/div>\n<div><\/div>\n<p><span lang=\"CA\"><span style=\"font-size: medium;\">Pel que fa al <i>pis superior<\/i> de l\u2019edifici de Prim\u00e0ria:<\/span><\/span><\/p>\n<p><span lang=\"CA\"><span style=\"font-size: medium;\">\u00b7<\/span>\u00a0 \u00a0 \u00a0 \u00a0a<\/span><span lang=\"CA\"><span style=\"font-size: medium;\">ula d\u2019Inform\u00e0tica<\/span><\/span><\/p>\n<p>\u00b7\u00a0 \u00a0 \u00a0 \u00a0aula de M\u00fasica<\/p>\n<p>\u00b7\u00a0 \u00a0 \u00a0 \u00a0aula de Religi\u00f3<\/p>\n<p><span lang=\"CA\"><span style=\"font-size: medium;\"><span style=\"font-size: medium;\">\u00b7<\/span>\u00a0 \u00a0 \u00a0 \u00a0aules del Cicle Inicial<\/span><\/span><\/p>\n<p><span lang=\"CA\"><span style=\"font-size: medium;\"><span style=\"font-size: medium;\">\u00b7<\/span>\u00a0 \u00a0 \u00a0 \u00a0tutories de Cicle Mig i Cicle Inicial<\/span><\/span><\/p>\n<p><span lang=\"CA\"><span style=\"font-size: medium;\">\u00b7<\/span>\u00a0 \u00a0 \u00a0 \u00a0a<\/span><span lang=\"CA\"><span style=\"font-size: medium;\">ules de Cicle Mig<\/span><\/span><\/p>\n<p><span lang=\"CA\"><span style=\"font-size: medium;\">\u00b7<\/span>\u00a0 \u00a0 \u00a0 \u00a0a<\/span><span lang=\"CA\"><span style=\"font-size: medium;\">ules de Cicle Superior<\/span><\/span><\/p>\n<p><span lang=\"CA\"><span style=\"font-size: medium;\"> <span style=\"font-size: medium;\">\u00b7<\/span><\/span><\/span><span lang=\"CA\">\u00a0 \u00a0 \u00a0 \u00a0tutoria de C<\/span><span lang=\"CA\">icle Superior<\/span><\/p>\n<p><span lang=\"CA\">Els patis estan dividits en Educaci\u00f3 Infantil i Educaci\u00f3 Prim\u00e0ria. \u00a0El pati d\u00b4Educaci\u00f3 Infantil \u00e9s proper a l&#8217;edifici de la mateixa etapa educativa i el de Prim\u00e0ria al costat de l\u2019edifici de Prim\u00e0ria, i\u00a0 consta d\u00b4una pista poliesportiva, aix\u00ed com un voltant de ciment. Tamb\u00e9 t\u00e9 unes petites grades.<\/span><\/p>\n<p style=\"text-align: center;\">\r\n\t<div class=\"slideshow_container slideshow_container_style-light\" style=\"height: 400px; \" data-slideshow-id=\"572\" data-style-name=\"style-light\" data-style-version=\"2.3.1\" >\r\n\r\n\t\t\t\t\t<div class=\"slideshow_loading_icon\"><\/div>\r\n\t\t\r\n\t\t<div class=\"slideshow_content\" style=\"display: none;\">\r\n\r\n\t\t\t<div class=\"slideshow_view\">\t<div style=\"clear: both;\"><\/div><\/div><div class=\"slideshow_view\">\t<div style=\"clear: both;\"><\/div><\/div><div class=\"slideshow_view\">\t<div style=\"clear: both;\"><\/div><\/div><div class=\"slideshow_view\">\t<div style=\"clear: both;\"><\/div><\/div><div class=\"slideshow_view\">\t<div style=\"clear: both;\"><\/div><\/div><div class=\"slideshow_view\">\t<div style=\"clear: both;\"><\/div><\/div><div class=\"slideshow_view\">\t<div style=\"clear: both;\"><\/div><\/div><div class=\"slideshow_view\">\t<div style=\"clear: both;\"><\/div><\/div><div class=\"slideshow_view\">\t<div style=\"clear: both;\"><\/div><\/div><div class=\"slideshow_view\">\t<div style=\"clear: both;\"><\/div><\/div><div class=\"slideshow_view\">\t<div style=\"clear: both;\"><\/div><\/div><div class=\"slideshow_view\">\t<div style=\"clear: both;\"><\/div><\/div><div class=\"slideshow_view\">\t<div style=\"clear: both;\"><\/div><\/div><div class=\"slideshow_view\">\t<div style=\"clear: both;\"><\/div><\/div><div class=\"slideshow_view\">\t<div style=\"clear: both;\"><\/div><\/div><div class=\"slideshow_view\">\t<div style=\"clear: both;\"><\/div><\/div>\r\n\t\t<\/div>\r\n\r\n\t\t<div class=\"slideshow_controlPanel slideshow_transparent\" style=\"display: none;\"><ul><li class=\"slideshow_togglePlay\" data-play-text=\"Visualitza\" data-pause-text=\"Pausa\"><\/li><\/ul><\/div>\r\n\r\n\t\t<div class=\"slideshow_button slideshow_previous slideshow_transparent\" role=\"button\" data-previous-text=\"Anterior\" style=\"display: none;\"><\/div>\r\n\t\t<div class=\"slideshow_button slideshow_next slideshow_transparent\" role=\"button\" data-next-text=\"Seg\u00fcent\" style=\"display: none;\"><\/div>\r\n\r\n\t\t<div class=\"slideshow_pagination\" style=\"display: none;\" data-go-to-text=\"V\u00e9s a la diapositiva\"><div class=\"slideshow_pagination_center\"><\/div><\/div>\r\n\r\n\t\t<!-- WordPress Slideshow Version 2.3.1 -->\r\n\r\n\t\t\t<\/div>\r\n\r\n<\/p>\n<div><\/div>\n<div style=\"text-align: center;\"><\/div>\n<div style=\"text-align: center;\"><\/div>\n<div style=\"text-align: center;\"><\/div>\n","protected":false},"excerpt":{"rendered":"<p>L\u2019edifici d\u2019Educaci\u00f3 Infantil consta de:<br \/>\n\u00b7\u00a0 \u00a0 \u00a0 \u00a0aules d&#8217;I3, I4 i I5<br \/>\n\u00b7\u00a0 \u00a0 \u00a0 \u00a0aula Montessori<br \/>\n\u00b7\u00a0 \u00a0 \u00a0 \u00a0consergeria<br \/>\n\u00b7\u00a0\u00a0\u00a0\u00a0\u00a0\u00a0 administraci\u00f3<br \/>\n\u00b7\u00a0 \u00a0 \u00a0 \u00a0tutoria d&#8217;infantil<br \/>\n\u00b7\u00a0 \u00a0 \u00a0 \u00a0aula SIEI<br \/>\n&nbsp;<br \/>\nL\u2019edifici d\u2019Educaci\u00f3 Prim\u00e0ria t\u00e9 dues plantes.<\/p>\n<p>En la planta inferior hi trobem:<br \/>\n\u00b7\u00a0\u00a0\u00a0\u00a0\u00a0\u00a0 gimn\u00e0s i vestidors<br \/>\n\u00b7\u00a0\u00a0\u00a0\u00a0\u00a0\u00a0 menjador i cuina<br \/>\n\u00b7\u00a0\u00a0\u00a0\u00a0\u00a0\u00a0 biblioteca<br \/>\n\u00b7\u00a0\u00a0\u00a0\u00a0\u00a0\u00a0&hellip;  <a href=\"https:\/\/agora.xtec.cat\/escsolcunit\/lescola\/instal%c2%b7lacions\/\" title=\"Read Instal\u00b7lacions\">Llegeix m\u00e9s\u00bb<\/a><\/p>\n","protected":false},"author":1,"featured_media":0,"parent":22,"menu_order":30,"comment_status":"closed","ping_status":"closed","template":"page-templates\/side-menu.php","meta":{"_bbp_topic_count":0,"_bbp_reply_count":0,"_bbp_total_topic_count":0,"_bbp_total_reply_count":0,"_bbp_voice_count":0,"_bbp_anonymous_reply_count":0,"_bbp_topic_count_hidden":0,"_bbp_reply_count_hidden":0,"_bbp_forum_subforum_count":0,"footnotes":""},"class_list":["post-30","page","type-page","status-publish","hentry"],"post_mailing_queue_ids":[],"_links":{"self":[{"href":"https:\/\/agora.xtec.cat\/escsolcunit\/wp-json\/wp\/v2\/pages\/30","targetHints":{"allow":["GET"]}}],"collection":[{"href":"https:\/\/agora.xtec.cat\/escsolcunit\/wp-json\/wp\/v2\/pages"}],"about":[{"href":"https:\/\/agora.xtec.cat\/escsolcunit\/wp-json\/wp\/v2\/types\/page"}],"author":[{"embeddable":true,"href":"https:\/\/agora.xtec.cat\/escsolcunit\/wp-json\/wp\/v2\/users\/1"}],"replies":[{"embeddable":true,"href":"https:\/\/agora.xtec.cat\/escsolcunit\/wp-json\/wp\/v2\/comments?post=30"}],"version-history":[{"count":6,"href":"https:\/\/agora.xtec.cat\/escsolcunit\/wp-json\/wp\/v2\/pages\/30\/revisions"}],"predecessor-version":[{"id":18872,"href":"https:\/\/agora.xtec.cat\/escsolcunit\/wp-json\/wp\/v2\/pages\/30\/revisions\/18872"}],"up":[{"embeddable":true,"href":"https:\/\/agora.xtec.cat\/escsolcunit\/wp-json\/wp\/v2\/pages\/22"}],"wp:attachment":[{"href":"https:\/\/agora.xtec.cat\/escsolcunit\/wp-json\/wp\/v2\/media?parent=30"}],"curies":[{"name":"wp","href":"https:\/\/api.w.org\/{rel}","templated":true}]}}