{"id":22,"date":"2014-09-18T12:19:57","date_gmt":"2014-09-18T11:19:57","guid":{"rendered":"http:\/\/agora.xtec.cat\/escsolcunit\/?page_id=22"},"modified":"2025-11-12T11:17:29","modified_gmt":"2025-11-12T10:17:29","slug":"lescola","status":"publish","type":"page","link":"https:\/\/agora.xtec.cat\/escsolcunit\/lescola\/","title":{"rendered":"L&#8217;escola"},"content":{"rendered":"<p><b><span lang=\"CA\">L\u2019escola Solcunit <\/span><\/b><span lang=\"CA\">\u00e9s una escola p\u00fablica, catalana, democr\u00e0tica, innovadora i inclusiva.<\/span><\/p>\n<p><span lang=\"CA\">Busquem dia a dia ser una escola de qualitat, respectuosa amb la diversitat de la nostra societat on fomentem els principis de la toler\u00e0ncia i la solidaritat.<\/span><\/p>\n<p><span lang=\"CA\">Som una escola compromesa amb el nostre entorn. Som <b>Escola Verda,<\/b> ja que fem tot un treball de cura i protecci\u00f3 del medi ambient: r<\/span><span lang=\"CA\">eciclatge,\u00a0<\/span>estalvi de paper, estalvi energ\u00e8tic, \u00fas d\u2019envasos de pl\u00e0stic pels esmorzars, hort&#8230;<img loading=\"lazy\" decoding=\"async\" class=\"aligncenter wp-image-19309\" src=\"https:\/\/agora.xtec.cat\/escsolcunit\/wp-content\/uploads\/usu994\/2025\/11\/logotip-xarxa-ev-300x278.png\" alt=\"\" width=\"133\" height=\"123\" srcset=\"https:\/\/agora.xtec.cat\/escsolcunit\/wp-content\/uploads\/usu994\/2025\/11\/logotip-xarxa-ev-300x278.png 300w, https:\/\/agora.xtec.cat\/escsolcunit\/wp-content\/uploads\/usu994\/2025\/11\/logotip-xarxa-ev-768x712.png 768w, https:\/\/agora.xtec.cat\/escsolcunit\/wp-content\/uploads\/usu994\/2025\/11\/logotip-xarxa-ev.png 981w\" sizes=\"auto, (max-width: 133px) 100vw, 133px\" \/><\/p>\n<p>La nostra voluntat com a comunitat educativa \u00e9s tamb\u00e9 la d\u2019impulsar l\u2019aprenentatge de les lleng\u00fces estrangeres, i per aix\u00f2 continuem fent Psicomotricitat en angl\u00e8s a Educaci\u00f3 Infantil i l&#8217;Educaci\u00f3 F\u00edsica en angl\u00e8s a Cicle Mitj\u00e0 i Cicle Superior.<\/p>\n<p><span lang=\"CA\">La nostra manera de treballar \u00e9s utilitzant una metodologia activa; a <strong>Educaci\u00f3 Infantil<\/strong>\u00a0treballem sense llibres establint unes l\u00ednies metodol\u00f2giques que a grans trets s\u00f3n les seg\u00fcents:<\/span><\/p>\n<ul>\n<li><span lang=\"CA\">el treball sistematitzat d\u2019unes rutines per a desenvolupar el treball d\u2019h\u00e0bits i donar seguretat afectiva als infants,\u00a0<\/span><\/li>\n<li>l\u2019organitzaci\u00f3 de l\u2019aula per racons de treball, i<\/li>\n<li><span lang=\"CA\">l\u2019organitzaci\u00f3 dels racons intercicle,\u00a0<\/span>els centres d\u2019inter\u00e8s, i el treball per projectes.<\/li>\n<\/ul>\n<p>En definitiva, pretenem aconseguir l\u2019autonomia personal dels nostres alumnes.<\/p>\n<p><span lang=\"CA\">Som una escola oberta a la comunitat educativa i a l\u2019entorn, ja que volem el desenvolupament integral dels nostres alumnes i que esdevinguin persones compromeses i responsables.<\/span><\/p>\n<p><span lang=\"CA\">L\u2019escola participa amb les propostes i activitats que es fan al municipi a trav\u00e9s de l\u2019Ajuntament i de l\u2019AMPA.\u00a0<\/span><\/p>\n<p>Estem adscrits al <strong>Pla de Consum de Fruita<\/strong>. Els alumnes de l&#8217;escola, la primera setmana del mes i durant tres dies consecutius mengen fruita que ens envia el Departament d\u2019Ensenyament. Tots els dimecres a l\u2019escola esmorzem saludable menjant una pe\u00e7a de fruita.<\/p>\n<p><img loading=\"lazy\" decoding=\"async\" class=\"aligncenter wp-image-19316\" src=\"https:\/\/agora.xtec.cat\/escsolcunit\/wp-content\/uploads\/usu994\/2025\/11\/AF-CartellA3-Fruita-escoles_page-0001-1-212x300.jpg\" alt=\"\" width=\"171\" height=\"242\" \/><\/p>\n<p>&nbsp;<\/p>\n<p>Des de la biblioteca s\u2019han preparat maletes viatgeres per a cada nivell d&#8217;Infantil i de Prim\u00e0ria per a introduir i fomentar l\u2019h\u00e0bit lector i el gust per la lectura.<\/p>\n<p><a href=\"http:\/\/agora.xtec.cat\/escsolcunit\/wp-content\/uploads\/usu994\/2014\/09\/maletes-viatgeres.jpg\"><img loading=\"lazy\" decoding=\"async\" class=\" wp-image-565 aligncenter\" src=\"http:\/\/agora.xtec.cat\/escsolcunit\/wp-content\/uploads\/usu994\/2014\/09\/maletes-viatgeres-1024x768.jpg\" alt=\"maletes viatgeres\" width=\"445\" height=\"334\" \/><\/a><\/p>\n<p style=\"text-align: center;\"><strong><span style=\"color: #000080;\">Aquesta \u00e9s la nostra escola!<\/span><\/strong><\/p>\n","protected":false},"excerpt":{"rendered":"<p>L\u2019escola Solcunit \u00e9s una escola p\u00fablica, catalana, democr\u00e0tica, innovadora i inclusiva.<br \/>\nBusquem dia a dia ser una escola de qualitat, respectuosa amb la diversitat de la nostra societat on fomentem els principis de la toler\u00e0ncia i la solidaritat.<br \/>\nSom una escola compromesa amb el nostre entorn. Som&hellip;  <a href=\"https:\/\/agora.xtec.cat\/escsolcunit\/lescola\/\" title=\"Read L&#8217;escola\">Llegeix m\u00e9s\u00bb<\/a><\/p>\n","protected":false},"author":1,"featured_media":0,"parent":0,"menu_order":0,"comment_status":"closed","ping_status":"closed","template":"page-templates\/side-menu.php","meta":{"_bbp_topic_count":0,"_bbp_reply_count":0,"_bbp_total_topic_count":0,"_bbp_total_reply_count":0,"_bbp_voice_count":0,"_bbp_anonymous_reply_count":0,"_bbp_topic_count_hidden":0,"_bbp_reply_count_hidden":0,"_bbp_forum_subforum_count":0,"footnotes":""},"class_list":["post-22","page","type-page","status-publish","hentry"],"post_mailing_queue_ids":[],"_links":{"self":[{"href":"https:\/\/agora.xtec.cat\/escsolcunit\/wp-json\/wp\/v2\/pages\/22","targetHints":{"allow":["GET"]}}],"collection":[{"href":"https:\/\/agora.xtec.cat\/escsolcunit\/wp-json\/wp\/v2\/pages"}],"about":[{"href":"https:\/\/agora.xtec.cat\/escsolcunit\/wp-json\/wp\/v2\/types\/page"}],"author":[{"embeddable":true,"href":"https:\/\/agora.xtec.cat\/escsolcunit\/wp-json\/wp\/v2\/users\/1"}],"replies":[{"embeddable":true,"href":"https:\/\/agora.xtec.cat\/escsolcunit\/wp-json\/wp\/v2\/comments?post=22"}],"version-history":[{"count":7,"href":"https:\/\/agora.xtec.cat\/escsolcunit\/wp-json\/wp\/v2\/pages\/22\/revisions"}],"predecessor-version":[{"id":19318,"href":"https:\/\/agora.xtec.cat\/escsolcunit\/wp-json\/wp\/v2\/pages\/22\/revisions\/19318"}],"wp:attachment":[{"href":"https:\/\/agora.xtec.cat\/escsolcunit\/wp-json\/wp\/v2\/media?parent=22"}],"curies":[{"name":"wp","href":"https:\/\/api.w.org\/{rel}","templated":true}]}}