{"id":19275,"date":"2025-11-07T09:59:39","date_gmt":"2025-11-07T08:59:39","guid":{"rendered":"https:\/\/agora.xtec.cat\/escsolcunit\/?page_id=19275"},"modified":"2025-11-07T09:59:39","modified_gmt":"2025-11-07T08:59:39","slug":"programacio-general-anual-de-centre-pgac-25-26","status":"publish","type":"page","link":"https:\/\/agora.xtec.cat\/escsolcunit\/lescola\/documents-descola\/programacio-general-anual-de-centre-pgac-25-26\/","title":{"rendered":"Programaci\u00f3 general anual de centre (PGAC 25-26)"},"content":{"rendered":"<p>Si voleu consultar la Programaci\u00f3 General Anual de Centre de l&#8217;escola del present curs ho podeu fer al seg\u00fcent enlla\u00e7:<\/p>\n<ul>\n<li><a href=\"https:\/\/agora.xtec.cat\/escsolcunit\/wp-content\/uploads\/usu994\/2025\/11\/PGAC-25-26.pdf\">Programaci\u00f3 Genera Anual de Centre (PGAC)<\/a><\/li>\n<\/ul>\n<p>&nbsp;<\/p>\n","protected":false},"excerpt":{"rendered":"<p>Si voleu consultar la Programaci\u00f3 General Anual de Centre de l&#8217;escola del present curs ho podeu fer al seg\u00fcent enlla\u00e7:<\/p>\n<ul>\n<li><a href=\"https:\/\/agora.xtec.cat\/escsolcunit\/wp-content\/uploads\/usu994\/2025\/11\/PGAC-25-26.pdf\">Programaci\u00f3 Genera Anual de Centre (PGAC)<\/a><\/li>\n<\/ul>\n<p>&nbsp;<\/p>\n","protected":false},"author":1,"featured_media":0,"parent":747,"menu_order":0,"comment_status":"closed","ping_status":"closed","template":"","meta":{"_bbp_topic_count":0,"_bbp_reply_count":0,"_bbp_total_topic_count":0,"_bbp_total_reply_count":0,"_bbp_voice_count":0,"_bbp_anonymous_reply_count":0,"_bbp_topic_count_hidden":0,"_bbp_reply_count_hidden":0,"_bbp_forum_subforum_count":0,"footnotes":""},"class_list":["post-19275","page","type-page","status-publish","hentry"],"post_mailing_queue_ids":[],"_links":{"self":[{"href":"https:\/\/agora.xtec.cat\/escsolcunit\/wp-json\/wp\/v2\/pages\/19275","targetHints":{"allow":["GET"]}}],"collection":[{"href":"https:\/\/agora.xtec.cat\/escsolcunit\/wp-json\/wp\/v2\/pages"}],"about":[{"href":"https:\/\/agora.xtec.cat\/escsolcunit\/wp-json\/wp\/v2\/types\/page"}],"author":[{"embeddable":true,"href":"https:\/\/agora.xtec.cat\/escsolcunit\/wp-json\/wp\/v2\/users\/1"}],"replies":[{"embeddable":true,"href":"https:\/\/agora.xtec.cat\/escsolcunit\/wp-json\/wp\/v2\/comments?post=19275"}],"version-history":[{"count":1,"href":"https:\/\/agora.xtec.cat\/escsolcunit\/wp-json\/wp\/v2\/pages\/19275\/revisions"}],"predecessor-version":[{"id":19276,"href":"https:\/\/agora.xtec.cat\/escsolcunit\/wp-json\/wp\/v2\/pages\/19275\/revisions\/19276"}],"up":[{"embeddable":true,"href":"https:\/\/agora.xtec.cat\/escsolcunit\/wp-json\/wp\/v2\/pages\/747"}],"wp:attachment":[{"href":"https:\/\/agora.xtec.cat\/escsolcunit\/wp-json\/wp\/v2\/media?parent=19275"}],"curies":[{"name":"wp","href":"https:\/\/api.w.org\/{rel}","templated":true}]}}