{"id":46,"date":"2014-09-17T16:53:45","date_gmt":"2014-09-17T16:53:45","guid":{"rendered":"http:\/\/agora.xtec.cat\/escsol-ixent\/?page_id=46"},"modified":"2023-07-11T18:11:19","modified_gmt":"2023-07-11T16:11:19","slug":"organigrama","status":"publish","type":"page","link":"https:\/\/agora.xtec.cat\/escsol-ixent\/linstitut\/organigrama\/","title":{"rendered":"Organigrama"},"content":{"rendered":"<p>DIRECTORA:\u00a0 Gemma Ruiz Pons<\/p>\n<ul>\n<li>Mestra titulada en Educaci\u00f3 Prim\u00e0ria i especialitat en Ci\u00e8ncies.<\/li>\n<li>Ha treballat a l&#8217;escola Bergant\u00ed del Masnou (cursos: 1983-1986).<\/li>\n<li>Escola Sol-Ixent de Matar\u00f3 (del 1986 fins a l&#8217;actualitat).<\/li>\n<li>Ha format part de l&#8217;equip directiu de l&#8217;Escola Sol-Ixent com a Cap d&#8217;Estudis d&#8217;Educaci\u00f3 Infantil\/Prim\u00e0ria (cursos: 2010-2015).<\/li>\n<li>Forma part de l&#8217;Equip Directiu de l&#8217;Escola Sol-Ixent com a Directora des del curs 2015-2016.<\/li>\n<\/ul>\n<p>CAP D&#8217;ESTUDIS DE PRIM\u00c0RIA: Esther Rodr\u00edguez Costa<\/p>\n<ul>\n<li>Mestra titulada en Educaci\u00f3 Prim\u00e0ria i especialitat Ci\u00e8ncies.<\/li>\n<li>Mestra de catal\u00e0 per la UAB.<\/li>\n<li>Mestra titulada en Educaci\u00f3 Infantil.<\/li>\n<li>Ha treballat a l&#8217;escola &#8220;Men\u00e9ndez y Pelayo&#8221; de Badalona (cursos: 1986-1998) i a l&#8217;Escola Sol-Ixent (des del curs 1998 fins a l&#8217;actualitat).<\/li>\n<li>Forma part de l&#8217;equip directiu de l&#8217;Escola Sol-Ixent com a Cap d&#8217;Estudis d&#8217;Educaci\u00f3 Infantil i Prim\u00e0ria (des del curs 2018 fins a l&#8217;actualitat).<\/li>\n<\/ul>\n<p>CAP D&#8217;ESTUDIS DE SECUND\u00c0RIA: Elisabet Sancho Cucurell<\/p>\n<ul>\n<li>Professora titulada en Filologia Catalana per la UB.<\/li>\n<li>Professora titulada en M\u00fasica fins a 8\u00e8 de Piano pel Conservatori Superior de m\u00fasica del Liceu de Barcelona.<\/li>\n<li>Treballa a l&#8217;escola Sol-Ixent de Matar\u00f3 des del 1995 fins a l&#8217;actualitat.<\/li>\n<li>Ha format part de l&#8217;equip directiu com Subdirectora des del 2012 fins al 2018 i com a Cap d&#8217;estudis de secund\u00e0ria des de 2018 fins a l&#8217;actualitat.<\/li>\n<\/ul>\n<p>SOTSDIRECTORA: Marta Sancho Mu\u00f1oz<\/p>\n<ul>\n<li>Llicenciada en Biologia per la UdG l&#8217;any 1996.<\/li>\n<li>Professora titulada en M\u00fasica fins a 8\u00e8 de Piano pel Conservatori Superior de m\u00fasica del Liceu de Barcelona.<\/li>\n<li>Nivell D de Catal\u00e0 per l&#8217;Institut d&#8217;estudis Catalans i el Consorci per la Normalitzaci\u00f3 Ling\u00fc\u00edstica l&#8217;any 2007.<\/li>\n<li>Certificat d&#8217;Aptitud Pedag\u00f2gica.<\/li>\n<li>Treballa a l&#8217;escola Sol-Ixent des del 1997 fins a l&#8217;actualitat.<\/li>\n<li>Forma part de l&#8217;equip directiu de l&#8217;Escola Sol-Ixent com a Sotsdirectora des de 2022<\/li>\n<\/ul>\n<p>&nbsp;<\/p>\n","protected":false},"excerpt":{"rendered":"<p>DIRECTORA:\u00a0 Gemma Ruiz Pons<\/p>\n<ul>\n<li>Mestra titulada en Educaci\u00f3 Prim\u00e0ria i especialitat en Ci\u00e8ncies.<\/li>\n<li>Ha treballat a l&#8217;escola Bergant\u00ed del Masnou (cursos: 1983-1986).<\/li>\n<li>Escola Sol-Ixent de Matar\u00f3 (del 1986 fins a l&#8217;actualitat).<\/li>\n<li>Ha format part de l&#8217;equip directiu de l&#8217;Escola Sol-Ixent com a Cap d&#8217;Estudis d&#8217;Educaci\u00f3 Infantil\/Prim\u00e0ria (cursos: 2010-2015).<\/li>\n<li>Forma part&hellip;  <a href=\"https:\/\/agora.xtec.cat\/escsol-ixent\/linstitut\/organigrama\/\" title=\"Read Organigrama\">Llegeix m\u00e9s\u00bb<\/a><br \/>\n","protected":false},"author":1,"featured_media":0,"parent":19,"menu_order":50,"comment_status":"closed","ping_status":"closed","template":"page-templates\/side-menu.php","meta":{"_bbp_topic_count":0,"_bbp_reply_count":0,"_bbp_total_topic_count":0,"_bbp_total_reply_count":0,"_bbp_voice_count":0,"_bbp_anonymous_reply_count":0,"_bbp_topic_count_hidden":0,"_bbp_reply_count_hidden":0,"_bbp_forum_subforum_count":0,"footnotes":""},"class_list":["post-46","page","type-page","status-publish","hentry"],"post_mailing_queue_ids":[],"_links":{"self":[{"href":"https:\/\/agora.xtec.cat\/escsol-ixent\/wp-json\/wp\/v2\/pages\/46","targetHints":{"allow":["GET"]}}],"collection":[{"href":"https:\/\/agora.xtec.cat\/escsol-ixent\/wp-json\/wp\/v2\/pages"}],"about":[{"href":"https:\/\/agora.xtec.cat\/escsol-ixent\/wp-json\/wp\/v2\/types\/page"}],"author":[{"embeddable":true,"href":"https:\/\/agora.xtec.cat\/escsol-ixent\/wp-json\/wp\/v2\/users\/1"}],"replies":[{"embeddable":true,"href":"https:\/\/agora.xtec.cat\/escsol-ixent\/wp-json\/wp\/v2\/comments?post=46"}],"version-history":[{"count":3,"href":"https:\/\/agora.xtec.cat\/escsol-ixent\/wp-json\/wp\/v2\/pages\/46\/revisions"}],"predecessor-version":[{"id":10511,"href":"https:\/\/agora.xtec.cat\/escsol-ixent\/wp-json\/wp\/v2\/pages\/46\/revisions\/10511"}],"up":[{"embeddable":true,"href":"https:\/\/agora.xtec.cat\/escsol-ixent\/wp-json\/wp\/v2\/pages\/19"}],"wp:attachment":[{"href":"https:\/\/agora.xtec.cat\/escsol-ixent\/wp-json\/wp\/v2\/media?parent=46"}],"curies":[{"name":"wp","href":"https:\/\/api.w.org\/{rel}","templated":true}]}}