{"id":9388,"date":"2022-01-27T10:13:45","date_gmt":"2022-01-27T09:13:45","guid":{"rendered":"https:\/\/agora.xtec.cat\/escsantsabdoisenen\/?page_id=9388"},"modified":"2025-09-05T20:18:22","modified_gmt":"2025-09-05T18:18:22","slug":"numero-de-compte","status":"publish","type":"page","link":"https:\/\/agora.xtec.cat\/escsantsabdoisenen\/numero-de-compte\/","title":{"rendered":"Pagaments"},"content":{"rendered":"<p>Aqu\u00ed teniu els n\u00fameros de compte bancari per fer les transfer\u00e8ncies a l\u2019ESCOLA i a l\u2019AMPA, aix\u00ed com tamb\u00e9 els codis per fer ingressos per caixer:<\/p>\n<p><strong>Feu SEMPRE els ingressos a nom de l\u2019alumne\/a indicant el nivell entre par\u00e8ntesi:\u00a0<\/strong><em>(Ex: Maria Garcia, 5\u00e8)<\/em><\/p>\n<p><strong>ESCOLA:<\/strong> Pagaments de la Quota de material, sortides, col\u00f2nies i activitats complement\u00e0ries.<br \/>\n<strong>ES68 0081 1653 9800 01002811 <\/strong>de Banc de Sabadell<\/p>\n<p>N\u00ba Caixer: 002342<\/p>\n<p>&nbsp;<\/p>\n<p>&#8212;&#8212;&#8212;&#8212;&#8212;&#8212;&#8212;&#8212;&#8212;&#8212;&#8212;&#8212;&#8212;&#8212;&#8212;&#8212;&#8212;&#8212;&#8212;&#8212;&#8212;&#8212;&#8212;&#8212;&#8212;&#8212;&#8212;&#8212;&#8212;&#8212;&#8212;&#8212;&#8212;&#8212;&#8212;&#8212;&#8212;&#8212;&#8212;&#8212;&#8212;&#8212;&#8212;&#8212;&#8212;&#8212;&#8212;&#8212;&#8212;&#8212;&#8212;&#8212;&#8212;&#8212;&#8212;&#8212;&#8212;&#8212;&#8212;&#8212;&#8212;&#8212;&#8212;&#8212;&#8212;&#8212;&#8212;&#8212;&#8212;&#8212;&#8212;&#8212;&#8212;&#8212;&#8212;&#8212;&#8212;&#8212;&#8212;&#8212;&#8212;&#8212;&#8212;&#8211;<\/p>\n<p><strong>AFA:<\/strong> Quota de soci, menjador, extraescolars, xandall de l\u2019escola i altres activitats promogudes per l\u2019Associaci\u00f3.<br \/>\n<strong>ES41 0081 1653 9700 0100 1406 <\/strong>de Banc de Sabadell<\/p>\n<p>N\u00ba Caixer: 002331<\/p>\n<p>&nbsp;<\/p>\n","protected":false},"excerpt":{"rendered":"<p>Aqu\u00ed teniu els n\u00fameros de compte bancari per fer les transfer\u00e8ncies a l\u2019ESCOLA i a l\u2019AMPA, aix\u00ed com tamb\u00e9 els codis per fer ingressos per caixer:<br \/>\nFeu SEMPRE els ingressos a nom de l\u2019alumne\/a indicant el nivell entre par\u00e8ntesi:\u00a0(Ex: Maria Garcia, 5\u00e8)<br \/>\nESCOLA: Pagaments de la Quota&hellip;  <a href=\"https:\/\/agora.xtec.cat\/escsantsabdoisenen\/numero-de-compte\/\" title=\"Read Pagaments\">Llegeix m\u00e9s\u00bb<\/a><\/p>\n","protected":false},"author":8,"featured_media":0,"parent":0,"menu_order":0,"comment_status":"closed","ping_status":"closed","template":"","meta":{"_bbp_topic_count":0,"_bbp_reply_count":0,"_bbp_total_topic_count":0,"_bbp_total_reply_count":0,"_bbp_voice_count":0,"_bbp_anonymous_reply_count":0,"_bbp_topic_count_hidden":0,"_bbp_reply_count_hidden":0,"_bbp_forum_subforum_count":0,"footnotes":""},"class_list":["post-9388","page","type-page","status-publish","hentry"],"post_mailing_queue_ids":[],"_links":{"self":[{"href":"https:\/\/agora.xtec.cat\/escsantsabdoisenen\/wp-json\/wp\/v2\/pages\/9388","targetHints":{"allow":["GET"]}}],"collection":[{"href":"https:\/\/agora.xtec.cat\/escsantsabdoisenen\/wp-json\/wp\/v2\/pages"}],"about":[{"href":"https:\/\/agora.xtec.cat\/escsantsabdoisenen\/wp-json\/wp\/v2\/types\/page"}],"author":[{"embeddable":true,"href":"https:\/\/agora.xtec.cat\/escsantsabdoisenen\/wp-json\/wp\/v2\/users\/8"}],"replies":[{"embeddable":true,"href":"https:\/\/agora.xtec.cat\/escsantsabdoisenen\/wp-json\/wp\/v2\/comments?post=9388"}],"version-history":[{"count":5,"href":"https:\/\/agora.xtec.cat\/escsantsabdoisenen\/wp-json\/wp\/v2\/pages\/9388\/revisions"}],"predecessor-version":[{"id":13042,"href":"https:\/\/agora.xtec.cat\/escsantsabdoisenen\/wp-json\/wp\/v2\/pages\/9388\/revisions\/13042"}],"wp:attachment":[{"href":"https:\/\/agora.xtec.cat\/escsantsabdoisenen\/wp-json\/wp\/v2\/media?parent=9388"}],"curies":[{"name":"wp","href":"https:\/\/api.w.org\/{rel}","templated":true}]}}