{"id":77,"date":"2014-09-18T14:05:08","date_gmt":"2014-09-18T13:05:08","guid":{"rendered":"http:\/\/agora.xtec.cat\/escsantsabdoisenen\/?page_id=77"},"modified":"2024-01-16T16:01:15","modified_gmt":"2024-01-16T15:01:15","slug":"acollida","status":"publish","type":"page","link":"https:\/\/agora.xtec.cat\/escsantsabdoisenen\/serveis\/acollida\/","title":{"rendered":"Servei d&#8217;acollida"},"content":{"rendered":"<div class=\"entry-content\"><\/div>\n<div>\n<div class=\"page-header\">\n<h1>Acollida Escola Sants Abd\u00f3 i Sen\u00e9n &#8211; El Pla del Pened\u00e8s<\/h1>\n<\/div>\n<div class=\"jb-item-form-description mb-5\">\n<p>Les quotes establertes per aquest curs seran:<\/p>\n<p><strong>De Setembre a Juny (igual tots els mesos)<\/strong><\/p>\n<p><strong>SOCIS:<\/strong><\/p>\n<ul>\n<li>Acollida mat\u00ed ordin\u00e0ria de 8h a 9h: 36,00\u20ac\/mes<\/li>\n<li>Acollida mat\u00ed ordin\u00e0ria de 7:30 a 9h: 63,00\u20ac\/mes<\/li>\n<li>Acollida mat\u00ed ordin\u00e0ria de 8:30 a 9h: 27,00\u20ac\/mes<\/li>\n<li>Acollida migdia ordin\u00e0ria de 12:30 a 13h: 27,00\u20ac\/mes<\/li>\n<li>Acollida migdia ordin\u00e0ria de 14\u00a0a 15h: 36,00\u20ac\/mes<\/li>\n<li>Acollida espor\u00e0dica: 4\u20ac\/2\u20ac\/dia<\/li>\n<\/ul>\n<p><strong>NO SOCIS:<\/strong><\/p>\n<ul>\n<li>Acollida mat\u00ed ordin\u00e0ria de 8h a 9h: 40,00\u20ac\/mes<\/li>\n<li>Acollida mat\u00ed ordin\u00e0ria de 7:30 a 9h: 67,00\u20ac\/mes<\/li>\n<li>Acollida mat\u00ed ordin\u00e0ria de 8:30 a 9h: 32,00\u20ac\/mes<\/li>\n<li>Acollida migdia ordin\u00e0ria de 12:30 a 13h: 32,00\u20ac\/mes<\/li>\n<li>Acollida migdia ordin\u00e0ria de 14\u00a0a 15h: 40,00\u20ac\/mes<\/li>\n<li>Acollida espor\u00e0dica: 6\u20ac\/4\u20ac\/dia<\/li>\n<\/ul>\n<p><strong>Inscripcions acollida:<\/strong><\/p>\n<p><a href=\"https:\/\/www.ellap.cat\/inscripcions\/inscripcio\/acollida-escola-abdo-senen\" rel=\"nofollow\">https:\/\/www.ellap.cat\/inscripcions\/inscripcio\/acollida-escola-abdo-senen<\/a><\/p>\n<\/div>\n<\/div>\n","protected":false},"excerpt":{"rendered":"<p>Acollida Escola Sants Abd\u00f3 i Sen\u00e9n &#8211; El Pla del Pened\u00e8s<\/p>\n<p>Les quotes establertes per aquest curs seran:<br \/>\nDe Setembre a Juny (igual tots els mesos)<br \/>\nSOCIS:<\/p>\n<ul>\n<li>Acollida mat\u00ed ordin\u00e0ria de 8h a 9h: 36,00\u20ac\/mes<\/li>\n<li>Acollida mat\u00ed ordin\u00e0ria de 7:30 a 9h: 63,00\u20ac\/mes<\/li>\n<li>Acollida mat\u00ed ordin\u00e0ria de 8:30 a 9h: 27,00\u20ac\/mes<\/li>\n<li>Acollida&hellip;  <a href=\"https:\/\/agora.xtec.cat\/escsantsabdoisenen\/serveis\/acollida\/\" title=\"Read Servei d&#8217;acollida\">Llegeix m\u00e9s\u00bb<\/a><br \/>\n","protected":false},"author":1,"featured_media":0,"parent":66,"menu_order":20,"comment_status":"closed","ping_status":"closed","template":"page-templates\/side-menu.php","meta":{"_bbp_topic_count":0,"_bbp_reply_count":0,"_bbp_total_topic_count":0,"_bbp_total_reply_count":0,"_bbp_voice_count":0,"_bbp_anonymous_reply_count":0,"_bbp_topic_count_hidden":0,"_bbp_reply_count_hidden":0,"_bbp_forum_subforum_count":0,"footnotes":""},"class_list":["post-77","page","type-page","status-publish","hentry"],"post_mailing_queue_ids":[],"_links":{"self":[{"href":"https:\/\/agora.xtec.cat\/escsantsabdoisenen\/wp-json\/wp\/v2\/pages\/77","targetHints":{"allow":["GET"]}}],"collection":[{"href":"https:\/\/agora.xtec.cat\/escsantsabdoisenen\/wp-json\/wp\/v2\/pages"}],"about":[{"href":"https:\/\/agora.xtec.cat\/escsantsabdoisenen\/wp-json\/wp\/v2\/types\/page"}],"author":[{"embeddable":true,"href":"https:\/\/agora.xtec.cat\/escsantsabdoisenen\/wp-json\/wp\/v2\/users\/1"}],"replies":[{"embeddable":true,"href":"https:\/\/agora.xtec.cat\/escsantsabdoisenen\/wp-json\/wp\/v2\/comments?post=77"}],"version-history":[{"count":5,"href":"https:\/\/agora.xtec.cat\/escsantsabdoisenen\/wp-json\/wp\/v2\/pages\/77\/revisions"}],"predecessor-version":[{"id":11611,"href":"https:\/\/agora.xtec.cat\/escsantsabdoisenen\/wp-json\/wp\/v2\/pages\/77\/revisions\/11611"}],"up":[{"embeddable":true,"href":"https:\/\/agora.xtec.cat\/escsantsabdoisenen\/wp-json\/wp\/v2\/pages\/66"}],"wp:attachment":[{"href":"https:\/\/agora.xtec.cat\/escsantsabdoisenen\/wp-json\/wp\/v2\/media?parent=77"}],"curies":[{"name":"wp","href":"https:\/\/api.w.org\/{rel}","templated":true}]}}