{"id":73,"date":"2014-09-18T14:01:51","date_gmt":"2014-09-18T13:01:51","guid":{"rendered":"http:\/\/agora.xtec.cat\/escsantsabdoisenen\/?page_id=73"},"modified":"2025-09-10T16:20:27","modified_gmt":"2025-09-10T14:20:27","slug":"menjador-escolar","status":"publish","type":"page","link":"https:\/\/agora.xtec.cat\/escsantsabdoisenen\/serveis\/menjador-escolar\/","title":{"rendered":"Menjador escolar"},"content":{"rendered":"<p><a href=\"https:\/\/agora.xtec.cat\/escsantsabdoisenen\/serveis\/menjador-escolar\/attachment\/basal-setembre-1\/\" rel=\"attachment wp-att-13052\">basal setembre (1)<\/a><\/p>\n<h3><span style=\"color: #000000;\">MEN\u00da MES D&#8217;OCTUBRE<\/span><\/h3>\n<p><a href=\"https:\/\/agora.xtec.cat\/escsantsabdoisenen\/serveis\/menjador-escolar\/attachment\/basal-setembre-1\/\"><img loading=\"lazy\" decoding=\"async\" class=\"alignnone\" src=\"https:\/\/agora.xtec.cat\/escsantsabdoisenen\/wp-content\/uploads\/usu554\/2024\/09\/MENU.jpg\" alt=\"\" width=\"263\" height=\"191\" \/><\/a><\/p>\n<p>El menjador escolar \u00e9s una de les tasques m\u00e9s costoses i feixugues que gestiona l\u2019AMPA. El<br \/>\nmenjador de l\u2019escola compr\u00e8n els horaris de 12:30 a 15h del migdia. Durant la jornada intensiva<br \/>\nser\u00e0 de 13:00 a 15:30h.<\/p>\n<p><strong>Inscripcions Menjador<\/strong><\/p>\n<p><a href=\"https:\/\/www.ellap.cat\/inscripcions\/inscripcio\/menjador-escola-abdo-senen\" rel=\"nofollow\">https:\/\/www.ellap.cat\/inscripcions\/inscripcio\/menjador-escola-abdo-senen<\/a><\/p>\n<p><strong>PREUS:<\/strong><\/p>\n<p>\u2013Tiquet fix: 7.26\u20ac (IVA incl\u00f2s).<\/p>\n<p>\u2013Tiquet eventual*: 8\u20ac (IVA incl\u00f2s).<\/p>\n<p>*S\u2019entendran com a FIXES aquells que a l\u2019inici de la setmana notifiquin m\u00ednim 3 dies (o per calendari de forma mensual).<\/p>\n<p>El pagament \u00e9s mitjan\u00e7ant rebut bancari.<\/p>\n<p>* IMPORTANT RECORDAR: S\u2019ha d\u2019enviar un correu electr\u00f2nic a:\u00a0<a href=\"mailto:menjadorescolaabdoisenen@gmail.com\">menjadorescolaabdoisenen@gmail.com<\/a>\u00a0en cas de nen\/a estigui malalt, \u00e9s important enviar aquest mail abans de les 8.45\u202fh, sin\u00f3 es cobrar\u00e0 el menjador sencer.<\/p>\n<p>Per normes d\u2019higiene, es recomana que cada alumne, a partir de 1r, que faci \u00fas del menjador escolar, es porti un necesser amb raspall de dents, pasta de dents i els \u00fatils personals que creieu necessaris i per als nens de I3, I4 i I5, 1r i 2n, es recomana que portin una bata d\u2019\u00fas exclusiu a l\u2019hora del menjador. \u00c9s necessari que cada nen porti un tovall\u00f3 cada dia que es quedi al menjador per a infantil. Per prim\u00e0ria ser\u00e0 un tovall\u00f3 setmanal.<\/p>\n<p>El men\u00fa diari l\u2019enviaran al correu electr\u00f2nic enregistrat en donar-se d\u2019alta al menjador, tamb\u00e9 estar\u00e0 penjat a la finestra de la porta de l\u2019escola i a les xarxes socials.<\/p>\n<p>Si s\u2019ha de donar algun medicament a un nen cal que porteu el corresponent informe del metge<br \/>\nprescrivint-ho, que ho comuniqueu a la responsable del menjador i signeu el full d\u2019autoritzaci\u00f3, sense recepta m\u00e8dica i\/o ordre del metge no se li podr\u00e0 administrar cap medicament als nens. En cas de intoler\u00e0ncies o al\u00b7l\u00e8rgies tamb\u00e9 cal que ho comuniqueu i feu arribar el corresponent informe m\u00e8dic.<\/p>\n<p>Els nens fixes de I3, I4 i I5 han de portar 3 paquets de tovalloletes i 3 paquets de mocadors (nens fixes de prim\u00e0ria nom\u00e9s un de mocador). Els nens eventuals de I3, I4 i I5 han de portar dos paquets de tovalloletes i dos de mocadors (nens eventuals de prim\u00e0ria nom\u00e9s un de mocador).<\/p>\n<p>La normativa de menjador haur\u00e0 de ser acceptada en el mateix moment de donar-se d\u2019alta en el servei de menjador. Sense aquesta acceptaci\u00f3 no ser\u00e0 possible fer \u00fas del servei.<\/p>\n<p>Les fam\u00edlies rebran un informe peri\u00f2dic d\u2019h\u00e0bits i comportament per escrit.<\/p>\n<h3><\/h3>\n<p>&nbsp;<\/p>\n<p>&nbsp;<\/p>\n","protected":false},"excerpt":{"rendered":"<p><a href=\"https:\/\/agora.xtec.cat\/escsantsabdoisenen\/serveis\/menjador-escolar\/attachment\/basal-setembre-1\/\" rel=\"attachment wp-att-13052\">basal setembre (1)<\/a><br \/>\nMEN\u00da MES D&#8217;OCTUBRE<br \/>\n<a href=\"https:\/\/agora.xtec.cat\/escsantsabdoisenen\/serveis\/menjador-escolar\/attachment\/basal-setembre-1\/\"><\/a><br \/>\nEl menjador escolar \u00e9s una de les tasques m\u00e9s costoses i feixugues que gestiona l\u2019AMPA. El<br \/>\nmenjador de l\u2019escola compr\u00e8n els horaris de 12:30 a 15h del migdia. Durant la jornada intensiva<br \/>\nser\u00e0 de 13:00 a 15:30h.<br \/>\nInscripcions Menjador<br \/>\n<a href=\"https:\/\/www.ellap.cat\/inscripcions\/inscripcio\/menjador-escola-abdo-senen\"&hellip;  <a href=\"https:\/\/agora.xtec.cat\/escsantsabdoisenen\/serveis\/menjador-escolar\/\" title=\"Read Menjador escolar\">Llegeix m\u00e9s\u00bb<\/a><\/p>\n","protected":false},"author":1,"featured_media":0,"parent":66,"menu_order":30,"comment_status":"closed","ping_status":"closed","template":"page-templates\/side-menu.php","meta":{"_bbp_topic_count":0,"_bbp_reply_count":0,"_bbp_total_topic_count":0,"_bbp_total_reply_count":0,"_bbp_voice_count":0,"_bbp_anonymous_reply_count":0,"_bbp_topic_count_hidden":0,"_bbp_reply_count_hidden":0,"_bbp_forum_subforum_count":0,"footnotes":""},"class_list":["post-73","page","type-page","status-publish","hentry"],"post_mailing_queue_ids":[],"_links":{"self":[{"href":"https:\/\/agora.xtec.cat\/escsantsabdoisenen\/wp-json\/wp\/v2\/pages\/73","targetHints":{"allow":["GET"]}}],"collection":[{"href":"https:\/\/agora.xtec.cat\/escsantsabdoisenen\/wp-json\/wp\/v2\/pages"}],"about":[{"href":"https:\/\/agora.xtec.cat\/escsantsabdoisenen\/wp-json\/wp\/v2\/types\/page"}],"author":[{"embeddable":true,"href":"https:\/\/agora.xtec.cat\/escsantsabdoisenen\/wp-json\/wp\/v2\/users\/1"}],"replies":[{"embeddable":true,"href":"https:\/\/agora.xtec.cat\/escsantsabdoisenen\/wp-json\/wp\/v2\/comments?post=73"}],"version-history":[{"count":7,"href":"https:\/\/agora.xtec.cat\/escsantsabdoisenen\/wp-json\/wp\/v2\/pages\/73\/revisions"}],"predecessor-version":[{"id":13055,"href":"https:\/\/agora.xtec.cat\/escsantsabdoisenen\/wp-json\/wp\/v2\/pages\/73\/revisions\/13055"}],"up":[{"embeddable":true,"href":"https:\/\/agora.xtec.cat\/escsantsabdoisenen\/wp-json\/wp\/v2\/pages\/66"}],"wp:attachment":[{"href":"https:\/\/agora.xtec.cat\/escsantsabdoisenen\/wp-json\/wp\/v2\/media?parent=73"}],"curies":[{"name":"wp","href":"https:\/\/api.w.org\/{rel}","templated":true}]}}