{"id":66,"date":"2014-09-18T12:40:47","date_gmt":"2014-09-18T11:40:47","guid":{"rendered":"http:\/\/agora.xtec.cat\/escsantsabdoisenen\/?page_id=66"},"modified":"2020-10-30T10:41:54","modified_gmt":"2020-10-30T09:41:54","slug":"serveis","status":"publish","type":"page","link":"https:\/\/agora.xtec.cat\/escsantsabdoisenen\/serveis\/","title":{"rendered":"SERVEIS"},"content":{"rendered":"<p><strong style=\"text-align: justify;\">ACTIVITATS COMPLEMENT\u00c0RIES D&#8217;AULA CURS\u00a0 2020-21<\/strong><\/p>\n<table style=\"width: 750px;\">\n<tbody>\n<tr>\n<td style=\"width: 207.407px;\"><a href=\"http:\/\/agora.xtec.cat\/escsantsabdoisenen\/tasques-infantil\/\"><img decoding=\"async\" src=\"https:\/\/2.bp.blogspot.com\/-XoxQrhYQJIQ\/WtZj2xKhmzI\/AAAAAAAALkI\/PJz8TzSAKhoI9Z6Y7_7Ph3AI_2is8J6YACLcBGAs\/s1600\/DSCN5557.JPG\" alt=\"ESCOLA TARRAGONA: El monstre de colors P-3\" \/><\/a><\/td>\n<td style=\"width: 171.296px;\"><a href=\"http:\/\/agora.xtec.cat\/escsantsabdoisenen\/tasques-cicle-inicial\/\"><img decoding=\"async\" src=\"https:\/\/www.editorialflamboyant.com\/wp-content\/uploads\/Monstre_700x350.jpg\" alt=\"El monstre de colors celebra el seu 5\u00e8 aniversari - Editorial ...\" \/><\/a><\/td>\n<td style=\"width: 180.556px;\"><a href=\"http:\/\/agora.xtec.cat\/escsantsabdoisenen\/tasques-cicle-mitja\/\"><img decoding=\"async\" src=\"https:\/\/www.tutete.com\/tienda\/images\/571dfa5b73cee-Monstre-Colors-Libro-Tutete-2_l.jpg\" alt=\"El Monstre de Colors - Tutete\" \/><\/a><\/td>\n<td style=\"width: 179.63px;\"><a href=\"http:\/\/agora.xtec.cat\/escsantsabdoisenen\/tasques-cicle-superior\/\"><img decoding=\"async\" src=\"https:\/\/image.slidesharecdn.com\/elmonstredecolors-151217120519\/95\/el-monstre-de-colors-5-638.jpg?cb=1450353928\" alt=\"El monstre de colors\" \/><\/a><\/td>\n<\/tr>\n<tr>\n<td style=\"width: 207.407px; text-align: center;\">\n<h5><a href=\"http:\/\/agora.xtec.cat\/escsantsabdoisenen\/tasques-infantil\/\">P3\u00a0 \u00a0 \u00a0 P4\u00a0 \u00a0 \u00a0P5\u00a0 \u00a0\u00a0<\/a><\/h5>\n<\/td>\n<td style=\"width: 171.296px; text-align: center;\">\n<h5><a href=\"http:\/\/agora.xtec.cat\/escsantsabdoisenen\/tasques-cicle-inicial\/\">1R\u00a0 \u00a0 i\u00a0 \u00a0 2N<\/a><\/h5>\n<\/td>\n<td style=\"width: 180.556px; text-align: center;\">\n<h5><a href=\"http:\/\/agora.xtec.cat\/escsantsabdoisenen\/tasques-cicle-mitja\/\">3R\u00a0 \u00a0 \u00a0i\u00a0 \u00a0 4T<\/a><\/h5>\n<\/td>\n<td style=\"width: 179.63px; text-align: center;\">\n<h5><a href=\"http:\/\/agora.xtec.cat\/escsantsabdoisenen\/tasques-cicle-superior\/\">5\u00c8\u00a0 \u00a0 i\u00a0 \u00a0 6\u00c8<br \/>\n<\/a><\/h5>\n<\/td>\n<\/tr>\n<\/tbody>\n<\/table>\n<p><span style=\"font-family: inherit; font-size: 1em;\">**Per qualsevol dubte o aclariment us podeu adre\u00e7ar <\/span><a style=\"font-family: inherit; font-size: 1em;\" href=\"http:\/\/agora.xtec.cat\/escsantsabdoisenen\/lescola\/organigrama\/\">al tutor\/a via mail<\/a><span style=\"font-family: inherit; font-size: 1em;\"> , al mail del centre <\/span><a style=\"font-family: inherit; font-size: 1em;\" href=\"mailto:a8022847@xtec.cat\">a8022847@xtec.cat <\/a><span style=\"font-family: inherit; font-size: 1em;\">o b\u00e9 al vostre delegat\/da de classe.<\/span><\/p>\n<p>&nbsp;<\/p>\n<p>&nbsp;<\/p>\n<p>&nbsp;<\/p>\n<p><strong>ALTRES SERVEIS<\/strong><\/p>\n<p>La missi\u00f3 educativa no es limita a l&#8217;eix curricular, per aix\u00f2 \u00e9s imprescindible que aquest apartat del web \u00e9s un primer nivell de navegaci\u00f3 de:<\/p>\n<ul>\n<li>Horari d&#8217;atenci\u00f3 al p\u00fablic <a href=\"https:\/\/agora.xtec.cat\/escsantsabdoisenen\/lescola\/horari-datencio-al-public\/\">https:\/\/agora.xtec.cat\/escsantsabdoisenen\/lescola\/horari-datencio-al-public\/<\/a><\/li>\n<li>Contacte tutors i especialistes:<br \/>\n<a href=\"http:\/\/agora.xtec.cat\/escsantsabdoisenen\/lescola\/organigrama\/\">http:\/\/agora.xtec.cat\/escsantsabdoisenen\/lescola\/organigrama\/<\/a><\/li>\n<li>L&#8217;Ampa de l&#8217;escola<a style=\"color: #2795b6;\" href=\"https:\/\/ampapla.wordpress.com\/\">\u00a0 https:\/\/ampapla.wordpress.com\/<\/a><\/li>\n<li>El menjador escolar <a href=\"https:\/\/agora.xtec.cat\/escsantsabdoisenen\/serveis\/menjador-escolar\/\">https:\/\/agora.xtec.cat\/escsantsabdoisenen\/serveis\/menjador-escolar\/<\/a><\/li>\n<li>L&#8217;acollida <a href=\"https:\/\/agora.xtec.cat\/escsantsabdoisenen\/serveis\/acollida\/\">https:\/\/agora.xtec.cat\/escsantsabdoisenen\/serveis\/acollida\/<\/a><\/li>\n<li>El casal en periode vacacional.<\/li>\n<li>Les activitats extraescolars <a href=\"https:\/\/agora.xtec.cat\/escsantsabdoisenen\/serveis\/activitats-extraescolars\/\">https:\/\/agora.xtec.cat\/escsantsabdoisenen\/serveis\/activitats-extraescolars\/<\/a><\/li>\n<li>Altres serveis digitals <a href=\"https:\/\/agora.xtec.cat\/escsantsabdoisenen\/serveis\/serveis-digitals\/\">https:\/\/agora.xtec.cat\/escsantsabdoisenen\/serveis\/serveis-digitals\/<\/a><\/li>\n<li>Emap: Escola de M\u00fasica de l&#8217;Alt Pened\u00e8s a l&#8217;escola Sants Abd\u00f3.<a href=\"https:\/\/emaltpenedes.wordpress.com\/\"> https:\/\/emaltpenedes.wordpress.com\/<\/a><\/li>\n<\/ul>\n<p>&nbsp;<\/p>\n<p>&nbsp;<\/p>\n<p>&nbsp;<\/p>\n<p>&nbsp;<\/p>\n<p>&nbsp;<\/p>\n<p>&nbsp;<\/p>\n<p>&nbsp;<\/p>\n<p>&nbsp;<\/p>\n<p>&nbsp;<\/p>\n<p>&nbsp;<\/p>\n<p><center><a title=\"Contador De Visitas Gratis\" href=\"http:\/\/www.websmultimedia.com\/contador-de-visitas-gratis\"><br \/>\n<img decoding=\"async\" style=\"border: 0px solid; display: inline;\" src=\"http:\/\/www.websmultimedia.com\/contador-de-visitas.php?id=279951\" alt=\"contador de visitas\" \/><\/a><br \/>\n<a href=\"http:\/\/www.websmultimedia.com\/contador-de-visitas-gratis\">Contador de visitas<\/a><br \/>\n<a href=\"http:\/\/www.websmultimedia.com\">dise\u00f1o web en espa\u00f1a<\/a><\/center><\/p>\n","protected":false},"excerpt":{"rendered":"<p>ACTIVITATS COMPLEMENT\u00c0RIES D&#8217;AULA CURS\u00a0 2020-21<\/p>\n<p><a href=\"http:\/\/agora.xtec.cat\/escsantsabdoisenen\/tasques-infantil\/\"><\/a><br \/>\n<a href=\"http:\/\/agora.xtec.cat\/escsantsabdoisenen\/tasques-cicle-inicial\/\"><\/a><br \/>\n<a href=\"http:\/\/agora.xtec.cat\/escsantsabdoisenen\/tasques-cicle-mitja\/\"><\/a><br \/>\n<a href=\"http:\/\/agora.xtec.cat\/escsantsabdoisenen\/tasques-cicle-superior\/\"><\/a><\/p>\n<p><a href=\"http:\/\/agora.xtec.cat\/escsantsabdoisenen\/tasques-infantil\/\">P3\u00a0 \u00a0 \u00a0 P4\u00a0 \u00a0 \u00a0P5\u00a0 \u00a0\u00a0<\/a><\/p>\n<p><a href=\"http:\/\/agora.xtec.cat\/escsantsabdoisenen\/tasques-cicle-inicial\/\">1R\u00a0 \u00a0 i\u00a0 \u00a0 2N<\/a><\/p>\n<p><a href=\"http:\/\/agora.xtec.cat\/escsantsabdoisenen\/tasques-cicle-mitja\/\">3R\u00a0 \u00a0 \u00a0i\u00a0 \u00a0 4T<\/a><\/p>\n<p><a href=\"http:\/\/agora.xtec.cat\/escsantsabdoisenen\/tasques-cicle-superior\/\">5\u00c8\u00a0 \u00a0 i\u00a0 \u00a0 6\u00c8<br \/>\n<\/a><\/p>\n<p>**Per qualsevol dubte o aclariment us podeu adre\u00e7ar <a style=\"font-family: inherit; font-size: 1em;\" href=\"http:\/\/agora.xtec.cat\/escsantsabdoisenen\/lescola\/organigrama\/\">al tutor\/a&hellip;  <a href=\"https:\/\/agora.xtec.cat\/escsantsabdoisenen\/serveis\/\" title=\"Read SERVEIS\">Llegeix m\u00e9s\u00bb<\/a><\/p>\n","protected":false},"author":1,"featured_media":0,"parent":0,"menu_order":0,"comment_status":"closed","ping_status":"closed","template":"page-templates\/side-menu.php","meta":{"_bbp_topic_count":0,"_bbp_reply_count":0,"_bbp_total_topic_count":0,"_bbp_total_reply_count":0,"_bbp_voice_count":0,"_bbp_anonymous_reply_count":0,"_bbp_topic_count_hidden":0,"_bbp_reply_count_hidden":0,"_bbp_forum_subforum_count":0,"footnotes":""},"class_list":["post-66","page","type-page","status-publish","hentry"],"post_mailing_queue_ids":[],"_links":{"self":[{"href":"https:\/\/agora.xtec.cat\/escsantsabdoisenen\/wp-json\/wp\/v2\/pages\/66","targetHints":{"allow":["GET"]}}],"collection":[{"href":"https:\/\/agora.xtec.cat\/escsantsabdoisenen\/wp-json\/wp\/v2\/pages"}],"about":[{"href":"https:\/\/agora.xtec.cat\/escsantsabdoisenen\/wp-json\/wp\/v2\/types\/page"}],"author":[{"embeddable":true,"href":"https:\/\/agora.xtec.cat\/escsantsabdoisenen\/wp-json\/wp\/v2\/users\/1"}],"replies":[{"embeddable":true,"href":"https:\/\/agora.xtec.cat\/escsantsabdoisenen\/wp-json\/wp\/v2\/comments?post=66"}],"version-history":[{"count":4,"href":"https:\/\/agora.xtec.cat\/escsantsabdoisenen\/wp-json\/wp\/v2\/pages\/66\/revisions"}],"predecessor-version":[{"id":6721,"href":"https:\/\/agora.xtec.cat\/escsantsabdoisenen\/wp-json\/wp\/v2\/pages\/66\/revisions\/6721"}],"wp:attachment":[{"href":"https:\/\/agora.xtec.cat\/escsantsabdoisenen\/wp-json\/wp\/v2\/media?parent=66"}],"curies":[{"name":"wp","href":"https:\/\/api.w.org\/{rel}","templated":true}]}}