{"id":461,"date":"2017-06-27T00:24:50","date_gmt":"2017-06-26T22:24:50","guid":{"rendered":"http:\/\/agora.xtec.cat\/escsantsabdoisenen\/?page_id=461"},"modified":"2020-03-17T00:52:25","modified_gmt":"2020-03-16T23:52:25","slug":"padrins-de-lectura","status":"publish","type":"page","link":"https:\/\/agora.xtec.cat\/escsantsabdoisenen\/projecte-educatiu\/padrins-de-lectura\/","title":{"rendered":"Padrins de lectura"},"content":{"rendered":"<p style=\"text-align: justify;\">Projecte enfocat per aprendre a llegir seguint models del seu entorn proper i fomentant el gust per la lectua. Els alumnes de 5\u00e8 s\u00f3n els padrins de lectura dels alumnes de 1r que s\u2019inicien en aquest proc\u00e9s. I Els alumnes de 6\u00e8 s\u00f3n els padrins de lectura dels alumnes de 2n.<\/p>\n<p style=\"text-align: justify;\">Els padrins dels m\u00e9s petits es preparen les lectures, busquen estrat\u00e8gies per captar la seva atenci\u00f3 i aixi la lectura sigui un moment agradable i motivador. Els grans, s\u00f3n un bons models de lectura pels nens i nenes que estan en el proc\u00e9s d\u2019aprenentatge de la lectura.<\/p>\n<p style=\"text-align: justify;\">Abans d\u2019iniciar l\u2019activitat s\u2019ha de tenir en compte que cada nen de ha de tenir el mateix padr\u00ed o padrina al llarg del curs per tal de potenciar una relaci\u00f3 personal i afectiva entre ells dos. \u00c9s important tenir en compte algunes caracter\u00edstiques personals, tant dels fillols com dels padrins, per evitar possibles conflictes. Aquest apadrinament dura dos cursos.<\/p>\n","protected":false},"excerpt":{"rendered":"<p>Projecte enfocat per aprendre a llegir seguint models del seu entorn proper i fomentant el gust per la lectua. Els alumnes de 5\u00e8 s\u00f3n els padrins de lectura dels alumnes de 1r que s\u2019inicien en aquest proc\u00e9s. I Els alumnes de 6\u00e8 s\u00f3n els padrins&hellip;  <a href=\"https:\/\/agora.xtec.cat\/escsantsabdoisenen\/projecte-educatiu\/padrins-de-lectura\/\" title=\"Read Padrins de lectura\">Llegeix m\u00e9s\u00bb<\/a><\/p>\n","protected":false},"author":1,"featured_media":0,"parent":64,"menu_order":0,"comment_status":"closed","ping_status":"closed","template":"","meta":{"_bbp_topic_count":0,"_bbp_reply_count":0,"_bbp_total_topic_count":0,"_bbp_total_reply_count":0,"_bbp_voice_count":0,"_bbp_anonymous_reply_count":0,"_bbp_topic_count_hidden":0,"_bbp_reply_count_hidden":0,"_bbp_forum_subforum_count":0,"footnotes":""},"class_list":["post-461","page","type-page","status-publish","hentry"],"post_mailing_queue_ids":[],"_links":{"self":[{"href":"https:\/\/agora.xtec.cat\/escsantsabdoisenen\/wp-json\/wp\/v2\/pages\/461","targetHints":{"allow":["GET"]}}],"collection":[{"href":"https:\/\/agora.xtec.cat\/escsantsabdoisenen\/wp-json\/wp\/v2\/pages"}],"about":[{"href":"https:\/\/agora.xtec.cat\/escsantsabdoisenen\/wp-json\/wp\/v2\/types\/page"}],"author":[{"embeddable":true,"href":"https:\/\/agora.xtec.cat\/escsantsabdoisenen\/wp-json\/wp\/v2\/users\/1"}],"replies":[{"embeddable":true,"href":"https:\/\/agora.xtec.cat\/escsantsabdoisenen\/wp-json\/wp\/v2\/comments?post=461"}],"version-history":[{"count":3,"href":"https:\/\/agora.xtec.cat\/escsantsabdoisenen\/wp-json\/wp\/v2\/pages\/461\/revisions"}],"predecessor-version":[{"id":4298,"href":"https:\/\/agora.xtec.cat\/escsantsabdoisenen\/wp-json\/wp\/v2\/pages\/461\/revisions\/4298"}],"up":[{"embeddable":true,"href":"https:\/\/agora.xtec.cat\/escsantsabdoisenen\/wp-json\/wp\/v2\/pages\/64"}],"wp:attachment":[{"href":"https:\/\/agora.xtec.cat\/escsantsabdoisenen\/wp-json\/wp\/v2\/media?parent=461"}],"curies":[{"name":"wp","href":"https:\/\/api.w.org\/{rel}","templated":true}]}}