{"id":459,"date":"2017-06-27T00:22:44","date_gmt":"2017-06-26T22:22:44","guid":{"rendered":"http:\/\/agora.xtec.cat\/escsantsabdoisenen\/?page_id=459"},"modified":"2020-03-22T14:47:44","modified_gmt":"2020-03-22T13:47:44","slug":"lhort","status":"publish","type":"page","link":"https:\/\/agora.xtec.cat\/escsantsabdoisenen\/projecte-educatiu\/lhort\/","title":{"rendered":"Cuidem l&#8217;hort"},"content":{"rendered":"<p style=\"text-align: justify;\"><span style=\"font-size: large;\">Des de l&#8217;etapa d&#8217;educaci\u00f3 infantil ja es treballa en el projecte de l&#8217;hort escolar, un espai natural de trobada, treball, experimentaci\u00f3 i creaci\u00f3.<\/span><\/p>\n<p style=\"text-align: justify;\"><span style=\"font-size: large;\">La participaci\u00f3 dels m\u00e9s petits en el seu conreu resulta del tot did\u00e0ctica i permet introduir temes a cavall de diversos \u00e0mbits, com el de l&#8217;educaci\u00f3 ambiental, l&#8217;educaci\u00f3 del consumidor, l&#8217;educaci\u00f3 per a la salut i la formaci\u00f3 en ci\u00e8ncies naturals.<\/span><\/p>\n<p style=\"text-align: justify;\"><span style=\"font-size: large;\">El projecte de l&#8217;hort escolar, tamb\u00e9 el porten a terme els alumnes de cicle inicial. \u00c9s una activitat que permet millorar i ampliar el contacte dels nostres alumnes amb l&#8217;entorn i la natura, alhora que ajuda a potenciar l&#8217;educaci\u00f3 ambiental.<\/span><\/p>\n<p style=\"text-align: justify;\"><span style=\"font-size: large;\">Creiem que la possibilitat de tenir un hort a l&#8217;escola pot ajudar als nostres alumnes a prendre consci\u00e8ncia de la import\u00e0ncia de con\u00e8ixer i protegir els diversos ecosistemes naturals i a valorar l&#8217;esfor\u00e7 i la responsabilitat personals.<\/span><\/p>\n<p style=\"text-align: justify;\"><span style=\"font-size: large;\">L&#8217;hort ofereix un context idoni per aprendre a pensar, per educar emocionalment i per tenir domini de les habilitats socials, englobat en un marc pr\u00e0ctic, vivencial i manipulatiu.<\/span><\/p>\n<p><a href=\"http:\/\/xtec.gencat.cat\/ca\/centres\/espais_escolars\/espais-exteriors\/hort-escolar\/\">http:\/\/xtec.gencat.cat\/ca\/centres\/espais_escolars\/espais-exteriors\/hort-escolar\/<\/a><\/p>\n<p>&nbsp;<\/p>\n<p style=\"text-align: justify;\"><a href=\"https:\/\/agora.xtec.cat\/escsantsabdoisenen\/wp-content\/uploads\/usu554\/2020\/03\/C21DBB75-FCF7-49E0-B627-8BE5B487029C.jpeg\"><img loading=\"lazy\" decoding=\"async\" class=\"alignnone size-large wp-image-4149\" src=\"https:\/\/agora.xtec.cat\/escsantsabdoisenen\/wp-content\/uploads\/usu554\/2020\/03\/C21DBB75-FCF7-49E0-B627-8BE5B487029C-1024x768.jpeg\" alt=\"\" width=\"1024\" height=\"768\" srcset=\"https:\/\/agora.xtec.cat\/escsantsabdoisenen\/wp-content\/uploads\/usu554\/2020\/03\/C21DBB75-FCF7-49E0-B627-8BE5B487029C-1024x768.jpeg 1024w, https:\/\/agora.xtec.cat\/escsantsabdoisenen\/wp-content\/uploads\/usu554\/2020\/03\/C21DBB75-FCF7-49E0-B627-8BE5B487029C-300x225.jpeg 300w, https:\/\/agora.xtec.cat\/escsantsabdoisenen\/wp-content\/uploads\/usu554\/2020\/03\/C21DBB75-FCF7-49E0-B627-8BE5B487029C-768x576.jpeg 768w, https:\/\/agora.xtec.cat\/escsantsabdoisenen\/wp-content\/uploads\/usu554\/2020\/03\/C21DBB75-FCF7-49E0-B627-8BE5B487029C-200x150.jpeg 200w, https:\/\/agora.xtec.cat\/escsantsabdoisenen\/wp-content\/uploads\/usu554\/2020\/03\/C21DBB75-FCF7-49E0-B627-8BE5B487029C.jpeg 1600w\" sizes=\"auto, (max-width: 1024px) 100vw, 1024px\" \/><\/a><\/p>\n","protected":false},"excerpt":{"rendered":"<p>Des de l&#8217;etapa d&#8217;educaci\u00f3 infantil ja es treballa en el projecte de l&#8217;hort escolar, un espai natural de trobada, treball, experimentaci\u00f3 i creaci\u00f3.<br \/>\nLa participaci\u00f3 dels m\u00e9s petits en el seu conreu resulta del tot did\u00e0ctica i permet introduir temes a cavall de diversos \u00e0mbits, com&hellip;  <a href=\"https:\/\/agora.xtec.cat\/escsantsabdoisenen\/projecte-educatiu\/lhort\/\" title=\"Read Cuidem l&#8217;hort\">Llegeix m\u00e9s\u00bb<\/a><\/p>\n","protected":false},"author":1,"featured_media":0,"parent":64,"menu_order":0,"comment_status":"closed","ping_status":"closed","template":"","meta":{"_bbp_topic_count":0,"_bbp_reply_count":0,"_bbp_total_topic_count":0,"_bbp_total_reply_count":0,"_bbp_voice_count":0,"_bbp_anonymous_reply_count":0,"_bbp_topic_count_hidden":0,"_bbp_reply_count_hidden":0,"_bbp_forum_subforum_count":0,"footnotes":""},"class_list":["post-459","page","type-page","status-publish","hentry"],"post_mailing_queue_ids":[],"_links":{"self":[{"href":"https:\/\/agora.xtec.cat\/escsantsabdoisenen\/wp-json\/wp\/v2\/pages\/459","targetHints":{"allow":["GET"]}}],"collection":[{"href":"https:\/\/agora.xtec.cat\/escsantsabdoisenen\/wp-json\/wp\/v2\/pages"}],"about":[{"href":"https:\/\/agora.xtec.cat\/escsantsabdoisenen\/wp-json\/wp\/v2\/types\/page"}],"author":[{"embeddable":true,"href":"https:\/\/agora.xtec.cat\/escsantsabdoisenen\/wp-json\/wp\/v2\/users\/1"}],"replies":[{"embeddable":true,"href":"https:\/\/agora.xtec.cat\/escsantsabdoisenen\/wp-json\/wp\/v2\/comments?post=459"}],"version-history":[{"count":3,"href":"https:\/\/agora.xtec.cat\/escsantsabdoisenen\/wp-json\/wp\/v2\/pages\/459\/revisions"}],"predecessor-version":[{"id":4426,"href":"https:\/\/agora.xtec.cat\/escsantsabdoisenen\/wp-json\/wp\/v2\/pages\/459\/revisions\/4426"}],"up":[{"embeddable":true,"href":"https:\/\/agora.xtec.cat\/escsantsabdoisenen\/wp-json\/wp\/v2\/pages\/64"}],"wp:attachment":[{"href":"https:\/\/agora.xtec.cat\/escsantsabdoisenen\/wp-json\/wp\/v2\/media?parent=459"}],"curies":[{"name":"wp","href":"https:\/\/api.w.org\/{rel}","templated":true}]}}