{"id":4394,"date":"2020-03-19T20:37:13","date_gmt":"2020-03-19T19:37:13","guid":{"rendered":"http:\/\/agora.xtec.cat\/escsantsabdoisenen\/?page_id=4394"},"modified":"2020-03-19T20:37:13","modified_gmt":"2020-03-19T19:37:13","slug":"desdoblaments","status":"publish","type":"page","link":"https:\/\/agora.xtec.cat\/escsantsabdoisenen\/desdoblaments\/","title":{"rendered":"DESDOBLAMENTS"},"content":{"rendered":"<p style=\"text-align: justify;\">Els desdoblaments d\u2019assignatures consisteix en dividir el grup de classe en dos gr\u00e0cies a la pres\u00e8ncia d\u2019un segon mestre que s\u2019end\u00fa la meitat dels alumnes per treballar la mat\u00e8ria en un altre espai.\u00a0Els grups que es creen s\u00f3n heterogenis, sense discriminaci\u00f3 per nivell.<br \/>\nAix\u00f2 permet fer un treball m\u00e9s personalitzat, individualitzar l\u2019atenci\u00f3 i treballar des d\u2019un punt de vista m\u00e9s pr\u00e0ctic. Els materials emprats poden ser molt diversos, l\u2019objectiu final \u00e9s que els alumnes arribin per ells mateixos a determinades conclusions a trav\u00e9s de la interacci\u00f3 amb aquest material. El seu inter\u00e8s per la mat\u00e8ria augmenta i s\u2019optimitza l\u2019aprenentatge.<\/p>\n","protected":false},"excerpt":{"rendered":"<p>Els desdoblaments d\u2019assignatures consisteix en dividir el grup de classe en dos gr\u00e0cies a la pres\u00e8ncia d\u2019un segon mestre que s\u2019end\u00fa la meitat dels alumnes per treballar la mat\u00e8ria en un altre espai.\u00a0Els grups que es creen s\u00f3n heterogenis, sense discriminaci\u00f3 per nivell.<br \/>\nAix\u00f2 permet fer&hellip;  <a href=\"https:\/\/agora.xtec.cat\/escsantsabdoisenen\/desdoblaments\/\" title=\"Read DESDOBLAMENTS\">Llegeix m\u00e9s\u00bb<\/a><\/p>\n","protected":false},"author":18,"featured_media":0,"parent":0,"menu_order":0,"comment_status":"closed","ping_status":"closed","template":"","meta":{"_bbp_topic_count":0,"_bbp_reply_count":0,"_bbp_total_topic_count":0,"_bbp_total_reply_count":0,"_bbp_voice_count":0,"_bbp_anonymous_reply_count":0,"_bbp_topic_count_hidden":0,"_bbp_reply_count_hidden":0,"_bbp_forum_subforum_count":0,"footnotes":""},"class_list":["post-4394","page","type-page","status-publish","hentry"],"post_mailing_queue_ids":[],"_links":{"self":[{"href":"https:\/\/agora.xtec.cat\/escsantsabdoisenen\/wp-json\/wp\/v2\/pages\/4394","targetHints":{"allow":["GET"]}}],"collection":[{"href":"https:\/\/agora.xtec.cat\/escsantsabdoisenen\/wp-json\/wp\/v2\/pages"}],"about":[{"href":"https:\/\/agora.xtec.cat\/escsantsabdoisenen\/wp-json\/wp\/v2\/types\/page"}],"author":[{"embeddable":true,"href":"https:\/\/agora.xtec.cat\/escsantsabdoisenen\/wp-json\/wp\/v2\/users\/18"}],"replies":[{"embeddable":true,"href":"https:\/\/agora.xtec.cat\/escsantsabdoisenen\/wp-json\/wp\/v2\/comments?post=4394"}],"version-history":[{"count":2,"href":"https:\/\/agora.xtec.cat\/escsantsabdoisenen\/wp-json\/wp\/v2\/pages\/4394\/revisions"}],"predecessor-version":[{"id":4396,"href":"https:\/\/agora.xtec.cat\/escsantsabdoisenen\/wp-json\/wp\/v2\/pages\/4394\/revisions\/4396"}],"wp:attachment":[{"href":"https:\/\/agora.xtec.cat\/escsantsabdoisenen\/wp-json\/wp\/v2\/media?parent=4394"}],"curies":[{"name":"wp","href":"https:\/\/api.w.org\/{rel}","templated":true}]}}