{"id":4390,"date":"2020-03-19T20:33:33","date_gmt":"2020-03-19T19:33:33","guid":{"rendered":"http:\/\/agora.xtec.cat\/escsantsabdoisenen\/?page_id=4390"},"modified":"2020-03-22T18:24:57","modified_gmt":"2020-03-22T17:24:57","slug":"projecte-de-convivencia","status":"publish","type":"page","link":"https:\/\/agora.xtec.cat\/escsantsabdoisenen\/projecte-de-convivencia\/","title":{"rendered":"PROJECTE DE CONVIV\u00c8NCIA"},"content":{"rendered":"<p style=\"text-align: justify;\">En el marc del Projecte educatiu, el Projecte de conviv\u00e8ncia reflecteix les accions que la nostra escola desenvolupa per capacitar tots els alumnes i la resta de la comunitat escolar per a la conviv\u00e8ncia i la gesti\u00f3 positiva dels conflictes.<\/p>\n<p style=\"text-align: justify;\">Les accions que s\u2019hi proposen s\u2019aborden des de tres nivells diferents: valors i actituds, resoluci\u00f3 de conflictes i el marc organitzatiu. Aix\u00ed mateix, aquestes accions s\u2019adrecen a la millora de la conviv\u00e8ncia en tres \u00e0mbits diferents, aula, centre i entorn, en el benent\u00e8s que la permeabilitat entre aquests tres \u00e0mbits d&#8217;intervenci\u00f3 afavoreix la transfer\u00e8ncia d&#8217;aprenentatges, valors, actituds i h\u00e0bits relacionals.<\/p>\n","protected":false},"excerpt":{"rendered":"<p>En el marc del Projecte educatiu, el Projecte de conviv\u00e8ncia reflecteix les accions que la nostra escola desenvolupa per capacitar tots els alumnes i la resta de la comunitat escolar per a la conviv\u00e8ncia i la gesti\u00f3 positiva dels conflictes.<br \/>\nLes accions que s\u2019hi proposen s\u2019aborden&hellip;  <a href=\"https:\/\/agora.xtec.cat\/escsantsabdoisenen\/projecte-de-convivencia\/\" title=\"Read PROJECTE DE CONVIV\u00c8NCIA\">Llegeix m\u00e9s\u00bb<\/a><\/p>\n","protected":false},"author":18,"featured_media":0,"parent":0,"menu_order":0,"comment_status":"closed","ping_status":"closed","template":"","meta":{"_bbp_topic_count":0,"_bbp_reply_count":0,"_bbp_total_topic_count":0,"_bbp_total_reply_count":0,"_bbp_voice_count":0,"_bbp_anonymous_reply_count":0,"_bbp_topic_count_hidden":0,"_bbp_reply_count_hidden":0,"_bbp_forum_subforum_count":0,"footnotes":""},"class_list":["post-4390","page","type-page","status-publish","hentry"],"post_mailing_queue_ids":[],"_links":{"self":[{"href":"https:\/\/agora.xtec.cat\/escsantsabdoisenen\/wp-json\/wp\/v2\/pages\/4390","targetHints":{"allow":["GET"]}}],"collection":[{"href":"https:\/\/agora.xtec.cat\/escsantsabdoisenen\/wp-json\/wp\/v2\/pages"}],"about":[{"href":"https:\/\/agora.xtec.cat\/escsantsabdoisenen\/wp-json\/wp\/v2\/types\/page"}],"author":[{"embeddable":true,"href":"https:\/\/agora.xtec.cat\/escsantsabdoisenen\/wp-json\/wp\/v2\/users\/18"}],"replies":[{"embeddable":true,"href":"https:\/\/agora.xtec.cat\/escsantsabdoisenen\/wp-json\/wp\/v2\/comments?post=4390"}],"version-history":[{"count":2,"href":"https:\/\/agora.xtec.cat\/escsantsabdoisenen\/wp-json\/wp\/v2\/pages\/4390\/revisions"}],"predecessor-version":[{"id":4428,"href":"https:\/\/agora.xtec.cat\/escsantsabdoisenen\/wp-json\/wp\/v2\/pages\/4390\/revisions\/4428"}],"wp:attachment":[{"href":"https:\/\/agora.xtec.cat\/escsantsabdoisenen\/wp-json\/wp\/v2\/media?parent=4390"}],"curies":[{"name":"wp","href":"https:\/\/api.w.org\/{rel}","templated":true}]}}