{"id":4273,"date":"2020-03-16T20:12:37","date_gmt":"2020-03-16T19:12:37","guid":{"rendered":"http:\/\/agora.xtec.cat\/escsantsabdoisenen\/?page_id=4273"},"modified":"2020-03-19T20:39:57","modified_gmt":"2020-03-19T19:39:57","slug":"escola-psec","status":"publish","type":"page","link":"https:\/\/agora.xtec.cat\/escsantsabdoisenen\/escola-psec\/","title":{"rendered":"Escola PSEC"},"content":{"rendered":"<p style=\"text-align: justify;\"><b data-removefontsize=\"true\" data-originalcomputedfontsize=\"13\">Escola Saludable a l&#8217;Alt Pened\u00e8s (ESAP)<\/b> \u00e9s un projecte transversal \u00a0de salut comunit\u00e0ria que t\u00e9 com a objectiu el desenvolupar una cultura de salut en els infants i les seves fam\u00edlies.<\/p>\n<p style=\"text-align: justify;\">El projecte sorgeix \u00a0de la taula del <a href=\"http:\/\/xtec.gencat.cat\/ca\/comunitat\/salutescola\/psec\/\" target=\"_blank\" rel=\"noopener noreferrer\" data-saferedirecturl=\"https:\/\/www.google.com\/url?q=http:\/\/xtec.gencat.cat\/ca\/comunitat\/salutescola\/psec\/&amp;source=gmail&amp;ust=1584523705322000&amp;usg=AFQjCNHDwwgihpqWTL6hdg-NchIMAOPalA\" data-removefontsize=\"true\" data-originalcomputedfontsize=\"13\">Pla Salut, Escola i Comunitat<\/a> (<span class=\"term-highlighted\">PSEC<\/span>) que es va iniciar el 2015 al municipi de Vilafranca del Pened\u00e8s i a continuaci\u00f3 es va desplegar a tota la comarca.<\/p>\n<p style=\"text-align: justify;\">La nostra escola forma part de la xarxa d&#8217;escoles que portem a terme accions que afavoreixen la salut dels nostres alumnes.<\/p>\n<p style=\"text-align: justify;\">Com?<\/p>\n<ul>\n<li>Fomentant el coneixement de l\u2019entorn natural.<\/li>\n<li>Selecci\u00f3 de residus (recollida piles, paper, pl\u00e0stic,&#8230;)<\/li>\n<li>Portant a terme el projecte de l\u2019hort.<\/li>\n<li>Realitzant talers d\u2019educaci\u00f3 mediambiental, Mancomunitat Pened\u00e8s-Garraf.<\/li>\n<li>Xerrades agents rurals.<\/li>\n<li>Incentivant el consum de fruita.<\/li>\n<li>Promocionant la participaci\u00f3 d\u2019Esport escolar I la difusi\u00f3 de les jornades <a href=\"https:\/\/www.jespe.org\/\">Jespe<\/a><\/li>\n<li>PROGRAMA DE SALUT. Des del CAP de St. Sadurn\u00ed d\u2019Anoia es realitzaran les seg\u00fcents actuacions, sempre pr\u00e8via autoritzaci\u00f3 dels pares.\n<ul>\n<li>Administraci\u00f3 de vacunes als alumnes de sis\u00e8.<\/li>\n<li>Revisions als alumnes de 1r.<\/li>\n<\/ul>\n<\/li>\n<\/ul>\n<ul>\n<li>L\u2019escola tamb\u00e9 participa en el programa d\u2019Educaci\u00f3 per la Salut realitzant les activitats: Salut bucodental i H\u00e0bits alimentaris<\/li>\n<\/ul>\n","protected":false},"excerpt":{"rendered":"<p>Escola Saludable a l&#8217;Alt Pened\u00e8s (ESAP) \u00e9s un projecte transversal \u00a0de salut comunit\u00e0ria que t\u00e9 com a objectiu el desenvolupar una cultura de salut en els infants i les seves fam\u00edlies.<br \/>\nEl projecte sorgeix \u00a0de la taula del <a href=\"http:\/\/xtec.gencat.cat\/ca\/comunitat\/salutescola\/psec\/\" target=\"_blank\" rel=\"noopener noreferrer\" data-saferedirecturl=\"https:\/\/www.google.com\/url?q=http:\/\/xtec.gencat.cat\/ca\/comunitat\/salutescola\/psec\/&amp;source=gmail&amp;ust=1584523705322000&amp;usg=AFQjCNHDwwgihpqWTL6hdg-NchIMAOPalA\" data-removefontsize=\"true\" data-originalcomputedfontsize=\"13\">Pla&hellip;  <a href=\"https:\/\/agora.xtec.cat\/escsantsabdoisenen\/escola-psec\/\" title=\"Read Escola PSEC\">Llegeix m\u00e9s\u00bb<\/a><\/p>\n","protected":false},"author":18,"featured_media":0,"parent":0,"menu_order":0,"comment_status":"closed","ping_status":"closed","template":"","meta":{"_bbp_topic_count":0,"_bbp_reply_count":0,"_bbp_total_topic_count":0,"_bbp_total_reply_count":0,"_bbp_voice_count":0,"_bbp_anonymous_reply_count":0,"_bbp_topic_count_hidden":0,"_bbp_reply_count_hidden":0,"_bbp_forum_subforum_count":0,"footnotes":""},"class_list":["post-4273","page","type-page","status-publish","hentry"],"post_mailing_queue_ids":[],"_links":{"self":[{"href":"https:\/\/agora.xtec.cat\/escsantsabdoisenen\/wp-json\/wp\/v2\/pages\/4273","targetHints":{"allow":["GET"]}}],"collection":[{"href":"https:\/\/agora.xtec.cat\/escsantsabdoisenen\/wp-json\/wp\/v2\/pages"}],"about":[{"href":"https:\/\/agora.xtec.cat\/escsantsabdoisenen\/wp-json\/wp\/v2\/types\/page"}],"author":[{"embeddable":true,"href":"https:\/\/agora.xtec.cat\/escsantsabdoisenen\/wp-json\/wp\/v2\/users\/18"}],"replies":[{"embeddable":true,"href":"https:\/\/agora.xtec.cat\/escsantsabdoisenen\/wp-json\/wp\/v2\/comments?post=4273"}],"version-history":[{"count":4,"href":"https:\/\/agora.xtec.cat\/escsantsabdoisenen\/wp-json\/wp\/v2\/pages\/4273\/revisions"}],"predecessor-version":[{"id":4397,"href":"https:\/\/agora.xtec.cat\/escsantsabdoisenen\/wp-json\/wp\/v2\/pages\/4273\/revisions\/4397"}],"wp:attachment":[{"href":"https:\/\/agora.xtec.cat\/escsantsabdoisenen\/wp-json\/wp\/v2\/media?parent=4273"}],"curies":[{"name":"wp","href":"https:\/\/api.w.org\/{rel}","templated":true}]}}