{"id":4258,"date":"2020-03-16T19:08:31","date_gmt":"2020-03-16T18:08:31","guid":{"rendered":"http:\/\/agora.xtec.cat\/escsantsabdoisenen\/?page_id=4258"},"modified":"2020-03-18T21:23:15","modified_gmt":"2020-03-18T20:23:15","slug":"seguretat-i-internet","status":"publish","type":"page","link":"https:\/\/agora.xtec.cat\/escsantsabdoisenen\/seguretat-i-internet\/","title":{"rendered":"Seguretat i Internet"},"content":{"rendered":"<p><img loading=\"lazy\" decoding=\"async\" class=\"aligncenter\" src=\"http:\/\/agora.xtec.cat\/escolaantoniroig\/wp-content\/uploads\/usu563\/2018\/09\/Screenshot_2.jpg\" width=\"271\" height=\"162\" \/><\/p>\n<p>Les tecnologies digitals formen part del dia a dia dels nostres alumnes i s\u2019han convertit en potents recursos educatius. Per\u00f2 cal que els menors siguin conscients dels riscos i coneguin certes mesures de seguretat.<\/p>\n<p>A l\u2019escola vetllem per un \u00fas responsable de la tecnologia.<\/p>\n<p>\u00c9s molt important que a casa tamb\u00e9 es potenci\u00ef el bon \u00fas de les tecnologies digitals.<\/p>\n<p>En els seg\u00fcents enlla\u00e7os trobareu recomanacions de seguretat que us ajudaran a gestionar el seu \u00fas:<\/p>\n<ul>\n<li><strong><a href=\"http:\/\/familiaiescola.gencat.cat\/ca\/escolaritat\/acompanyament-escolar-casa\/internet-usos\/\">FAMILIA I ESCOLA:\u00a0<\/a><a href=\"http:\/\/familiaiescola.gencat.cat\/ca\/escolaritat\/acompanyament-escolar-casa\/internet-usos\/\">INTERNET I ELS SEUS USOS<\/a>\u00a0<img loading=\"lazy\" decoding=\"async\" class=\" wp-image-3744 alignnone\" src=\"http:\/\/agora.xtec.cat\/escolaantoniroig\/wp-content\/uploads\/usu563\/2018\/04\/FLECHA-e1524651693894.png\" alt=\"\" width=\"22\" height=\"19\" \/><\/strong><\/li>\n<li><strong><a href=\"http:\/\/familiaiescola.gencat.cat\/ca\/educar-creixer-en-familia\/educacio-us-tecnologies\/us-abus-tecnologies\/6-12-anys\/\">EDUCAR I CR\u00c9IXER EN FAMILIA: \u00daS I AB\u00daS DE LES TECNOLOGIES\u00a0<\/a><a href=\"http:\/\/familiaiescola.gencat.cat\/ca\/educar-creixer-en-familia\/educacio-us-tecnologies\/us-abus-tecnologies\/6-12-anys\/\"><img loading=\"lazy\" decoding=\"async\" class=\" wp-image-3744 alignnone\" src=\"http:\/\/agora.xtec.cat\/escolaantoniroig\/wp-content\/uploads\/usu563\/2018\/04\/FLECHA-e1524651693894.png\" alt=\"\" width=\"22\" height=\"19\" \/><\/a><\/strong><\/li>\n<li><strong><a href=\"https:\/\/internetsegura.cat\/pares\/\">INTERNET SEGURA: PARES\u00a0<\/a><a href=\"https:\/\/internetsegura.cat\/pares\/\"><img loading=\"lazy\" decoding=\"async\" class=\" wp-image-3744 alignnone\" src=\"http:\/\/agora.xtec.cat\/escolaantoniroig\/wp-content\/uploads\/usu563\/2018\/04\/FLECHA-e1524651693894.png\" alt=\"\" width=\"22\" height=\"19\" \/><\/a><\/strong><\/li>\n<li><strong><a href=\"https:\/\/internetsegura.cat\/joves\/normes-basiques-seguretat\/\">INTERNET SEGURA: NORMES B\u00c0SIQUES DE SEGURETAT\u00a0<\/a><a href=\"https:\/\/internetsegura.cat\/joves\/normes-basiques-seguretat\/\"><img loading=\"lazy\" decoding=\"async\" class=\" wp-image-3744 alignnone\" src=\"http:\/\/agora.xtec.cat\/escolaantoniroig\/wp-content\/uploads\/usu563\/2018\/04\/FLECHA-e1524651693894.png\" alt=\"\" width=\"22\" height=\"19\" \/><\/a><\/strong><\/li>\n<li><strong><a href=\"http:\/\/xtec.gencat.cat\/web\/.content\/alfresco\/d\/d\/workspace\/SpacesStore\/0022\/7dc01557-34da-429a-b2c9-0be09b4b4491\/manual_bons_usos_digitals.pdf\">MANUAL DELS BONS USOS DIGITALS <\/a><a href=\"https:\/\/internetsegura.cat\/joves\/normes-basiques-seguretat\/\"><img loading=\"lazy\" decoding=\"async\" class=\" wp-image-3744 alignnone\" src=\"http:\/\/agora.xtec.cat\/escolaantoniroig\/wp-content\/uploads\/usu563\/2018\/04\/FLECHA-e1524651693894.png\" alt=\"\" width=\"22\" height=\"19\" \/><\/a><\/strong><\/li>\n<\/ul>\n","protected":false},"excerpt":{"rendered":"<p>Les tecnologies digitals formen part del dia a dia dels nostres alumnes i s\u2019han convertit en potents recursos educatius. Per\u00f2 cal que els menors siguin conscients dels riscos i coneguin certes mesures de seguretat.<br \/>\nA l\u2019escola vetllem per un \u00fas responsable de la tecnologia.<br \/>\n\u00c9s molt important&hellip;  <a href=\"https:\/\/agora.xtec.cat\/escsantsabdoisenen\/seguretat-i-internet\/\" title=\"Read Seguretat i Internet\">Llegeix m\u00e9s\u00bb<\/a><\/p>\n","protected":false},"author":18,"featured_media":0,"parent":0,"menu_order":0,"comment_status":"closed","ping_status":"closed","template":"","meta":{"_bbp_topic_count":0,"_bbp_reply_count":0,"_bbp_total_topic_count":0,"_bbp_total_reply_count":0,"_bbp_voice_count":0,"_bbp_anonymous_reply_count":0,"_bbp_topic_count_hidden":0,"_bbp_reply_count_hidden":0,"_bbp_forum_subforum_count":0,"footnotes":""},"class_list":["post-4258","page","type-page","status-publish","hentry"],"post_mailing_queue_ids":[],"_links":{"self":[{"href":"https:\/\/agora.xtec.cat\/escsantsabdoisenen\/wp-json\/wp\/v2\/pages\/4258","targetHints":{"allow":["GET"]}}],"collection":[{"href":"https:\/\/agora.xtec.cat\/escsantsabdoisenen\/wp-json\/wp\/v2\/pages"}],"about":[{"href":"https:\/\/agora.xtec.cat\/escsantsabdoisenen\/wp-json\/wp\/v2\/types\/page"}],"author":[{"embeddable":true,"href":"https:\/\/agora.xtec.cat\/escsantsabdoisenen\/wp-json\/wp\/v2\/users\/18"}],"replies":[{"embeddable":true,"href":"https:\/\/agora.xtec.cat\/escsantsabdoisenen\/wp-json\/wp\/v2\/comments?post=4258"}],"version-history":[{"count":3,"href":"https:\/\/agora.xtec.cat\/escsantsabdoisenen\/wp-json\/wp\/v2\/pages\/4258\/revisions"}],"predecessor-version":[{"id":4377,"href":"https:\/\/agora.xtec.cat\/escsantsabdoisenen\/wp-json\/wp\/v2\/pages\/4258\/revisions\/4377"}],"wp:attachment":[{"href":"https:\/\/agora.xtec.cat\/escsantsabdoisenen\/wp-json\/wp\/v2\/media?parent=4258"}],"curies":[{"name":"wp","href":"https:\/\/api.w.org\/{rel}","templated":true}]}}