{"id":38,"date":"2014-09-18T12:34:08","date_gmt":"2014-09-18T11:34:08","guid":{"rendered":"http:\/\/agora.xtec.cat\/escsantsabdoisenen\/?page_id=38"},"modified":"2022-02-03T13:11:49","modified_gmt":"2022-02-03T12:11:49","slug":"salut","status":"publish","type":"page","link":"https:\/\/agora.xtec.cat\/escsantsabdoisenen\/lescola\/salut\/","title":{"rendered":"Salut"},"content":{"rendered":"<p>&nbsp;<\/p>\n<h2><span style=\"color: #0000ff;\"><strong>PROGRAMA FRUITA A LES ESCOLES<\/strong><\/span><\/h2>\n<h2 class=\"subtitle\">A l&#8217;escola i a casa, tens amics insubstitu\u00efbles!<\/h2>\n<div class=\"basic_text col-xs-12\">\n<div class=\"pd-15x\">\n<p>Per millorar la salut cal menjar fruita i verdura en cada \u00e0pat, tant a casa com a l&#8217;escola.<\/p>\n<p>I a m\u00e9s cal tenir un estil de vida actiu: caminar, pujar escales, jugar, fer esport&#8230;<\/p>\n<p>Cal potenciar accions que afavoreixin la salut dels infants.<\/p>\n<\/div>\n<\/div>\n<p>L&#8217;escola participa des de fa uns anys en aquest projecte que t\u00e9 com a objectiu principal vetllar per la difusi\u00f3 dels h\u00e0bits saludables. En aquest context, el centre rep fruita de temporada que es distribueix cada dimecres entre l&#8217;alumnat d&#8217;infantil i prim\u00e0ria.\u00a0<a href=\"https:\/\/agora.xtec.cat\/escsantsabdoisenen\/wp-content\/uploads\/usu554\/2021\/10\/fruites.jpg\"><img loading=\"lazy\" decoding=\"async\" class=\"wp-image-8875 aligncenter\" src=\"https:\/\/agora.xtec.cat\/escsantsabdoisenen\/wp-content\/uploads\/usu554\/2021\/10\/fruites.jpg\" alt=\"\" width=\"388\" height=\"310\" srcset=\"https:\/\/agora.xtec.cat\/escsantsabdoisenen\/wp-content\/uploads\/usu554\/2021\/10\/fruites.jpg 800w, https:\/\/agora.xtec.cat\/escsantsabdoisenen\/wp-content\/uploads\/usu554\/2021\/10\/fruites-300x240.jpg 300w, https:\/\/agora.xtec.cat\/escsantsabdoisenen\/wp-content\/uploads\/usu554\/2021\/10\/fruites-768x614.jpg 768w\" sizes=\"auto, (max-width: 388px) 100vw, 388px\" \/><\/a><\/p>\n<p>&nbsp;<\/p>\n<p>&nbsp;<\/p>\n<p>&nbsp;<\/p>\n","protected":false},"excerpt":{"rendered":"<p>&nbsp;<br \/>\nPROGRAMA FRUITA A LES ESCOLES<br \/>\nA l&#8217;escola i a casa, tens amics insubstitu\u00efbles!<\/p>\n<p>Per millorar la salut cal menjar fruita i verdura en cada \u00e0pat, tant a casa com a l&#8217;escola.<br \/>\nI a m\u00e9s cal tenir un estil de vida actiu: caminar, pujar escales, jugar, fer esport&#8230;<br \/>\nCal potenciar&hellip;  <a href=\"https:\/\/agora.xtec.cat\/escsantsabdoisenen\/lescola\/salut\/\" title=\"Read Salut\">Llegeix m\u00e9s\u00bb<\/a><\/p>\n","protected":false},"author":1,"featured_media":0,"parent":22,"menu_order":80,"comment_status":"closed","ping_status":"closed","template":"page-templates\/side-menu.php","meta":{"_bbp_topic_count":0,"_bbp_reply_count":0,"_bbp_total_topic_count":0,"_bbp_total_reply_count":0,"_bbp_voice_count":0,"_bbp_anonymous_reply_count":0,"_bbp_topic_count_hidden":0,"_bbp_reply_count_hidden":0,"_bbp_forum_subforum_count":0,"footnotes":""},"class_list":["post-38","page","type-page","status-publish","hentry"],"post_mailing_queue_ids":[],"_links":{"self":[{"href":"https:\/\/agora.xtec.cat\/escsantsabdoisenen\/wp-json\/wp\/v2\/pages\/38","targetHints":{"allow":["GET"]}}],"collection":[{"href":"https:\/\/agora.xtec.cat\/escsantsabdoisenen\/wp-json\/wp\/v2\/pages"}],"about":[{"href":"https:\/\/agora.xtec.cat\/escsantsabdoisenen\/wp-json\/wp\/v2\/types\/page"}],"author":[{"embeddable":true,"href":"https:\/\/agora.xtec.cat\/escsantsabdoisenen\/wp-json\/wp\/v2\/users\/1"}],"replies":[{"embeddable":true,"href":"https:\/\/agora.xtec.cat\/escsantsabdoisenen\/wp-json\/wp\/v2\/comments?post=38"}],"version-history":[{"count":3,"href":"https:\/\/agora.xtec.cat\/escsantsabdoisenen\/wp-json\/wp\/v2\/pages\/38\/revisions"}],"predecessor-version":[{"id":9413,"href":"https:\/\/agora.xtec.cat\/escsantsabdoisenen\/wp-json\/wp\/v2\/pages\/38\/revisions\/9413"}],"up":[{"embeddable":true,"href":"https:\/\/agora.xtec.cat\/escsantsabdoisenen\/wp-json\/wp\/v2\/pages\/22"}],"wp:attachment":[{"href":"https:\/\/agora.xtec.cat\/escsantsabdoisenen\/wp-json\/wp\/v2\/media?parent=38"}],"curies":[{"name":"wp","href":"https:\/\/api.w.org\/{rel}","templated":true}]}}