{"id":26,"date":"2014-09-18T12:24:32","date_gmt":"2014-09-18T11:24:32","guid":{"rendered":"http:\/\/agora.xtec.cat\/escsantsabdoisenen\/?page_id=26"},"modified":"2019-11-08T01:59:27","modified_gmt":"2019-11-08T00:59:27","slug":"historia","status":"publish","type":"page","link":"https:\/\/agora.xtec.cat\/escsantsabdoisenen\/lescola\/historia\/","title":{"rendered":"Trets d&#8217;identitat"},"content":{"rendered":"<p align=\"justify\">La nostra escola, com a centre p\u00fablic, est\u00e0 al servei de la societat, \u00e9s sensible a la seva problem\u00e0tica i resta oberta a la diversitat tant en el professorat, en l&#8217;alumnat, com en els pares i les mares.<\/p>\n<p align=\"justify\">Defensem el pluralisme ideol\u00f2gic de caire democr\u00e0tic. Eduquem per assolir tots els valors democr\u00e0tics de la societat, el sentit de la solidaritat, de la toler\u00e0ncia i de la conviv\u00e8ncia. Potenciem l\u2019actitud de di\u00e0leg com l\u2019\u00fanica via de soluci\u00f3 de conflictes.<\/p>\n<p align=\"justify\">Respectem les lleng\u00fces, els trets culturals i religiosos de l\u2019alumnat procedent d\u2019altres comunitats aut\u00f2nomes de l\u2019Estat o b\u00e9 d\u2019altres pa\u00efsos, l\u2019ajudem a conviure amb les contradiccions del seu m\u00f3n familiar i de la societat que els acull i vetllem perqu\u00e8 no sorgeixi cap tipus de discriminaci\u00f3 o perjudici per raons \u00e8tniques, culturals o religioses.<\/p>\n<p align=\"justify\"><span style=\"text-decoration: underline;\"><strong>COMUNITAT EDUCATIVA<\/strong><\/span><\/p>\n<p align=\"justify\">La comunitat educativa som tots: alumnes, fam\u00edlies, equip docent, personal de suport i equip directiu.<\/p>\n<p align=\"justify\">Formar persones completes, capaces d\u2019esfor\u00e7ar-se per assolir el millor de si mateixos, i capaces tamb\u00e9 de conviure amb respecte i saber formar part d\u2019una comunitat, requereix implicaci\u00f3 per part de l\u2019escola, les fam\u00edlies i els propis alumnes.<\/p>\n","protected":false},"excerpt":{"rendered":"<p>La nostra escola, com a centre p\u00fablic, est\u00e0 al servei de la societat, \u00e9s sensible a la seva problem\u00e0tica i resta oberta a la diversitat tant en el professorat, en l&#8217;alumnat, com en els pares i les mares.<br \/>\nDefensem el pluralisme ideol\u00f2gic de caire democr\u00e0tic. Eduquem&hellip;  <a href=\"https:\/\/agora.xtec.cat\/escsantsabdoisenen\/lescola\/historia\/\" title=\"Read Trets d&#8217;identitat\">Llegeix m\u00e9s\u00bb<\/a><\/p>\n","protected":false},"author":1,"featured_media":0,"parent":22,"menu_order":20,"comment_status":"closed","ping_status":"closed","template":"page-templates\/side-menu.php","meta":{"_bbp_topic_count":0,"_bbp_reply_count":0,"_bbp_total_topic_count":0,"_bbp_total_reply_count":0,"_bbp_voice_count":0,"_bbp_anonymous_reply_count":0,"_bbp_topic_count_hidden":0,"_bbp_reply_count_hidden":0,"_bbp_forum_subforum_count":0,"footnotes":""},"class_list":["post-26","page","type-page","status-publish","hentry"],"post_mailing_queue_ids":[],"_links":{"self":[{"href":"https:\/\/agora.xtec.cat\/escsantsabdoisenen\/wp-json\/wp\/v2\/pages\/26","targetHints":{"allow":["GET"]}}],"collection":[{"href":"https:\/\/agora.xtec.cat\/escsantsabdoisenen\/wp-json\/wp\/v2\/pages"}],"about":[{"href":"https:\/\/agora.xtec.cat\/escsantsabdoisenen\/wp-json\/wp\/v2\/types\/page"}],"author":[{"embeddable":true,"href":"https:\/\/agora.xtec.cat\/escsantsabdoisenen\/wp-json\/wp\/v2\/users\/1"}],"replies":[{"embeddable":true,"href":"https:\/\/agora.xtec.cat\/escsantsabdoisenen\/wp-json\/wp\/v2\/comments?post=26"}],"version-history":[{"count":4,"href":"https:\/\/agora.xtec.cat\/escsantsabdoisenen\/wp-json\/wp\/v2\/pages\/26\/revisions"}],"predecessor-version":[{"id":2431,"href":"https:\/\/agora.xtec.cat\/escsantsabdoisenen\/wp-json\/wp\/v2\/pages\/26\/revisions\/2431"}],"up":[{"embeddable":true,"href":"https:\/\/agora.xtec.cat\/escsantsabdoisenen\/wp-json\/wp\/v2\/pages\/22"}],"wp:attachment":[{"href":"https:\/\/agora.xtec.cat\/escsantsabdoisenen\/wp-json\/wp\/v2\/media?parent=26"}],"curies":[{"name":"wp","href":"https:\/\/api.w.org\/{rel}","templated":true}]}}