{"id":2503,"date":"2019-11-13T11:17:37","date_gmt":"2019-11-13T10:17:37","guid":{"rendered":"http:\/\/agora.xtec.cat\/escsantsabdoisenen\/?page_id=2503"},"modified":"2024-01-16T15:54:32","modified_gmt":"2024-01-16T14:54:32","slug":"piscina","status":"publish","type":"page","link":"https:\/\/agora.xtec.cat\/escsantsabdoisenen\/piscina\/","title":{"rendered":"Programa nataci\u00f3 escolar"},"content":{"rendered":"<p style=\"text-align: justify;\">L\u2019activitat de piscina es realitza al Complex Aquatic i t\u00e9 com a finalitat establir una interrelaci\u00f3 permanent, amb l\u2019\u00e0rea d\u2019Educaci\u00f3 F\u00edsica, per tal d\u2019assolir els objectius establerts en el Projecte Curricular del Centre. L\u2019objectiu principal \u00e9s facilitar que l\u2019alumnat visqui experi\u00e8ncies noves que li proporcionin la base psicomotriu tant pel seu desenvolupament integral, com per jugar, divertir-se i dominar el medi amb seguretat i sense pors. Durant tot el programa de nataci\u00f3 escolar, <strong>d&#8217; I5, 2n i 4t<\/strong>, es treballaran diferents continguts relacionats amb les diferents etapes de desenvolupament del nen\/a. El Programa de Nataci\u00f3 Escolar es divideix per cursos, i a cadascun dels cicles es treballaran uns continguts, els quals es troben directament relacionats amb el programa de l\u2019\u00e0rea d\u2019Educaci\u00f3 F\u00edsica.<\/p>\n<p style=\"text-align: justify;\">L\u2019activitat es realitz\u00e0 durant un trimestre.<\/p>\n<p style=\"text-align: justify;\">El Programa de Nataci\u00f3 Escolar, es desenvolupa basant-se en quatre grans \u00e0rees de continguts b\u00e0sics:<\/p>\n<ul style=\"text-align: justify;\">\n<li><strong>Familiaritzaci\u00f3 i adaptaci\u00f3 al medi aqu\u00e0tic:\u00a0<\/strong>Formaci\u00f3 integral de l\u2019alumne\/a a trav\u00e9s del treball de les habilitats aqu\u00e0tiques b\u00e0siques a partir del m\u00e0xim d\u2019experi\u00e8ncies motrius possibles.<\/li>\n<li><strong>Domini del medi aqu\u00e0tic i dels despla\u00e7aments:\u00a0<\/strong>Formaci\u00f3 integral de l\u2019alumne\/a a partir de la pr\u00e0ctica motriu aqu\u00e0tica, a trav\u00e9s del domini del propi cos, dels despla\u00e7aments en el medi aqu\u00e0tic i de les habilitats coordinatives.<\/li>\n<li><strong>Iniciaci\u00f3 a la t\u00e8cnica dels estils:\u00a0<\/strong>Coneixement i experimentaci\u00f3 de la t\u00e8cnica dels diferents estils de nataci\u00f3.<\/li>\n<\/ul>\n<p style=\"text-align: justify;\">A partir del treball d\u2019aquestes grans \u00e0rees se\u2019n derivaran els\u00a0<strong>objectius<\/strong>\u00a0a treballar.<\/p>\n<ul>\n<li style=\"text-align: justify;\">Adaptaci\u00f3 al medi aqu\u00e0tic: Flotaci\u00f3, respiraci\u00f3 i propulsi\u00f3<\/li>\n<li style=\"text-align: justify;\">Domini del medi aqu\u00e0tic i despla\u00e7aments b\u00e0sics: Habilitats aqu\u00e0tiques (salts, despla\u00e7aments, girs, llan\u00e7aments i recepcions i equilibris)<\/li>\n<li style=\"text-align: justify;\">Iniciaci\u00f3 a la t\u00e8cnica d\u2019estils (habilitats espec\u00edfiques)<\/li>\n<\/ul>\n","protected":false},"excerpt":{"rendered":"<p>L\u2019activitat de piscina es realitza al Complex Aquatic i t\u00e9 com a finalitat establir una interrelaci\u00f3 permanent, amb l\u2019\u00e0rea d\u2019Educaci\u00f3 F\u00edsica, per tal d\u2019assolir els objectius establerts en el Projecte Curricular del Centre. L\u2019objectiu principal \u00e9s facilitar que l\u2019alumnat visqui experi\u00e8ncies noves que li proporcionin&hellip;  <a href=\"https:\/\/agora.xtec.cat\/escsantsabdoisenen\/piscina\/\" title=\"Read Programa nataci\u00f3 escolar\">Llegeix m\u00e9s\u00bb<\/a><\/p>\n","protected":false},"author":18,"featured_media":0,"parent":0,"menu_order":0,"comment_status":"closed","ping_status":"closed","template":"","meta":{"_bbp_topic_count":0,"_bbp_reply_count":0,"_bbp_total_topic_count":0,"_bbp_total_reply_count":0,"_bbp_voice_count":0,"_bbp_anonymous_reply_count":0,"_bbp_topic_count_hidden":0,"_bbp_reply_count_hidden":0,"_bbp_forum_subforum_count":0,"footnotes":""},"class_list":["post-2503","page","type-page","status-publish","hentry"],"post_mailing_queue_ids":[],"_links":{"self":[{"href":"https:\/\/agora.xtec.cat\/escsantsabdoisenen\/wp-json\/wp\/v2\/pages\/2503","targetHints":{"allow":["GET"]}}],"collection":[{"href":"https:\/\/agora.xtec.cat\/escsantsabdoisenen\/wp-json\/wp\/v2\/pages"}],"about":[{"href":"https:\/\/agora.xtec.cat\/escsantsabdoisenen\/wp-json\/wp\/v2\/types\/page"}],"author":[{"embeddable":true,"href":"https:\/\/agora.xtec.cat\/escsantsabdoisenen\/wp-json\/wp\/v2\/users\/18"}],"replies":[{"embeddable":true,"href":"https:\/\/agora.xtec.cat\/escsantsabdoisenen\/wp-json\/wp\/v2\/comments?post=2503"}],"version-history":[{"count":4,"href":"https:\/\/agora.xtec.cat\/escsantsabdoisenen\/wp-json\/wp\/v2\/pages\/2503\/revisions"}],"predecessor-version":[{"id":11608,"href":"https:\/\/agora.xtec.cat\/escsantsabdoisenen\/wp-json\/wp\/v2\/pages\/2503\/revisions\/11608"}],"wp:attachment":[{"href":"https:\/\/agora.xtec.cat\/escsantsabdoisenen\/wp-json\/wp\/v2\/media?parent=2503"}],"curies":[{"name":"wp","href":"https:\/\/api.w.org\/{rel}","templated":true}]}}