{"id":2502,"date":"2019-11-13T11:17:37","date_gmt":"2019-11-13T10:17:37","guid":{"rendered":"http:\/\/agora.xtec.cat\/escsantsabdoisenen\/?page_id=2502"},"modified":"2020-03-17T00:35:28","modified_gmt":"2020-03-16T23:35:28","slug":"tallers-primaria","status":"publish","type":"page","link":"https:\/\/agora.xtec.cat\/escsantsabdoisenen\/tallers-primaria\/","title":{"rendered":"Tallers de prim\u00e0ria"},"content":{"rendered":"<p style=\"text-align: justify;\"><span style=\"font-size: medium;\"><span lang=\"EN-US\">Els alumnes de\u00a0 3r, 4t, 5\u00e8 i 6\u00e8 de prim\u00e0ria realitzen part del contingut curricular mitjan\u00e7ant tallers. Aquests estan dotats d\u2019activitats on es treballen les diferents compet\u00e8ncies.<\/span><\/span><\/p>\n<p style=\"text-align: justify;\"><span style=\"font-size: medium;\"><span lang=\"EN-US\">Els tallers representen una manera diferent d\u2019organitzar l\u2019espai i els materials de l\u2019escola afavorint que nens i nenes de diferents nivells aprenguin junts. Aquests entorns propicien situacions d\u2019aprenentatge on els infants participen d\u2019una manera activa i creativa.<\/span><\/span><\/p>\n<p style=\"text-align: justify;\"><span style=\"font-size: medium;\"><span lang=\"EN-US\">Es realitza 1:30h a la setmana, els alumnes s&#8217;uneixen en tres petits grups per cicle. La temporitzaci\u00f3 dels tallers ser\u00e0 aproximadament de 3 setmanes a cicle mitj\u00e0 i cicle superior. Al llarg del curs tots els alumnes passen per totes les propostes dels tallers del seu cicle.<\/span><\/span><\/p>\n<p style=\"text-align: justify;\"><span style=\"font-size: medium;\"><span lang=\"EN-US\">\u00a0<\/span><\/span><span style=\"font-size: medium;\"><span lang=\"EN-US\">Els diferents tallers proposats s\u00f3n:<\/span><\/span><\/p>\n<p style=\"text-align: justify;\">Realitzaci\u00f3 de tallers intercicles: de 3r a 6\u00e8 de prim\u00e0ria:<\/p>\n<ul>\n<li style=\"text-align: justify;\">3r i 4t: Tallers de teatre en angl\u00e8s.<\/li>\n<li style=\"text-align: justify;\">5\u00e8 i 6\u00e8: Tallers art\u00edstics i d&#8217;inform\u00e0tica.<\/li>\n<\/ul>\n","protected":false},"excerpt":{"rendered":"<p>Els alumnes de\u00a0 3r, 4t, 5\u00e8 i 6\u00e8 de prim\u00e0ria realitzen part del contingut curricular mitjan\u00e7ant tallers. Aquests estan dotats d\u2019activitats on es treballen les diferents compet\u00e8ncies.<br \/>\nEls tallers representen una manera diferent d\u2019organitzar l\u2019espai i els materials de l\u2019escola afavorint que nens i nenes de&hellip;  <a href=\"https:\/\/agora.xtec.cat\/escsantsabdoisenen\/tallers-primaria\/\" title=\"Read Tallers de prim\u00e0ria\">Llegeix m\u00e9s\u00bb<\/a><\/p>\n","protected":false},"author":18,"featured_media":0,"parent":0,"menu_order":0,"comment_status":"closed","ping_status":"closed","template":"","meta":{"_bbp_topic_count":0,"_bbp_reply_count":0,"_bbp_total_topic_count":0,"_bbp_total_reply_count":0,"_bbp_voice_count":0,"_bbp_anonymous_reply_count":0,"_bbp_topic_count_hidden":0,"_bbp_reply_count_hidden":0,"_bbp_forum_subforum_count":0,"footnotes":""},"class_list":["post-2502","page","type-page","status-publish","hentry"],"post_mailing_queue_ids":[],"_links":{"self":[{"href":"https:\/\/agora.xtec.cat\/escsantsabdoisenen\/wp-json\/wp\/v2\/pages\/2502","targetHints":{"allow":["GET"]}}],"collection":[{"href":"https:\/\/agora.xtec.cat\/escsantsabdoisenen\/wp-json\/wp\/v2\/pages"}],"about":[{"href":"https:\/\/agora.xtec.cat\/escsantsabdoisenen\/wp-json\/wp\/v2\/types\/page"}],"author":[{"embeddable":true,"href":"https:\/\/agora.xtec.cat\/escsantsabdoisenen\/wp-json\/wp\/v2\/users\/18"}],"replies":[{"embeddable":true,"href":"https:\/\/agora.xtec.cat\/escsantsabdoisenen\/wp-json\/wp\/v2\/comments?post=2502"}],"version-history":[{"count":4,"href":"https:\/\/agora.xtec.cat\/escsantsabdoisenen\/wp-json\/wp\/v2\/pages\/2502\/revisions"}],"predecessor-version":[{"id":4291,"href":"https:\/\/agora.xtec.cat\/escsantsabdoisenen\/wp-json\/wp\/v2\/pages\/2502\/revisions\/4291"}],"wp:attachment":[{"href":"https:\/\/agora.xtec.cat\/escsantsabdoisenen\/wp-json\/wp\/v2\/media?parent=2502"}],"curies":[{"name":"wp","href":"https:\/\/api.w.org\/{rel}","templated":true}]}}