{"id":2480,"date":"2019-11-11T21:52:06","date_gmt":"2019-11-11T20:52:06","guid":{"rendered":"http:\/\/agora.xtec.cat\/escsantsabdoisenen\/?page_id=2480"},"modified":"2020-03-17T00:32:09","modified_gmt":"2020-03-16T23:32:09","slug":"treball-per-projectes","status":"publish","type":"page","link":"https:\/\/agora.xtec.cat\/escsantsabdoisenen\/treball-per-projectes\/","title":{"rendered":"Treball per projectes"},"content":{"rendered":"<p style=\"text-align: justify;\">Com cada curs els\/les alumnes d\u2019educaci\u00f3 infantil i prim\u00e0ria realitzaran un projecte amb l\u2019objectiu de relacionar les diferents \u00e0rees curriculars a partir d\u2019un tema, que en molts casos ha estat triat pels mateixos alumnes, i d\u00f3na significat al seu aprenentatge. Aquesta metodologia permet treballar les diferents capacitats b\u00e0siques a l\u2019educaci\u00f3 prim\u00e0ria.<\/p>\n<p style=\"text-align: justify;\">Aix\u00ed com tamb\u00e9, m\u00e9s especificament, tamb\u00e9 es desenvolupen projectes dins l&#8217;\u00e0rea de descoberta de l&#8217;entorn a infantil i coneixement del medi natual i social, a cicle mitj\u00e0. Aquest projectes, venen donats a partir dels est\u00edmuls, motivacions i interessos dels nostres alumnes.<\/p>\n","protected":false},"excerpt":{"rendered":"<p>Com cada curs els\/les alumnes d\u2019educaci\u00f3 infantil i prim\u00e0ria realitzaran un projecte amb l\u2019objectiu de relacionar les diferents \u00e0rees curriculars a partir d\u2019un tema, que en molts casos ha estat triat pels mateixos alumnes, i d\u00f3na significat al seu aprenentatge. Aquesta metodologia permet treballar les&hellip;  <a href=\"https:\/\/agora.xtec.cat\/escsantsabdoisenen\/treball-per-projectes\/\" title=\"Read Treball per projectes\">Llegeix m\u00e9s\u00bb<\/a><\/p>\n","protected":false},"author":18,"featured_media":0,"parent":0,"menu_order":0,"comment_status":"closed","ping_status":"closed","template":"","meta":{"_bbp_topic_count":0,"_bbp_reply_count":0,"_bbp_total_topic_count":0,"_bbp_total_reply_count":0,"_bbp_voice_count":0,"_bbp_anonymous_reply_count":0,"_bbp_topic_count_hidden":0,"_bbp_reply_count_hidden":0,"_bbp_forum_subforum_count":0,"footnotes":""},"class_list":["post-2480","page","type-page","status-publish","hentry"],"post_mailing_queue_ids":[],"_links":{"self":[{"href":"https:\/\/agora.xtec.cat\/escsantsabdoisenen\/wp-json\/wp\/v2\/pages\/2480","targetHints":{"allow":["GET"]}}],"collection":[{"href":"https:\/\/agora.xtec.cat\/escsantsabdoisenen\/wp-json\/wp\/v2\/pages"}],"about":[{"href":"https:\/\/agora.xtec.cat\/escsantsabdoisenen\/wp-json\/wp\/v2\/types\/page"}],"author":[{"embeddable":true,"href":"https:\/\/agora.xtec.cat\/escsantsabdoisenen\/wp-json\/wp\/v2\/users\/18"}],"replies":[{"embeddable":true,"href":"https:\/\/agora.xtec.cat\/escsantsabdoisenen\/wp-json\/wp\/v2\/comments?post=2480"}],"version-history":[{"count":4,"href":"https:\/\/agora.xtec.cat\/escsantsabdoisenen\/wp-json\/wp\/v2\/pages\/2480\/revisions"}],"predecessor-version":[{"id":4288,"href":"https:\/\/agora.xtec.cat\/escsantsabdoisenen\/wp-json\/wp\/v2\/pages\/2480\/revisions\/4288"}],"wp:attachment":[{"href":"https:\/\/agora.xtec.cat\/escsantsabdoisenen\/wp-json\/wp\/v2\/media?parent=2480"}],"curies":[{"name":"wp","href":"https:\/\/api.w.org\/{rel}","templated":true}]}}