{"id":2458,"date":"2019-11-11T21:36:31","date_gmt":"2019-11-11T20:36:31","guid":{"rendered":"http:\/\/agora.xtec.cat\/escsantsabdoisenen\/?page_id=2458"},"modified":"2023-10-19T16:35:08","modified_gmt":"2023-10-19T14:35:08","slug":"sep","status":"publish","type":"page","link":"https:\/\/agora.xtec.cat\/escsantsabdoisenen\/sep\/","title":{"rendered":"SEP"},"content":{"rendered":"<p style=\"text-align: justify;\">\u00c9s un recurs de millora que s\u2019emmarca en el conjunt d\u2019actuacions que el Departament d\u2019Ensenyament impulsa per assolir de l\u2019\u00e8xit escolar de tots els alumne, amb la finalitat de contribuir a donar resposta a les necessitats individuals d\u2019aprenentatge de cada nen@.<\/p>\n<p lang=\"ca-ES\" style=\"text-align: justify;\">L\u2019escola planifica l\u2019organitzaci\u00f3 del SEP com un suport individual o en petit grup dins i fora de l\u2019horari lectiu, per aquells alumnes que ho necessitin. Nom\u00e9s faran SEP aquells alumnes amb m\u00e9s dificultats en les \u00e0rees de llengua i matem\u00e0tiques.<\/p>\n<p lang=\"ca-ES\" style=\"text-align: justify;\">\u00c9s un refor\u00e7 flexible, temporal i preventiu que els mestres organitzem a partir d\u2019uns mecanismes d\u2019identificaci\u00f3 i d\u2019avaluaci\u00f3.<\/p>\n<p lang=\"ca-ES\" style=\"text-align: justify;\">S\u2019informa a les fam\u00edlies i es signa un document conforme hi estan d\u2019acord i en s\u00f3n sabedors.<\/p>\n<p lang=\"ca-ES\" style=\"text-align: justify;\">L\u2019alum@ que es queda a SUPORT no necess\u00e0riament ho far\u00e0 tot el curs, sin\u00f3 que en pot gaudir durant un mes o trimestre segons l\u2019aprenentatge que calgui refor\u00e7ar.<\/p>\n<p lang=\"ca-ES\" style=\"text-align: justify;\">S\u2019avaluar\u00e0 el seu aprofitament i la seva continu\u00eftat en les sessions d\u2019avaluaci\u00f3 trimestrals.<\/p>\n<table width=\"690\">\n<tbody>\n<tr>\n<td width=\"102\">&nbsp;<\/td>\n<td width=\"206\">Dimarts-12:30-13:00h<\/td>\n<td width=\"191\">Dimecres-12:30-13:00h<\/td>\n<td width=\"191\">Dijous-12:30-13:00h<\/td>\n<\/tr>\n<tr>\n<td width=\"102\">1er<\/td>\n<td width=\"206\">Llengua<\/td>\n<td width=\"191\">Matem\u00e0tiques<\/td>\n<td width=\"191\">&nbsp;<\/td>\n<\/tr>\n<tr>\n<td width=\"102\">2on<\/td>\n<td width=\"206\">Llengua<\/td>\n<td width=\"191\">Matem\u00e0tiques<\/td>\n<td width=\"191\">&nbsp;<\/td>\n<\/tr>\n<tr>\n<td width=\"102\">3er<\/td>\n<td width=\"206\">Llengua<\/td>\n<td width=\"191\">Matem\u00e0tiques<\/td>\n<td width=\"191\">&nbsp;<\/td>\n<\/tr>\n<tr>\n<td width=\"102\">4art<\/td>\n<td width=\"206\">Llengua<\/td>\n<td width=\"191\">Matem\u00e0tiques<\/td>\n<td width=\"191\">&nbsp;<\/td>\n<\/tr>\n<tr>\n<td width=\"102\">5\u00e8<\/td>\n<td width=\"206\">Llengua<\/td>\n<td width=\"191\">Matem\u00e0tiques<\/td>\n<td width=\"191\">&nbsp;<\/td>\n<\/tr>\n<tr>\n<td width=\"102\">6\u00e8<\/td>\n<td width=\"206\">Llengua<\/td>\n<td width=\"191\">Matem\u00e0tiques<\/td>\n<td width=\"191\">Angl\u00e8s<\/td>\n<\/tr>\n<\/tbody>\n<\/table>\n","protected":false},"excerpt":{"rendered":"<p>\u00c9s un recurs de millora que s\u2019emmarca en el conjunt d\u2019actuacions que el Departament d\u2019Ensenyament impulsa per assolir de l\u2019\u00e8xit escolar de tots els alumne, amb la finalitat de contribuir a donar resposta a les necessitats individuals d\u2019aprenentatge de cada nen@.<br \/>\nL\u2019escola planifica l\u2019organitzaci\u00f3 del SEP&hellip;  <a href=\"https:\/\/agora.xtec.cat\/escsantsabdoisenen\/sep\/\" title=\"Read SEP\">Llegeix m\u00e9s\u00bb<\/a><\/p>\n","protected":false},"author":18,"featured_media":0,"parent":0,"menu_order":0,"comment_status":"closed","ping_status":"closed","template":"","meta":{"_bbp_topic_count":0,"_bbp_reply_count":0,"_bbp_total_topic_count":0,"_bbp_total_reply_count":0,"_bbp_voice_count":0,"_bbp_anonymous_reply_count":0,"_bbp_topic_count_hidden":0,"_bbp_reply_count_hidden":0,"_bbp_forum_subforum_count":0,"footnotes":""},"class_list":["post-2458","page","type-page","status-publish","hentry"],"post_mailing_queue_ids":[],"_links":{"self":[{"href":"https:\/\/agora.xtec.cat\/escsantsabdoisenen\/wp-json\/wp\/v2\/pages\/2458","targetHints":{"allow":["GET"]}}],"collection":[{"href":"https:\/\/agora.xtec.cat\/escsantsabdoisenen\/wp-json\/wp\/v2\/pages"}],"about":[{"href":"https:\/\/agora.xtec.cat\/escsantsabdoisenen\/wp-json\/wp\/v2\/types\/page"}],"author":[{"embeddable":true,"href":"https:\/\/agora.xtec.cat\/escsantsabdoisenen\/wp-json\/wp\/v2\/users\/18"}],"replies":[{"embeddable":true,"href":"https:\/\/agora.xtec.cat\/escsantsabdoisenen\/wp-json\/wp\/v2\/comments?post=2458"}],"version-history":[{"count":4,"href":"https:\/\/agora.xtec.cat\/escsantsabdoisenen\/wp-json\/wp\/v2\/pages\/2458\/revisions"}],"predecessor-version":[{"id":11330,"href":"https:\/\/agora.xtec.cat\/escsantsabdoisenen\/wp-json\/wp\/v2\/pages\/2458\/revisions\/11330"}],"wp:attachment":[{"href":"https:\/\/agora.xtec.cat\/escsantsabdoisenen\/wp-json\/wp\/v2\/media?parent=2458"}],"curies":[{"name":"wp","href":"https:\/\/api.w.org\/{rel}","templated":true}]}}